{"id":4806,"date":"2023-09-25T10:16:34","date_gmt":"2023-09-25T09:16:34","guid":{"rendered":"https:\/\/hyperiondrones.com\/savjetovanje-o-uas-u\/"},"modified":"2024-04-18T08:29:44","modified_gmt":"2024-04-18T07:29:44","slug":"savjetovanje-o-uas-u","status":"publish","type":"page","link":"https:\/\/hyperiondrones.com\/hr\/savjetovanje-o-uas-u\/","title":{"rendered":"Savjetovanje o UAS-u"},"content":{"rendered":"<div class=\"gb-container gb-container-85ced0db\">\n<div class=\"gb-container gb-container-9d87f8b3 absolute-3\"><\/div>\n\n<div class=\"gb-container gb-container-62ab8109 gb-container-Container-section\">\n<div class=\"gb-container gb-container-07fdf760\">\n<div class=\"gb-grid-wrapper gb-grid-wrapper-118721dd\">\n<div class=\"gb-grid-column gb-grid-column-949cd85b\"><div class=\"gb-container gb-container-949cd85b\">\n<div class=\"gb-container gb-container-ab7e6534 gb-container-Underline-25-width\"><\/div>\n\n\n<h2 class=\"gb-headline gb-headline-feed3653 gb-headline-text\">Va\u0161 put prema UAS uspjehu<\/h2>\n\n\n\n<p class=\"gb-headline gb-headline-37e39130 gb-headline-text\">U eri kada tehnolo\u0161ki napredak redefinira industrije, nemogu\u0107e je zanemariti va\u017enost Bespilotnih zra\u010dnih sustava (UAS) ili dronova. <\/p>\n\n\n\n<p class=\"gb-headline gb-headline-53f53d1a gb-headline-text\">Bilo da se prvi put upu\u0161tate u svijet dronova ili ciljate pro\u0161iriti svoje postoje\u0107e operacije, Hyperion Drones \u0107e vam pru\u017eiti usluge savjetovanja o UAS-u.<\/p>\n\n<\/div><\/div>\n\n<div class=\"gb-grid-column gb-grid-column-2be2fa93\"><div class=\"gb-container gb-container-2be2fa93\">\n\n<figure class=\"gb-block-image gb-block-image-f71fec5a\"><img decoding=\"async\" width=\"800\" height=\"500\" class=\"gb-image gb-image-f71fec5a\" src=\"http:\/\/hyperiondrones.com\/wp-content\/uploads\/2023\/10\/Osijek-Drone-Expo.png\" alt=\"Drone expo in Osijek\" title=\"Drone expo in Osijek\" srcset=\"https:\/\/hyperiondrones.com\/wp-content\/uploads\/2023\/10\/Osijek-Drone-Expo.png 800w, https:\/\/hyperiondrones.com\/wp-content\/uploads\/2023\/10\/Osijek-Drone-Expo-600x375.png 600w, https:\/\/hyperiondrones.com\/wp-content\/uploads\/2023\/10\/Osijek-Drone-Expo-300x188.png 300w, https:\/\/hyperiondrones.com\/wp-content\/uploads\/2023\/10\/Osijek-Drone-Expo-768x480.png 768w\" sizes=\"(max-width: 800px) 100vw, 800px\" \/><\/figure>\n\n<\/div><\/div>\n<\/div>\n<\/div>\n<\/div>\n\n<div class=\"gb-container gb-container-c8b7d5de gb-container-Container-section\">\n<div class=\"gb-container gb-container-62b1111d\">\n<div class=\"gb-container gb-container-a0709fbb\">\n<div class=\"gb-container gb-container-98fa3bfa gb-container-Underline-25-width\"><\/div>\n\n<div class=\"gb-container gb-container-731126f9\">\n\n<h2 class=\"gb-headline gb-headline-0e88402f gb-headline-text\">\u0160to nudimo<\/h2>\n\n<\/div>\n<\/div>\n\n<div class=\"gb-grid-wrapper gb-grid-wrapper-b199d8be\">\n<div class=\"gb-grid-column gb-grid-column-45301287 gb-grid-column-a5b75a89\"><div class=\"gb-container gb-container-45301287 gb-container-a5b75a89\">\n\n<h3 class=\"gb-headline gb-headline-59f83618\"><span class=\"gb-icon\"><svg xmlns=\"http:\/\/www.w3.org\/2000\/svg\" aria-hidden=\"true\" role=\"img\" height=\"1em\" width=\"1em\" viewBox=\"0 0 512 512\"><path fill=\"currentColor\" d=\"M256 8C119.033 8 8 119.033 8 256s111.033 248 248 248 248-111.033 248-248S392.967 8 256 8zm0 48c110.532 0 200 89.451 200 200 0 110.532-89.451 200-200 200-110.532 0-200-89.451-200-200 0-110.532 89.451-200 200-200m140.204 130.267l-22.536-22.718c-4.667-4.705-12.265-4.736-16.97-.068L215.346 303.697l-59.792-60.277c-4.667-4.705-12.265-4.736-16.97-.069l-22.719 22.536c-4.705 4.667-4.736 12.265-.068 16.971l90.781 91.516c4.667 4.705 12.265 4.736 16.97.068l172.589-171.204c4.704-4.668 4.734-12.266.067-16.971z\"><\/path><\/svg><\/span><span class=\"gb-headline-text\">Strate\u0161ko planiranje<\/span><\/h3>\n\n\n<div class=\"gb-container gb-container-9e67ee93 gb-container-Underline-100-width\"><\/div>\n\n\n<p class=\"gb-headline gb-headline-e94ac8c5 gb-headline-text\">Na\u0161i stru\u010dnjaci poma\u017eu vam da jasno definirate viziju integracije UAS-a u va\u0161e poslovanje, osiguravaju\u0107i uskla\u0111enost s va\u0161im ciljevima i zadacima.<\/p>\n\n<\/div><\/div>\n\n<div class=\"gb-grid-column gb-grid-column-1a41e8e3 gb-grid-column-a5b75a89\"><div class=\"gb-container gb-container-1a41e8e3 gb-container-a5b75a89\">\n\n<h3 class=\"gb-headline gb-headline-ec55311d\"><span class=\"gb-icon\"><svg xmlns=\"http:\/\/www.w3.org\/2000\/svg\" aria-hidden=\"true\" role=\"img\" height=\"1em\" width=\"1em\" viewBox=\"0 0 512 512\"><path fill=\"currentColor\" d=\"M256 8C119.033 8 8 119.033 8 256s111.033 248 248 248 248-111.033 248-248S392.967 8 256 8zm0 48c110.532 0 200 89.451 200 200 0 110.532-89.451 200-200 200-110.532 0-200-89.451-200-200 0-110.532 89.451-200 200-200m140.204 130.267l-22.536-22.718c-4.667-4.705-12.265-4.736-16.97-.068L215.346 303.697l-59.792-60.277c-4.667-4.705-12.265-4.736-16.97-.069l-22.719 22.536c-4.705 4.667-4.736 12.265-.068 16.971l90.781 91.516c4.667 4.705 12.265 4.736 16.97.068l172.589-171.204c4.704-4.668 4.734-12.266.067-16.971z\"><\/path><\/svg><\/span><span class=\"gb-headline-text\">Regulativa<\/span><\/h3>\n\n\n<div class=\"gb-container gb-container-c4a45cd7 gb-container-Underline-100-width\"><\/div>\n\n\n<p class=\"gb-headline gb-headline-909e6450 gb-headline-text\">Snala\u017eenje u slo\u017eenoj mre\u017ei UAS propisa mo\u017ee biti izazovna. Osiguravamo da ostanete uskla\u0111eni s va\u017ee\u0107im pravilima, zakonima i standardima.<\/p>\n\n<\/div><\/div>\n\n<div class=\"gb-grid-column gb-grid-column-54aee1e0 gb-grid-column-a5b75a89\"><div class=\"gb-container gb-container-54aee1e0 gb-container-a5b75a89\">\n\n<h3 class=\"gb-headline gb-headline-95971ffa\"><span class=\"gb-icon\"><svg xmlns=\"http:\/\/www.w3.org\/2000\/svg\" aria-hidden=\"true\" role=\"img\" height=\"1em\" width=\"1em\" viewBox=\"0 0 512 512\"><path fill=\"currentColor\" d=\"M256 8C119.033 8 8 119.033 8 256s111.033 248 248 248 248-111.033 248-248S392.967 8 256 8zm0 48c110.532 0 200 89.451 200 200 0 110.532-89.451 200-200 200-110.532 0-200-89.451-200-200 0-110.532 89.451-200 200-200m140.204 130.267l-22.536-22.718c-4.667-4.705-12.265-4.736-16.97-.068L215.346 303.697l-59.792-60.277c-4.667-4.705-12.265-4.736-16.97-.069l-22.719 22.536c-4.705 4.667-4.736 12.265-.068 16.971l90.781 91.516c4.667 4.705 12.265 4.736 16.97.068l172.589-171.204c4.704-4.668 4.734-12.266.067-16.971z\"><\/path><\/svg><\/span><span class=\"gb-headline-text\">Operativa<\/span><\/h3>\n\n\n<div class=\"gb-container gb-container-b299492a gb-container-Underline-100-width\">\n<div class=\"gb-container gb-container-3a4258fd gb-container-Underline-100-width\"><\/div>\n<\/div>\n\n\n<p class=\"gb-headline gb-headline-d7800a1e gb-headline-text\">Od odabira drona do operativnih procesa, poma\u017eemo vam u optimizaciji svakog aspekta va\u0161ih UAS aktivnosti.<\/p>\n\n<\/div><\/div>\n\n<div class=\"gb-grid-column gb-grid-column-84340b50 gb-grid-column-a5b75a89\"><div class=\"gb-container gb-container-84340b50 gb-container-a5b75a89\">\n\n<h3 class=\"gb-headline gb-headline-f2ead6a2\"><span class=\"gb-icon\"><svg xmlns=\"http:\/\/www.w3.org\/2000\/svg\" aria-hidden=\"true\" role=\"img\" height=\"1em\" width=\"1em\" viewBox=\"0 0 512 512\"><path fill=\"currentColor\" d=\"M256 8C119.033 8 8 119.033 8 256s111.033 248 248 248 248-111.033 248-248S392.967 8 256 8zm0 48c110.532 0 200 89.451 200 200 0 110.532-89.451 200-200 200-110.532 0-200-89.451-200-200 0-110.532 89.451-200 200-200m140.204 130.267l-22.536-22.718c-4.667-4.705-12.265-4.736-16.97-.068L215.346 303.697l-59.792-60.277c-4.667-4.705-12.265-4.736-16.97-.069l-22.719 22.536c-4.705 4.667-4.736 12.265-.068 16.971l90.781 91.516c4.667 4.705 12.265 4.736 16.97.068l172.589-171.204c4.704-4.668 4.734-12.266.067-16.971z\"><\/path><\/svg><\/span><span class=\"gb-headline-text\">Procjena rizika<\/span><\/h3>\n\n\n<div class=\"gb-container gb-container-31c7b865 gb-container-Underline-100-width\"><\/div>\n\n\n<p class=\"gb-headline gb-headline-2fab39f5 gb-headline-text\">Sigurnost je od najve\u0107e va\u017enosti. Procjenjujemo potencijalne rizike i pru\u017eamo strategiju za njihovo ubla\u017eavanje.<\/p>\n\n<\/div><\/div>\n\n<div class=\"gb-grid-column gb-grid-column-6225e6c1 gb-grid-column-a5b75a89\"><div class=\"gb-container gb-container-6225e6c1 gb-container-a5b75a89\">\n\n<h3 class=\"gb-headline gb-headline-01de6fa5\"><span class=\"gb-icon\"><svg xmlns=\"http:\/\/www.w3.org\/2000\/svg\" aria-hidden=\"true\" role=\"img\" height=\"1em\" width=\"1em\" viewBox=\"0 0 512 512\"><path fill=\"currentColor\" d=\"M256 8C119.033 8 8 119.033 8 256s111.033 248 248 248 248-111.033 248-248S392.967 8 256 8zm0 48c110.532 0 200 89.451 200 200 0 110.532-89.451 200-200 200-110.532 0-200-89.451-200-200 0-110.532 89.451-200 200-200m140.204 130.267l-22.536-22.718c-4.667-4.705-12.265-4.736-16.97-.068L215.346 303.697l-59.792-60.277c-4.667-4.705-12.265-4.736-16.97-.069l-22.719 22.536c-4.705 4.667-4.736 12.265-.068 16.971l90.781 91.516c4.667 4.705 12.265 4.736 16.97.068l172.589-171.204c4.704-4.668 4.734-12.266.067-16.971z\"><\/path><\/svg><\/span><span class=\"gb-headline-text\">Oprema<\/span><\/h3>\n\n\n<div class=\"gb-container gb-container-4e709e94 gb-container-Underline-100-width\"><\/div>\n\n\n<p class=\"gb-headline gb-headline-110d906d gb-headline-text\">Industrija dronova se brzo razvija. Budite korak ispred s uvidima u najnovija tehnolo\u0161ka dostignu\u0107a i industrijske trendove.<\/p>\n\n<\/div><\/div>\n\n<div class=\"gb-grid-column gb-grid-column-5ae073cd gb-grid-column-a5b75a89\"><div class=\"gb-container gb-container-5ae073cd gb-container-a5b75a89\">\n\n<h3 class=\"gb-headline gb-headline-959a6254\"><span class=\"gb-icon\"><svg xmlns=\"http:\/\/www.w3.org\/2000\/svg\" aria-hidden=\"true\" role=\"img\" height=\"1em\" width=\"1em\" viewBox=\"0 0 512 512\"><path fill=\"currentColor\" d=\"M256 8C119.033 8 8 119.033 8 256s111.033 248 248 248 248-111.033 248-248S392.967 8 256 8zm0 48c110.532 0 200 89.451 200 200 0 110.532-89.451 200-200 200-110.532 0-200-89.451-200-200 0-110.532 89.451-200 200-200m140.204 130.267l-22.536-22.718c-4.667-4.705-12.265-4.736-16.97-.068L215.346 303.697l-59.792-60.277c-4.667-4.705-12.265-4.736-16.97-.069l-22.719 22.536c-4.705 4.667-4.736 12.265-.068 16.971l90.781 91.516c4.667 4.705 12.265 4.736 16.97.068l172.589-171.204c4.704-4.668 4.734-12.266.067-16.971z\"><\/path><\/svg><\/span><span class=\"gb-headline-text\">Obuka i razvoj<\/span><\/h3>\n\n\n<div class=\"gb-container gb-container-18ac34f5 gb-container-Underline-100-width\"><\/div>\n\n\n<p class=\"gb-headline gb-headline-a7694250 gb-headline-text\">Opremite svoj tim znanjem i vje\u0161tinama potrebnim za sigurno i u\u010dinkovito upravljanje dronovima.<\/p>\n\n<\/div><\/div>\n<\/div>\n<\/div>\n<\/div>\n<\/div>\n\n<div class=\"gb-container gb-container-cc437598 gb-container-Container-section\">\n<div class=\"gb-container gb-container-33fee6f9\"><\/div>\n\n<div class=\"gb-container gb-container-65604281\"><\/div>\n\n<div class=\"gb-container gb-container-a2b27c5e\"><\/div>\n<\/div>\n\n<div class=\"gb-container gb-container-0f4c6916 gb-container-Section-Bottom\">\n<div class=\"gb-container gb-container-2c3776bd gb-container-Container-Bottom\">\n\n<p class=\"gb-headline gb-headline-96e70652 gb-headline-text\">Udru\u017eite se s Hyperion Drones i iskoristite na\u0161u stru\u010dnost, kako bi va\u0161e operacije s UAS bile besprijekorne.<\/p>\n\n\n\n<a class=\"gb-button gb-button-235bd7c3 gb-button-text gb-button-Button\" href=\"https:\/\/hyperiondrones.com\/hr\/kontakt\/\">kontaktirajte nas<\/a>\n\n<\/div>\n<\/div>","protected":false},"excerpt":{"rendered":"<p>\u0160to nudimo Udru\u017eite se s Hyperion Drones i iskoristite na\u0161u stru\u010dnost, kako bi va\u0161e operacije s UAS bile besprijekorne.<\/p>\n","protected":false},"author":2,"featured_media":0,"parent":0,"menu_order":0,"comment_status":"closed","ping_status":"closed","template":"","meta":{"_acf_changed":false,"footnotes":""},"class_list":["post-4806","page","type-page","status-publish"],"acf":[],"yoast_head":"<!-- This site is optimized with the Yoast SEO plugin v27.3 - https:\/\/yoast.com\/product\/yoast-seo-wordpress\/ -->\n<title>Savjetovanje o UAS-u - Hyperion Drones<\/title>\n<meta name=\"description\" content=\"U eri kada tehnolo\u0161ki napredak redefinira industrije, nemogu\u0107e je zanemariti va\u017enost Bespilotnih zra\u010dnih sustava.\" \/>\n<meta name=\"robots\" content=\"index, follow, max-snippet:-1, max-image-preview:large, max-video-preview:-1\" \/>\n<link rel=\"canonical\" href=\"https:\/\/hyperiondrones.com\/hr\/savjetovanje-o-uas-u\/\" \/>\n<meta property=\"og:locale\" content=\"hr_HR\" \/>\n<meta property=\"og:type\" content=\"article\" \/>\n<meta property=\"og:title\" content=\"Savjetovanje o UAS-u - Hyperion Drones\" \/>\n<meta property=\"og:description\" content=\"U eri kada tehnolo\u0161ki napredak redefinira industrije, nemogu\u0107e je zanemariti va\u017enost Bespilotnih zra\u010dnih sustava.\" \/>\n<meta property=\"og:url\" content=\"https:\/\/hyperiondrones.com\/hr\/savjetovanje-o-uas-u\/\" \/>\n<meta property=\"og:site_name\" content=\"Hyperion Drones\" \/>\n<meta property=\"article:modified_time\" content=\"2024-04-18T07:29:44+00:00\" \/>\n<meta property=\"og:image\" content=\"http:\/\/hyperiondrones.com\/wp-content\/uploads\/2023\/10\/Osijek-Drone-Expo.png\" \/>\n<meta name=\"twitter:card\" content=\"summary_large_image\" \/>\n<meta name=\"twitter:label1\" content=\"Procijenjeno vrijeme \u010ditanja\" \/>\n\t<meta name=\"twitter:data1\" content=\"1 minuta\" \/>\n<script type=\"application\/ld+json\" class=\"yoast-schema-graph\">{\"@context\":\"https:\\\/\\\/schema.org\",\"@graph\":[{\"@type\":\"WebPage\",\"@id\":\"https:\\\/\\\/hyperiondrones.com\\\/hr\\\/savjetovanje-o-uas-u\\\/\",\"url\":\"https:\\\/\\\/hyperiondrones.com\\\/hr\\\/savjetovanje-o-uas-u\\\/\",\"name\":\"Savjetovanje o UAS-u - Hyperion Drones\",\"isPartOf\":{\"@id\":\"https:\\\/\\\/hyperiondrones.com\\\/hr\\\/#website\"},\"primaryImageOfPage\":{\"@id\":\"https:\\\/\\\/hyperiondrones.com\\\/hr\\\/savjetovanje-o-uas-u\\\/#primaryimage\"},\"image\":{\"@id\":\"https:\\\/\\\/hyperiondrones.com\\\/hr\\\/savjetovanje-o-uas-u\\\/#primaryimage\"},\"thumbnailUrl\":\"http:\\\/\\\/hyperiondrones.com\\\/wp-content\\\/uploads\\\/2023\\\/10\\\/Osijek-Drone-Expo.png\",\"datePublished\":\"2023-09-25T09:16:34+00:00\",\"dateModified\":\"2024-04-18T07:29:44+00:00\",\"description\":\"U eri kada tehnolo\u0161ki napredak redefinira industrije, nemogu\u0107e je zanemariti va\u017enost Bespilotnih zra\u010dnih sustava.\",\"breadcrumb\":{\"@id\":\"https:\\\/\\\/hyperiondrones.com\\\/hr\\\/savjetovanje-o-uas-u\\\/#breadcrumb\"},\"inLanguage\":\"hr\",\"potentialAction\":[{\"@type\":\"ReadAction\",\"target\":[\"https:\\\/\\\/hyperiondrones.com\\\/hr\\\/savjetovanje-o-uas-u\\\/\"]}]},{\"@type\":\"ImageObject\",\"inLanguage\":\"hr\",\"@id\":\"https:\\\/\\\/hyperiondrones.com\\\/hr\\\/savjetovanje-o-uas-u\\\/#primaryimage\",\"url\":\"http:\\\/\\\/hyperiondrones.com\\\/wp-content\\\/uploads\\\/2023\\\/10\\\/Osijek-Drone-Expo.png\",\"contentUrl\":\"http:\\\/\\\/hyperiondrones.com\\\/wp-content\\\/uploads\\\/2023\\\/10\\\/Osijek-Drone-Expo.png\"},{\"@type\":\"BreadcrumbList\",\"@id\":\"https:\\\/\\\/hyperiondrones.com\\\/hr\\\/savjetovanje-o-uas-u\\\/#breadcrumb\",\"itemListElement\":[{\"@type\":\"ListItem\",\"position\":1,\"name\":\"Naslovna\",\"item\":\"https:\\\/\\\/hyperiondrones.com\\\/hr\\\/\"},{\"@type\":\"ListItem\",\"position\":2,\"name\":\"Savjetovanje o UAS-u\"}]},{\"@type\":\"WebSite\",\"@id\":\"https:\\\/\\\/hyperiondrones.com\\\/hr\\\/#website\",\"url\":\"https:\\\/\\\/hyperiondrones.com\\\/hr\\\/\",\"name\":\"Hyperion Drones\",\"description\":\"Knowledge From Above\",\"publisher\":{\"@id\":\"https:\\\/\\\/hyperiondrones.com\\\/hr\\\/#organization\"},\"potentialAction\":[{\"@type\":\"SearchAction\",\"target\":{\"@type\":\"EntryPoint\",\"urlTemplate\":\"https:\\\/\\\/hyperiondrones.com\\\/hr\\\/?s={search_term_string}\"},\"query-input\":{\"@type\":\"PropertyValueSpecification\",\"valueRequired\":true,\"valueName\":\"search_term_string\"}}],\"inLanguage\":\"hr\"},{\"@type\":\"Organization\",\"@id\":\"https:\\\/\\\/hyperiondrones.com\\\/hr\\\/#organization\",\"name\":\"Hyperion Drones\",\"url\":\"https:\\\/\\\/hyperiondrones.com\\\/hr\\\/\",\"logo\":{\"@type\":\"ImageObject\",\"inLanguage\":\"hr\",\"@id\":\"https:\\\/\\\/hyperiondrones.com\\\/hr\\\/#\\\/schema\\\/logo\\\/image\\\/\",\"url\":\"https:\\\/\\\/hyperiondrones.com\\\/wp-content\\\/uploads\\\/2023\\\/10\\\/Prva-verzija-crni-novi.svg\",\"contentUrl\":\"https:\\\/\\\/hyperiondrones.com\\\/wp-content\\\/uploads\\\/2023\\\/10\\\/Prva-verzija-crni-novi.svg\",\"width\":400,\"height\":125,\"caption\":\"Hyperion Drones\"},\"image\":{\"@id\":\"https:\\\/\\\/hyperiondrones.com\\\/hr\\\/#\\\/schema\\\/logo\\\/image\\\/\"}}]}<\/script>\n<!-- \/ Yoast SEO plugin. -->","yoast_head_json":{"title":"Savjetovanje o UAS-u - Hyperion Drones","description":"U eri kada tehnolo\u0161ki napredak redefinira industrije, nemogu\u0107e je zanemariti va\u017enost Bespilotnih zra\u010dnih sustava.","robots":{"index":"index","follow":"follow","max-snippet":"max-snippet:-1","max-image-preview":"max-image-preview:large","max-video-preview":"max-video-preview:-1"},"canonical":"https:\/\/hyperiondrones.com\/hr\/savjetovanje-o-uas-u\/","og_locale":"hr_HR","og_type":"article","og_title":"Savjetovanje o UAS-u - Hyperion Drones","og_description":"U eri kada tehnolo\u0161ki napredak redefinira industrije, nemogu\u0107e je zanemariti va\u017enost Bespilotnih zra\u010dnih sustava.","og_url":"https:\/\/hyperiondrones.com\/hr\/savjetovanje-o-uas-u\/","og_site_name":"Hyperion Drones","article_modified_time":"2024-04-18T07:29:44+00:00","og_image":[{"url":"http:\/\/hyperiondrones.com\/wp-content\/uploads\/2023\/10\/Osijek-Drone-Expo.png","type":"","width":"","height":""}],"twitter_card":"summary_large_image","twitter_misc":{"Procijenjeno vrijeme \u010ditanja":"1 minuta"},"schema":{"@context":"https:\/\/schema.org","@graph":[{"@type":"WebPage","@id":"https:\/\/hyperiondrones.com\/hr\/savjetovanje-o-uas-u\/","url":"https:\/\/hyperiondrones.com\/hr\/savjetovanje-o-uas-u\/","name":"Savjetovanje o UAS-u - Hyperion Drones","isPartOf":{"@id":"https:\/\/hyperiondrones.com\/hr\/#website"},"primaryImageOfPage":{"@id":"https:\/\/hyperiondrones.com\/hr\/savjetovanje-o-uas-u\/#primaryimage"},"image":{"@id":"https:\/\/hyperiondrones.com\/hr\/savjetovanje-o-uas-u\/#primaryimage"},"thumbnailUrl":"http:\/\/hyperiondrones.com\/wp-content\/uploads\/2023\/10\/Osijek-Drone-Expo.png","datePublished":"2023-09-25T09:16:34+00:00","dateModified":"2024-04-18T07:29:44+00:00","description":"U eri kada tehnolo\u0161ki napredak redefinira industrije, nemogu\u0107e je zanemariti va\u017enost Bespilotnih zra\u010dnih sustava.","breadcrumb":{"@id":"https:\/\/hyperiondrones.com\/hr\/savjetovanje-o-uas-u\/#breadcrumb"},"inLanguage":"hr","potentialAction":[{"@type":"ReadAction","target":["https:\/\/hyperiondrones.com\/hr\/savjetovanje-o-uas-u\/"]}]},{"@type":"ImageObject","inLanguage":"hr","@id":"https:\/\/hyperiondrones.com\/hr\/savjetovanje-o-uas-u\/#primaryimage","url":"http:\/\/hyperiondrones.com\/wp-content\/uploads\/2023\/10\/Osijek-Drone-Expo.png","contentUrl":"http:\/\/hyperiondrones.com\/wp-content\/uploads\/2023\/10\/Osijek-Drone-Expo.png"},{"@type":"BreadcrumbList","@id":"https:\/\/hyperiondrones.com\/hr\/savjetovanje-o-uas-u\/#breadcrumb","itemListElement":[{"@type":"ListItem","position":1,"name":"Naslovna","item":"https:\/\/hyperiondrones.com\/hr\/"},{"@type":"ListItem","position":2,"name":"Savjetovanje o UAS-u"}]},{"@type":"WebSite","@id":"https:\/\/hyperiondrones.com\/hr\/#website","url":"https:\/\/hyperiondrones.com\/hr\/","name":"Hyperion Drones","description":"Knowledge From Above","publisher":{"@id":"https:\/\/hyperiondrones.com\/hr\/#organization"},"potentialAction":[{"@type":"SearchAction","target":{"@type":"EntryPoint","urlTemplate":"https:\/\/hyperiondrones.com\/hr\/?s={search_term_string}"},"query-input":{"@type":"PropertyValueSpecification","valueRequired":true,"valueName":"search_term_string"}}],"inLanguage":"hr"},{"@type":"Organization","@id":"https:\/\/hyperiondrones.com\/hr\/#organization","name":"Hyperion Drones","url":"https:\/\/hyperiondrones.com\/hr\/","logo":{"@type":"ImageObject","inLanguage":"hr","@id":"https:\/\/hyperiondrones.com\/hr\/#\/schema\/logo\/image\/","url":"https:\/\/hyperiondrones.com\/wp-content\/uploads\/2023\/10\/Prva-verzija-crni-novi.svg","contentUrl":"https:\/\/hyperiondrones.com\/wp-content\/uploads\/2023\/10\/Prva-verzija-crni-novi.svg","width":400,"height":125,"caption":"Hyperion Drones"},"image":{"@id":"https:\/\/hyperiondrones.com\/hr\/#\/schema\/logo\/image\/"}}]}},"_links":{"self":[{"href":"https:\/\/hyperiondrones.com\/hr\/wp-json\/wp\/v2\/pages\/4806","targetHints":{"allow":["GET"]}}],"collection":[{"href":"https:\/\/hyperiondrones.com\/hr\/wp-json\/wp\/v2\/pages"}],"about":[{"href":"https:\/\/hyperiondrones.com\/hr\/wp-json\/wp\/v2\/types\/page"}],"author":[{"embeddable":true,"href":"https:\/\/hyperiondrones.com\/hr\/wp-json\/wp\/v2\/users\/2"}],"replies":[{"embeddable":true,"href":"https:\/\/hyperiondrones.com\/hr\/wp-json\/wp\/v2\/comments?post=4806"}],"version-history":[{"count":0,"href":"https:\/\/hyperiondrones.com\/hr\/wp-json\/wp\/v2\/pages\/4806\/revisions"}],"wp:attachment":[{"href":"https:\/\/hyperiondrones.com\/hr\/wp-json\/wp\/v2\/media?parent=4806"}],"curies":[{"name":"wp","href":"https:\/\/api.w.org\/{rel}","templated":true}]}}