{"id":4812,"date":"2023-09-25T10:16:50","date_gmt":"2023-09-25T09:16:50","guid":{"rendered":"https:\/\/hyperiondrones.com\/uskladenost-s-propisima\/"},"modified":"2024-04-18T08:30:35","modified_gmt":"2024-04-18T07:30:35","slug":"uskladenost-s-propisima","status":"publish","type":"page","link":"https:\/\/hyperiondrones.com\/hr\/uskladenost-s-propisima\/","title":{"rendered":"Uskla\u0111enost s propisima"},"content":{"rendered":"<div class=\"gb-container gb-container-d466ec47\">\n<div class=\"gb-container gb-container-9d87f8b3 absolute-3\"><\/div>\n\n<div class=\"gb-container gb-container-62ab8109 gb-container-Container-section\">\n<div class=\"gb-container gb-container-07fdf760\">\n<div class=\"gb-grid-wrapper gb-grid-wrapper-2469585b\">\n<div class=\"gb-grid-column gb-grid-column-9013927d\"><div class=\"gb-container gb-container-9013927d\">\n<div class=\"gb-container gb-container-ab7e6534 gb-container-Underline-25-width\"><\/div>\n\n\n<h2 class=\"gb-headline gb-headline-feed3653 gb-headline-text\">Na\u0161a expertiza s propisima<\/h2>\n\n\n\n<p class=\"gb-headline gb-headline-4e1d297b gb-headline-text\">Za kvalitetno kori\u0161tenje bespilotnih zra\u010dnih sustava (UAS) nije dovoljno samo koristiti naprednu tehnologiju. Treba dr\u017eati korak i snalaziti se u slo\u017eenim propisima, smjernicama i najboljim praksama. U Hyperion Drones, prepoznajemo va\u017enost osiguranja potpune uskla\u0111enosti s propisima u podru\u010dju UAS-a kako bi se jam\u010dio siguran, u\u010dinkovit i zakonit rad s dronovima.<\/p>\n\n\n\n<p class=\"gb-headline gb-headline-adf51290 gb-headline-text\">Cilj na\u0161e usluge uskla\u0111enosti s propisima je pomo\u0107i fizi\u010dkim i pravnim subjektima koji nemaju detaljno znanje o slo\u017eenosti UAS operacija i propisa.<\/p>\n\n<\/div><\/div>\n\n<div class=\"gb-grid-column gb-grid-column-eb0130a8\"><div class=\"gb-container gb-container-eb0130a8\">\n\n<figure class=\"gb-block-image gb-block-image-54f38fbf\"><img decoding=\"async\" width=\"800\" height=\"500\" class=\"gb-image gb-image-54f38fbf\" src=\"https:\/\/hyperiondrones.com\/wp-content\/uploads\/2023\/10\/Experts-in-regulatory-compliance.png\" alt=\"\" title=\"Experts-in-regulatory-compliance\" srcset=\"https:\/\/hyperiondrones.com\/wp-content\/uploads\/2023\/10\/Experts-in-regulatory-compliance.png 800w, https:\/\/hyperiondrones.com\/wp-content\/uploads\/2023\/10\/Experts-in-regulatory-compliance-600x375.png 600w, https:\/\/hyperiondrones.com\/wp-content\/uploads\/2023\/10\/Experts-in-regulatory-compliance-300x188.png 300w, https:\/\/hyperiondrones.com\/wp-content\/uploads\/2023\/10\/Experts-in-regulatory-compliance-768x480.png 768w\" sizes=\"(max-width: 800px) 100vw, 800px\" \/><\/figure>\n\n<\/div><\/div>\n<\/div>\n<\/div>\n<\/div>\n\n<div class=\"gb-container gb-container-1d33ecd0 gb-container-Container-section\">\n<div class=\"gb-container gb-container-97a1a271\">\n<div class=\"gb-container gb-container-3525ffdc gb-container-Underline-25-width\"><\/div>\n\n\n<h2 class=\"gb-headline gb-headline-996a1431 gb-headline-text\">Klju\u010dne zna\u010dajke na\u0161e usluge UAS uskla\u0111enosti:<\/h2>\n\n\n<div class=\"gb-grid-wrapper gb-grid-wrapper-f3c0c60f\">\n<div class=\"gb-grid-column gb-grid-column-5f983f4d\"><div class=\"gb-container gb-container-5f983f4d\">\n<div class=\"gb-container gb-container-64c11a8c gb-accordion\">\n<div class=\"gb-container gb-container-baf22ac6 gb-container-Accordion-item gb-accordion__item\" data-transition=\"slide\">\n\n<button class=\"gb-button gb-button-5b87425a gb-accordion__toggle\"><span class=\"gb-button-text\">Pra\u0107enje propisa<\/span><span class=\"gb-icon\"><svg xmlns=\"http:\/\/www.w3.org\/2000\/svg\" viewBox=\"0 0 448 512\" width=\"1em\" height=\"1em\" ariahidden=\"true\" role=\"img\" class=\"gb-accordion__icon\"><path d=\"M207.029 381.476L12.686 187.132c-9.373-9.373-9.373-24.569 0-33.941l22.667-22.667c9.357-9.357 24.522-9.375 33.901-.04L224 284.505l154.745-154.021c9.379-9.335 24.544-9.317 33.901.04l22.667 22.667c9.373 9.373 9.373 24.569 0 33.941L240.971 381.476c-9.373 9.372-24.569 9.372-33.942 0z\" fill=\"currentColor\"><\/path><\/svg><svg xmlns=\"http:\/\/www.w3.org\/2000\/svg\" viewBox=\"0 0 448 512\" width=\"1em\" height=\"1em\" ariahidden=\"true\" role=\"img\" class=\"gb-accordion__icon-open\"><path d=\"M240.971 130.524l194.343 194.343c9.373 9.373 9.373 24.569 0 33.941l-22.667 22.667c-9.357 9.357-24.522 9.375-33.901.04L224 227.495 69.255 381.516c-9.379 9.335-24.544 9.317-33.901-.04l-22.667-22.667c-9.373-9.373-9.373-24.569 0-33.941L207.03 130.525c9.372-9.373 24.568-9.373 33.941-.001z\" fill=\"currentColor\"><\/path><\/svg><\/span><\/button>\n\n\n<div class=\"gb-accordion__content\"><div class=\"gb-container gb-container-70379f78 gb-container-Accordion-content\">\n\n<p class=\"gb-headline gb-headline-af965a42 gb-headline-text\">Svijet UAS propisa neprestano se mijenja. Pru\u017eamo vam pravovremeno pra\u0107enje lokalnih, nacionalnih i me\u0111unarodnih propisa, osiguravaju\u0107i da uvijek budete korak ispred.<\/p>\n\n<\/div><\/div>\n<\/div>\n\n<div class=\"gb-container gb-container-2a712807 gb-accordion__item\" data-transition=\"slide\">\n\n<button class=\"gb-button gb-button-fe844e35 gb-accordion__toggle\"><span class=\"gb-button-text\">Analiza nedostataka<\/span><span class=\"gb-icon\"><svg xmlns=\"http:\/\/www.w3.org\/2000\/svg\" viewBox=\"0 0 448 512\" width=\"1em\" height=\"1em\" ariahidden=\"true\" role=\"img\" class=\"gb-accordion__icon\"><path d=\"M207.029 381.476L12.686 187.132c-9.373-9.373-9.373-24.569 0-33.941l22.667-22.667c9.357-9.357 24.522-9.375 33.901-.04L224 284.505l154.745-154.021c9.379-9.335 24.544-9.317 33.901.04l22.667 22.667c9.373 9.373 9.373 24.569 0 33.941L240.971 381.476c-9.373 9.372-24.569 9.372-33.942 0z\" fill=\"currentColor\"><\/path><\/svg><svg xmlns=\"http:\/\/www.w3.org\/2000\/svg\" viewBox=\"0 0 448 512\" width=\"1em\" height=\"1em\" ariahidden=\"true\" role=\"img\" class=\"gb-accordion__icon-open\"><path d=\"M240.971 130.524l194.343 194.343c9.373 9.373 9.373 24.569 0 33.941l-22.667 22.667c-9.357 9.357-24.522 9.375-33.901.04L224 227.495 69.255 381.516c-9.379 9.335-24.544 9.317-33.901-.04l-22.667-22.667c-9.373-9.373-9.373-24.569 0-33.941L207.03 130.525c9.372-9.373 24.568-9.373 33.941-.001z\" fill=\"currentColor\"><\/path><\/svg><\/span><\/button>\n\n\n<div class=\"gb-accordion__content\"><div class=\"gb-container gb-container-6af9c4c7 gb-container-Accordion-content\">\n\n<p class=\"gb-headline gb-headline-f42b2868 gb-headline-text\">Na\u0161 tim provodi dubinsko ispitivanje va\u0161ih trenutnih UAS operacija kako bismo identificirali podru\u010dja na kojima postoji neuskla\u0111enost s propisima ili najboljim praksama.<\/p>\n\n<\/div><\/div>\n<\/div>\n\n<div class=\"gb-container gb-container-69e4a300 gb-container-Accordion-item gb-accordion__item\" data-transition=\"slide\">\n\n<button class=\"gb-button gb-button-de1fe42d gb-accordion__toggle\"><span class=\"gb-button-text\">Mjere za djelovanje<\/span><span class=\"gb-icon\"><svg xmlns=\"http:\/\/www.w3.org\/2000\/svg\" viewBox=\"0 0 448 512\" width=\"1em\" height=\"1em\" ariahidden=\"true\" role=\"img\" class=\"gb-accordion__icon\"><path d=\"M207.029 381.476L12.686 187.132c-9.373-9.373-9.373-24.569 0-33.941l22.667-22.667c9.357-9.357 24.522-9.375 33.901-.04L224 284.505l154.745-154.021c9.379-9.335 24.544-9.317 33.901.04l22.667 22.667c9.373 9.373 9.373 24.569 0 33.941L240.971 381.476c-9.373 9.372-24.569 9.372-33.942 0z\" fill=\"currentColor\"><\/path><\/svg><svg xmlns=\"http:\/\/www.w3.org\/2000\/svg\" viewBox=\"0 0 448 512\" width=\"1em\" height=\"1em\" ariahidden=\"true\" role=\"img\" class=\"gb-accordion__icon-open\"><path d=\"M240.971 130.524l194.343 194.343c9.373 9.373 9.373 24.569 0 33.941l-22.667 22.667c-9.357 9.357-24.522 9.375-33.901.04L224 227.495 69.255 381.516c-9.379 9.335-24.544 9.317-33.901-.04l-22.667-22.667c-9.373-9.373-9.373-24.569 0-33.941L207.03 130.525c9.372-9.373 24.568-9.373 33.941-.001z\" fill=\"currentColor\"><\/path><\/svg><\/span><\/button>\n\n\n<div class=\"gb-accordion__content\"><div class=\"gb-container gb-container-5b50fafc gb-container-Accordion-content\">\n\n<p class=\"gb-headline gb-headline-ac348bac gb-headline-text\">Uz identificiranje neuskla\u0111enosti, pru\u017eamo rje\u0161enja, osiguravaju\u0107i da su va\u0161e operacije uvijek u skladu s industrijskim standardima.<\/p>\n\n<\/div><\/div>\n<\/div>\n\n<div class=\"gb-container gb-container-70287487 gb-container-Accordion-item gb-accordion__item\" data-transition=\"slide\">\n\n<button class=\"gb-button gb-button-1b3bc402 gb-accordion__toggle\"><span class=\"gb-button-text\">Pra\u0107enje propisa<\/span><span class=\"gb-icon\"><svg xmlns=\"http:\/\/www.w3.org\/2000\/svg\" viewBox=\"0 0 448 512\" width=\"1em\" height=\"1em\" ariahidden=\"true\" role=\"img\" class=\"gb-accordion__icon\"><path d=\"M207.029 381.476L12.686 187.132c-9.373-9.373-9.373-24.569 0-33.941l22.667-22.667c9.357-9.357 24.522-9.375 33.901-.04L224 284.505l154.745-154.021c9.379-9.335 24.544-9.317 33.901.04l22.667 22.667c9.373 9.373 9.373 24.569 0 33.941L240.971 381.476c-9.373 9.372-24.569 9.372-33.942 0z\" fill=\"currentColor\"><\/path><\/svg><svg xmlns=\"http:\/\/www.w3.org\/2000\/svg\" viewBox=\"0 0 448 512\" width=\"1em\" height=\"1em\" ariahidden=\"true\" role=\"img\" class=\"gb-accordion__icon-open\"><path d=\"M240.971 130.524l194.343 194.343c9.373 9.373 9.373 24.569 0 33.941l-22.667 22.667c-9.357 9.357-24.522 9.375-33.901.04L224 227.495 69.255 381.516c-9.379 9.335-24.544 9.317-33.901-.04l-22.667-22.667c-9.373-9.373-9.373-24.569 0-33.941L207.03 130.525c9.372-9.373 24.568-9.373 33.941-.001z\" fill=\"currentColor\"><\/path><\/svg><\/span><\/button>\n\n\n<div class=\"gb-accordion__content\"><div class=\"gb-container gb-container-adfe6c6b gb-container-Accordion-content\">\n\n<p class=\"gb-headline gb-headline-8bb941e7 gb-headline-text\">Pru\u017eamo pripremu i stvaramo svu potrebnu dokumentaciju vezanu za UAS, osiguravaju\u0107i uskla\u0111enost s va\u017ee\u0107om regulativom.<\/p>\n\n<\/div><\/div>\n<\/div>\n\n<div class=\"gb-container gb-container-e77585c7 gb-container-Accordion-item gb-accordion__item\" data-transition=\"slide\">\n\n<button class=\"gb-button gb-button-01b3c140 gb-accordion__toggle\"><span class=\"gb-button-text\">Sigurnosne provjere<\/span><span class=\"gb-icon\"><svg xmlns=\"http:\/\/www.w3.org\/2000\/svg\" viewBox=\"0 0 448 512\" width=\"1em\" height=\"1em\" ariahidden=\"true\" role=\"img\" class=\"gb-accordion__icon\"><path d=\"M207.029 381.476L12.686 187.132c-9.373-9.373-9.373-24.569 0-33.941l22.667-22.667c9.357-9.357 24.522-9.375 33.901-.04L224 284.505l154.745-154.021c9.379-9.335 24.544-9.317 33.901.04l22.667 22.667c9.373 9.373 9.373 24.569 0 33.941L240.971 381.476c-9.373 9.372-24.569 9.372-33.942 0z\" fill=\"currentColor\"><\/path><\/svg><svg xmlns=\"http:\/\/www.w3.org\/2000\/svg\" viewBox=\"0 0 448 512\" width=\"1em\" height=\"1em\" ariahidden=\"true\" role=\"img\" class=\"gb-accordion__icon-open\"><path d=\"M240.971 130.524l194.343 194.343c9.373 9.373 9.373 24.569 0 33.941l-22.667 22.667c-9.357 9.357-24.522 9.375-33.901.04L224 227.495 69.255 381.516c-9.379 9.335-24.544 9.317-33.901-.04l-22.667-22.667c-9.373-9.373-9.373-24.569 0-33.941L207.03 130.525c9.372-9.373 24.568-9.373 33.941-.001z\" fill=\"currentColor\"><\/path><\/svg><\/span><\/button>\n\n\n<div class=\"gb-accordion__content\"><div class=\"gb-container gb-container-19b107b7 gb-container-Accordion-content\">\n\n<p class=\"gb-headline gb-headline-56204ae9 gb-headline-text\">Na\u0161i stru\u010dnjaci provode sigurnosne provjere izvo\u0111enja va\u0161ih UAS operacija kako bi iste bile uskla\u0111ene s va\u017ee\u0107im propisma te tako osigurale visoki standard sigurnosti.<\/p>\n\n<\/div><\/div>\n<\/div>\n\n<div class=\"gb-container gb-container-eb9cae5a gb-container-Accordion-item gb-accordion__item\" data-transition=\"slide\">\n\n<button class=\"gb-button gb-button-3e64aea9 gb-accordion__toggle\"><span class=\"gb-button-text\">Prilago\u0111ene radionice<\/span><span class=\"gb-icon\"><svg xmlns=\"http:\/\/www.w3.org\/2000\/svg\" viewBox=\"0 0 448 512\" width=\"1em\" height=\"1em\" ariahidden=\"true\" role=\"img\" class=\"gb-accordion__icon\"><path d=\"M207.029 381.476L12.686 187.132c-9.373-9.373-9.373-24.569 0-33.941l22.667-22.667c9.357-9.357 24.522-9.375 33.901-.04L224 284.505l154.745-154.021c9.379-9.335 24.544-9.317 33.901.04l22.667 22.667c9.373 9.373 9.373 24.569 0 33.941L240.971 381.476c-9.373 9.372-24.569 9.372-33.942 0z\" fill=\"currentColor\"><\/path><\/svg><svg xmlns=\"http:\/\/www.w3.org\/2000\/svg\" viewBox=\"0 0 448 512\" width=\"1em\" height=\"1em\" ariahidden=\"true\" role=\"img\" class=\"gb-accordion__icon-open\"><path d=\"M240.971 130.524l194.343 194.343c9.373 9.373 9.373 24.569 0 33.941l-22.667 22.667c-9.357 9.357-24.522 9.375-33.901.04L224 227.495 69.255 381.516c-9.379 9.335-24.544 9.317-33.901-.04l-22.667-22.667c-9.373-9.373-9.373-24.569 0-33.941L207.03 130.525c9.372-9.373 24.568-9.373 33.941-.001z\" fill=\"currentColor\"><\/path><\/svg><\/span><\/button>\n\n\n<div class=\"gb-accordion__content\"><div class=\"gb-container gb-container-21e0b985 gb-container-Accordion-content\">\n\n<p class=\"gb-headline gb-headline-d06e1e1f gb-headline-text\">Nudimo prilago\u0111ene radionice za sve subjekte koji \u017eele podignuti efikasnost svojih UAS operacija.<\/p>\n\n<\/div><\/div>\n<\/div>\n\n<div class=\"gb-container gb-container-6f6212b4 gb-container-Accordion-item gb-accordion__item\" data-transition=\"slide\">\n\n<button class=\"gb-button gb-button-abef2aef gb-accordion__toggle\"><span class=\"gb-button-text\">Jednokratna usluga<\/span><span class=\"gb-icon\"><svg xmlns=\"http:\/\/www.w3.org\/2000\/svg\" viewBox=\"0 0 448 512\" width=\"1em\" height=\"1em\" ariahidden=\"true\" role=\"img\" class=\"gb-accordion__icon\"><path d=\"M207.029 381.476L12.686 187.132c-9.373-9.373-9.373-24.569 0-33.941l22.667-22.667c9.357-9.357 24.522-9.375 33.901-.04L224 284.505l154.745-154.021c9.379-9.335 24.544-9.317 33.901.04l22.667 22.667c9.373 9.373 9.373 24.569 0 33.941L240.971 381.476c-9.373 9.372-24.569 9.372-33.942 0z\" fill=\"currentColor\"><\/path><\/svg><svg xmlns=\"http:\/\/www.w3.org\/2000\/svg\" viewBox=\"0 0 448 512\" width=\"1em\" height=\"1em\" ariahidden=\"true\" role=\"img\" class=\"gb-accordion__icon-open\"><path d=\"M240.971 130.524l194.343 194.343c9.373 9.373 9.373 24.569 0 33.941l-22.667 22.667c-9.357 9.357-24.522 9.375-33.901.04L224 227.495 69.255 381.516c-9.379 9.335-24.544 9.317-33.901-.04l-22.667-22.667c-9.373-9.373-9.373-24.569 0-33.941L207.03 130.525c9.372-9.373 24.568-9.373 33.941-.001z\" fill=\"currentColor\"><\/path><\/svg><\/span><\/button>\n\n\n<div class=\"gb-accordion__content\"><div class=\"gb-container gb-container-f346b6db gb-container-Accordion-content\">\n\n<p class=\"gb-headline gb-headline-532ab9ad gb-headline-text\">Na\u0161a usluga uskla\u0111enosti s propisima mo\u017ee se koristiti kao savjet i\/ili jednokratna usluga, bez trajne obveze.<\/p>\n\n<\/div><\/div>\n<\/div>\n<\/div>\n<\/div><\/div>\n\n<div class=\"gb-grid-column gb-grid-column-998e2ee9\"><div class=\"gb-container gb-container-998e2ee9\">\n\n<figure class=\"gb-block-image gb-block-image-5ed6b359\"><img decoding=\"async\" width=\"800\" height=\"500\" class=\"gb-image gb-image-5ed6b359\" src=\"https:\/\/hyperiondrones.com\/wp-content\/uploads\/2023\/10\/Holding-the-drone-controller.png\" alt=\"\" title=\"Holding-the-drone-controller\" srcset=\"https:\/\/hyperiondrones.com\/wp-content\/uploads\/2023\/10\/Holding-the-drone-controller.png 800w, https:\/\/hyperiondrones.com\/wp-content\/uploads\/2023\/10\/Holding-the-drone-controller-600x375.png 600w, https:\/\/hyperiondrones.com\/wp-content\/uploads\/2023\/10\/Holding-the-drone-controller-300x188.png 300w, https:\/\/hyperiondrones.com\/wp-content\/uploads\/2023\/10\/Holding-the-drone-controller-768x480.png 768w\" sizes=\"(max-width: 800px) 100vw, 800px\" \/><\/figure>\n\n<\/div><\/div>\n<\/div>\n<\/div>\n<\/div>\n<\/div>\n\n<div class=\"gb-container gb-container-cc437598 gb-container-Container-section\">\n<div class=\"gb-container gb-container-65604281\"><\/div>\n\n<div class=\"gb-container gb-container-42000f2e\"><\/div>\n\n<div class=\"gb-container gb-container-33fee6f9\"><\/div>\n<\/div>\n\n<div class=\"gb-container gb-container-0f4c6916 gb-container-Section-Bottom\">\n<div class=\"gb-container gb-container-51fe6136 alignwide gb-container-Container-Bottom\">\n\n<p class=\"gb-headline gb-headline-96e70652 gb-headline-text\">Uz Hyperion Drones, budite sigurni da \u0107e va\u0161e operacije uvijek zadovoljavati najvi\u0161e standarde sigurnosti, zakonitosti i u\u010dinkovitosti.<\/p>\n\n\n\n<a class=\"gb-button gb-button-235bd7c3 gb-button-text gb-button-Button\" href=\"https:\/\/hyperiondrones.com\/hr\/kontakt\/\">kontaktirajte nas<\/a>\n\n<\/div>\n<\/div>","protected":false},"excerpt":{"rendered":"<p>Klju\u010dne zna\u010dajke na\u0161e usluge UAS uskla\u0111enosti: Uz Hyperion Drones, budite sigurni da \u0107e va\u0161e operacije uvijek zadovoljavati najvi\u0161e standarde sigurnosti, zakonitosti i u\u010dinkovitosti.<\/p>\n","protected":false},"author":2,"featured_media":0,"parent":0,"menu_order":0,"comment_status":"closed","ping_status":"closed","template":"","meta":{"_acf_changed":false,"footnotes":""},"class_list":["post-4812","page","type-page","status-publish"],"acf":[],"yoast_head":"<!-- This site is optimized with the Yoast SEO plugin v27.4 - https:\/\/yoast.com\/product\/yoast-seo-wordpress\/ -->\n<title>Uskla\u0111enost s propisima - Hyperion Drones<\/title>\n<meta name=\"description\" content=\"Cilj na\u0161e usluge uskla\u0111enosti s propisima je pomo\u0107i fizi\u010dkim i pravnim subjektima koji nemaju detaljno znanje o UAS propisima.\" \/>\n<meta name=\"robots\" content=\"index, follow, max-snippet:-1, max-image-preview:large, max-video-preview:-1\" \/>\n<link rel=\"canonical\" href=\"https:\/\/hyperiondrones.com\/hr\/uskladenost-s-propisima\/\" \/>\n<meta property=\"og:locale\" content=\"hr_HR\" \/>\n<meta property=\"og:type\" content=\"article\" \/>\n<meta property=\"og:title\" content=\"Uskla\u0111enost s propisima - Hyperion Drones\" \/>\n<meta property=\"og:description\" content=\"Cilj na\u0161e usluge uskla\u0111enosti s propisima je pomo\u0107i fizi\u010dkim i pravnim subjektima koji nemaju detaljno znanje o UAS propisima.\" \/>\n<meta property=\"og:url\" content=\"https:\/\/hyperiondrones.com\/hr\/uskladenost-s-propisima\/\" \/>\n<meta property=\"og:site_name\" content=\"Hyperion Drones\" \/>\n<meta property=\"article:modified_time\" content=\"2024-04-18T07:30:35+00:00\" \/>\n<meta property=\"og:image\" content=\"https:\/\/hyperiondrones.com\/wp-content\/uploads\/2023\/10\/Experts-in-regulatory-compliance.png\" \/>\n<meta name=\"twitter:card\" content=\"summary_large_image\" \/>\n<meta name=\"twitter:label1\" content=\"Procijenjeno vrijeme \u010ditanja\" \/>\n\t<meta name=\"twitter:data1\" content=\"2 minute\" \/>\n<script type=\"application\/ld+json\" class=\"yoast-schema-graph\">{\"@context\":\"https:\\\/\\\/schema.org\",\"@graph\":[{\"@type\":\"WebPage\",\"@id\":\"https:\\\/\\\/hyperiondrones.com\\\/hr\\\/uskladenost-s-propisima\\\/\",\"url\":\"https:\\\/\\\/hyperiondrones.com\\\/hr\\\/uskladenost-s-propisima\\\/\",\"name\":\"Uskla\u0111enost s propisima - Hyperion Drones\",\"isPartOf\":{\"@id\":\"https:\\\/\\\/hyperiondrones.com\\\/hr\\\/#website\"},\"primaryImageOfPage\":{\"@id\":\"https:\\\/\\\/hyperiondrones.com\\\/hr\\\/uskladenost-s-propisima\\\/#primaryimage\"},\"image\":{\"@id\":\"https:\\\/\\\/hyperiondrones.com\\\/hr\\\/uskladenost-s-propisima\\\/#primaryimage\"},\"thumbnailUrl\":\"https:\\\/\\\/hyperiondrones.com\\\/wp-content\\\/uploads\\\/2023\\\/10\\\/Experts-in-regulatory-compliance.png\",\"datePublished\":\"2023-09-25T09:16:50+00:00\",\"dateModified\":\"2024-04-18T07:30:35+00:00\",\"description\":\"Cilj na\u0161e usluge uskla\u0111enosti s propisima je pomo\u0107i fizi\u010dkim i pravnim subjektima koji nemaju detaljno znanje o UAS propisima.\",\"breadcrumb\":{\"@id\":\"https:\\\/\\\/hyperiondrones.com\\\/hr\\\/uskladenost-s-propisima\\\/#breadcrumb\"},\"inLanguage\":\"hr\",\"potentialAction\":[{\"@type\":\"ReadAction\",\"target\":[\"https:\\\/\\\/hyperiondrones.com\\\/hr\\\/uskladenost-s-propisima\\\/\"]}]},{\"@type\":\"ImageObject\",\"inLanguage\":\"hr\",\"@id\":\"https:\\\/\\\/hyperiondrones.com\\\/hr\\\/uskladenost-s-propisima\\\/#primaryimage\",\"url\":\"https:\\\/\\\/hyperiondrones.com\\\/wp-content\\\/uploads\\\/2023\\\/10\\\/Experts-in-regulatory-compliance.png\",\"contentUrl\":\"https:\\\/\\\/hyperiondrones.com\\\/wp-content\\\/uploads\\\/2023\\\/10\\\/Experts-in-regulatory-compliance.png\"},{\"@type\":\"BreadcrumbList\",\"@id\":\"https:\\\/\\\/hyperiondrones.com\\\/hr\\\/uskladenost-s-propisima\\\/#breadcrumb\",\"itemListElement\":[{\"@type\":\"ListItem\",\"position\":1,\"name\":\"Naslovna\",\"item\":\"https:\\\/\\\/hyperiondrones.com\\\/hr\\\/\"},{\"@type\":\"ListItem\",\"position\":2,\"name\":\"Uskla\u0111enost s propisima\"}]},{\"@type\":\"WebSite\",\"@id\":\"https:\\\/\\\/hyperiondrones.com\\\/hr\\\/#website\",\"url\":\"https:\\\/\\\/hyperiondrones.com\\\/hr\\\/\",\"name\":\"Hyperion Drones\",\"description\":\"Knowledge From Above\",\"publisher\":{\"@id\":\"https:\\\/\\\/hyperiondrones.com\\\/hr\\\/#organization\"},\"potentialAction\":[{\"@type\":\"SearchAction\",\"target\":{\"@type\":\"EntryPoint\",\"urlTemplate\":\"https:\\\/\\\/hyperiondrones.com\\\/hr\\\/?s={search_term_string}\"},\"query-input\":{\"@type\":\"PropertyValueSpecification\",\"valueRequired\":true,\"valueName\":\"search_term_string\"}}],\"inLanguage\":\"hr\"},{\"@type\":\"Organization\",\"@id\":\"https:\\\/\\\/hyperiondrones.com\\\/hr\\\/#organization\",\"name\":\"Hyperion Drones\",\"url\":\"https:\\\/\\\/hyperiondrones.com\\\/hr\\\/\",\"logo\":{\"@type\":\"ImageObject\",\"inLanguage\":\"hr\",\"@id\":\"https:\\\/\\\/hyperiondrones.com\\\/hr\\\/#\\\/schema\\\/logo\\\/image\\\/\",\"url\":\"https:\\\/\\\/hyperiondrones.com\\\/wp-content\\\/uploads\\\/2023\\\/10\\\/Prva-verzija-crni-novi.svg\",\"contentUrl\":\"https:\\\/\\\/hyperiondrones.com\\\/wp-content\\\/uploads\\\/2023\\\/10\\\/Prva-verzija-crni-novi.svg\",\"width\":400,\"height\":125,\"caption\":\"Hyperion Drones\"},\"image\":{\"@id\":\"https:\\\/\\\/hyperiondrones.com\\\/hr\\\/#\\\/schema\\\/logo\\\/image\\\/\"}}]}<\/script>\n<!-- \/ Yoast SEO plugin. -->","yoast_head_json":{"title":"Uskla\u0111enost s propisima - Hyperion Drones","description":"Cilj na\u0161e usluge uskla\u0111enosti s propisima je pomo\u0107i fizi\u010dkim i pravnim subjektima koji nemaju detaljno znanje o UAS propisima.","robots":{"index":"index","follow":"follow","max-snippet":"max-snippet:-1","max-image-preview":"max-image-preview:large","max-video-preview":"max-video-preview:-1"},"canonical":"https:\/\/hyperiondrones.com\/hr\/uskladenost-s-propisima\/","og_locale":"hr_HR","og_type":"article","og_title":"Uskla\u0111enost s propisima - Hyperion Drones","og_description":"Cilj na\u0161e usluge uskla\u0111enosti s propisima je pomo\u0107i fizi\u010dkim i pravnim subjektima koji nemaju detaljno znanje o UAS propisima.","og_url":"https:\/\/hyperiondrones.com\/hr\/uskladenost-s-propisima\/","og_site_name":"Hyperion Drones","article_modified_time":"2024-04-18T07:30:35+00:00","og_image":[{"url":"https:\/\/hyperiondrones.com\/wp-content\/uploads\/2023\/10\/Experts-in-regulatory-compliance.png","type":"","width":"","height":""}],"twitter_card":"summary_large_image","twitter_misc":{"Procijenjeno vrijeme \u010ditanja":"2 minute"},"schema":{"@context":"https:\/\/schema.org","@graph":[{"@type":"WebPage","@id":"https:\/\/hyperiondrones.com\/hr\/uskladenost-s-propisima\/","url":"https:\/\/hyperiondrones.com\/hr\/uskladenost-s-propisima\/","name":"Uskla\u0111enost s propisima - Hyperion Drones","isPartOf":{"@id":"https:\/\/hyperiondrones.com\/hr\/#website"},"primaryImageOfPage":{"@id":"https:\/\/hyperiondrones.com\/hr\/uskladenost-s-propisima\/#primaryimage"},"image":{"@id":"https:\/\/hyperiondrones.com\/hr\/uskladenost-s-propisima\/#primaryimage"},"thumbnailUrl":"https:\/\/hyperiondrones.com\/wp-content\/uploads\/2023\/10\/Experts-in-regulatory-compliance.png","datePublished":"2023-09-25T09:16:50+00:00","dateModified":"2024-04-18T07:30:35+00:00","description":"Cilj na\u0161e usluge uskla\u0111enosti s propisima je pomo\u0107i fizi\u010dkim i pravnim subjektima koji nemaju detaljno znanje o UAS propisima.","breadcrumb":{"@id":"https:\/\/hyperiondrones.com\/hr\/uskladenost-s-propisima\/#breadcrumb"},"inLanguage":"hr","potentialAction":[{"@type":"ReadAction","target":["https:\/\/hyperiondrones.com\/hr\/uskladenost-s-propisima\/"]}]},{"@type":"ImageObject","inLanguage":"hr","@id":"https:\/\/hyperiondrones.com\/hr\/uskladenost-s-propisima\/#primaryimage","url":"https:\/\/hyperiondrones.com\/wp-content\/uploads\/2023\/10\/Experts-in-regulatory-compliance.png","contentUrl":"https:\/\/hyperiondrones.com\/wp-content\/uploads\/2023\/10\/Experts-in-regulatory-compliance.png"},{"@type":"BreadcrumbList","@id":"https:\/\/hyperiondrones.com\/hr\/uskladenost-s-propisima\/#breadcrumb","itemListElement":[{"@type":"ListItem","position":1,"name":"Naslovna","item":"https:\/\/hyperiondrones.com\/hr\/"},{"@type":"ListItem","position":2,"name":"Uskla\u0111enost s propisima"}]},{"@type":"WebSite","@id":"https:\/\/hyperiondrones.com\/hr\/#website","url":"https:\/\/hyperiondrones.com\/hr\/","name":"Hyperion Drones","description":"Knowledge From Above","publisher":{"@id":"https:\/\/hyperiondrones.com\/hr\/#organization"},"potentialAction":[{"@type":"SearchAction","target":{"@type":"EntryPoint","urlTemplate":"https:\/\/hyperiondrones.com\/hr\/?s={search_term_string}"},"query-input":{"@type":"PropertyValueSpecification","valueRequired":true,"valueName":"search_term_string"}}],"inLanguage":"hr"},{"@type":"Organization","@id":"https:\/\/hyperiondrones.com\/hr\/#organization","name":"Hyperion Drones","url":"https:\/\/hyperiondrones.com\/hr\/","logo":{"@type":"ImageObject","inLanguage":"hr","@id":"https:\/\/hyperiondrones.com\/hr\/#\/schema\/logo\/image\/","url":"https:\/\/hyperiondrones.com\/wp-content\/uploads\/2023\/10\/Prva-verzija-crni-novi.svg","contentUrl":"https:\/\/hyperiondrones.com\/wp-content\/uploads\/2023\/10\/Prva-verzija-crni-novi.svg","width":400,"height":125,"caption":"Hyperion Drones"},"image":{"@id":"https:\/\/hyperiondrones.com\/hr\/#\/schema\/logo\/image\/"}}]}},"_links":{"self":[{"href":"https:\/\/hyperiondrones.com\/hr\/wp-json\/wp\/v2\/pages\/4812","targetHints":{"allow":["GET"]}}],"collection":[{"href":"https:\/\/hyperiondrones.com\/hr\/wp-json\/wp\/v2\/pages"}],"about":[{"href":"https:\/\/hyperiondrones.com\/hr\/wp-json\/wp\/v2\/types\/page"}],"author":[{"embeddable":true,"href":"https:\/\/hyperiondrones.com\/hr\/wp-json\/wp\/v2\/users\/2"}],"replies":[{"embeddable":true,"href":"https:\/\/hyperiondrones.com\/hr\/wp-json\/wp\/v2\/comments?post=4812"}],"version-history":[{"count":0,"href":"https:\/\/hyperiondrones.com\/hr\/wp-json\/wp\/v2\/pages\/4812\/revisions"}],"wp:attachment":[{"href":"https:\/\/hyperiondrones.com\/hr\/wp-json\/wp\/v2\/media?parent=4812"}],"curies":[{"name":"wp","href":"https:\/\/api.w.org\/{rel}","templated":true}]}}