{"id":4814,"date":"2023-09-25T10:17:01","date_gmt":"2023-09-25T09:17:01","guid":{"rendered":"https:\/\/hyperiondrones.com\/sora-procjena\/"},"modified":"2024-04-18T08:31:35","modified_gmt":"2024-04-18T07:31:35","slug":"sora-procjena","status":"publish","type":"page","link":"https:\/\/hyperiondrones.com\/hr\/sora-procjena\/","title":{"rendered":"SORA Procjena"},"content":{"rendered":"<div class=\"gb-container gb-container-8c54c774\">\n<div class=\"gb-container gb-container-9d87f8b3 absolute-3\"><\/div>\n\n<div class=\"gb-container gb-container-62ab8109 gb-container-Container-section\">\n<div class=\"gb-container gb-container-07fdf760\">\n<div class=\"gb-grid-wrapper gb-grid-wrapper-118721dd\">\n<div class=\"gb-grid-column gb-grid-column-949cd85b\"><div class=\"gb-container gb-container-949cd85b\">\n<div class=\"gb-container gb-container-ab7e6534 gb-container-Underline-25-width\"><\/div>\n\n\n<h2 class=\"gb-headline gb-headline-feed3653 gb-headline-text\">Za\u0161to je SORA bitna?<\/h2>\n\n\n\n<p class=\"gb-headline gb-headline-74551c6d gb-headline-text\">Sa sve ve\u0107im brojem dronova na europskom nebu, osiguravanje sigurnosti i regulatorne uskla\u0111enosti nikada nije bilo va\u017enije. Hyperion Drones preuzima vodstvo u pru\u017eanju usluga specifi\u010dne procjene operativnog rizika (SORA) prilago\u0111enih EU propisima, kako za pravne tako i za fizi\u010dke subjekte.<\/p>\n\n\n\n<p class=\"gb-headline gb-headline-0822e987 gb-headline-text\">Europska agencija za sigurnost zra\u010dnog prometa (EASA), propisala je SORA-u kao obaveznu metodologiju procjene rizika s ciljem sigurnog rada dronova unutar Europske unije. Bilo da ste iskusni operator ili po\u010detnik u svijetu dronova, razumijevanje i pridr\u017eavanje SORA-e mo\u017ee biti kompleksno. Uz Hyperion Drones, ovaj proces postaje jednostavniji.<\/p>\n\n<\/div><\/div>\n\n<div class=\"gb-grid-column gb-grid-column-2be2fa93\"><div class=\"gb-container gb-container-2be2fa93\">\n\n<figure class=\"gb-block-image gb-block-image-ec2d6e52\"><img decoding=\"async\" width=\"800\" height=\"500\" class=\"gb-image gb-image-ec2d6e52\" src=\"https:\/\/hyperiondrones.com\/wp-content\/uploads\/2023\/10\/SORA-Assessment.png\" alt=\"\" title=\"SORA Procjena\" srcset=\"https:\/\/hyperiondrones.com\/wp-content\/uploads\/2023\/10\/SORA-Assessment.png 800w, https:\/\/hyperiondrones.com\/wp-content\/uploads\/2023\/10\/SORA-Assessment-600x375.png 600w, https:\/\/hyperiondrones.com\/wp-content\/uploads\/2023\/10\/SORA-Assessment-300x188.png 300w, https:\/\/hyperiondrones.com\/wp-content\/uploads\/2023\/10\/SORA-Assessment-768x480.png 768w\" sizes=\"(max-width: 800px) 100vw, 800px\" \/><\/figure>\n\n<\/div><\/div>\n<\/div>\n<\/div>\n<\/div>\n\n<div class=\"gb-container gb-container-029f2b02 gb-container-Container-section\">\n<div class=\"gb-container gb-container-ac6755ab\">\n<div class=\"gb-container gb-container-135223e9 gb-container-Underline-25-width\"><\/div>\n\n\n<h2 class=\"gb-headline gb-headline-bd9d904d gb-headline-text\">Na\u0161e SORA usluge<\/h2>\n\n\n<div class=\"gb-grid-wrapper gb-grid-wrapper-40ade07d\">\n<div class=\"gb-grid-column gb-grid-column-c1b7137e gb-grid-column-a5b75a89\"><div class=\"gb-container gb-container-c1b7137e gb-container-a5b75a89\">\n<div class=\"gb-container gb-container-711b5271\">\n\n<figure class=\"gb-block-image gb-block-image-96468115\"><img decoding=\"async\" width=\"128\" height=\"128\" class=\"gb-image gb-image-96468115\" src=\"http:\/\/hyperiondrones.com\/wp-content\/uploads\/2023\/10\/Assesment.png\" alt=\"Assessment\" title=\"Assessment\" srcset=\"https:\/\/hyperiondrones.com\/wp-content\/uploads\/2023\/10\/Assesment.png 128w, https:\/\/hyperiondrones.com\/wp-content\/uploads\/2023\/10\/Assesment-100x100.png 100w\" sizes=\"(max-width: 128px) 100vw, 128px\" \/><\/figure>\n\n\n\n<h3 class=\"gb-headline gb-headline-4145c454 gb-headline-text\">Potpuna procjena<\/h3>\n\n<\/div>\n\n\n<p>Provodimo sveobuhvatnu analizu va\u0161ih operacija s dronovima kako bismo identificirali i kategorizirali rizike povezane s va\u0161om specifi\u010dnom operacijom.<\/p>\n\n<\/div><\/div>\n\n<div class=\"gb-grid-column gb-grid-column-984fa77c gb-grid-column-a5b75a89\"><div class=\"gb-container gb-container-984fa77c gb-container-a5b75a89\">\n<div class=\"gb-container gb-container-cccadd00\">\n\n<figure class=\"gb-block-image gb-block-image-1feebbcc\"><img decoding=\"async\" width=\"128\" height=\"128\" class=\"gb-image gb-image-1feebbcc\" src=\"http:\/\/hyperiondrones.com\/wp-content\/uploads\/2023\/10\/Documentation.png\" alt=\"Documentation\" title=\"Documentation\" srcset=\"https:\/\/hyperiondrones.com\/wp-content\/uploads\/2023\/10\/Documentation.png 128w, https:\/\/hyperiondrones.com\/wp-content\/uploads\/2023\/10\/Documentation-100x100.png 100w\" sizes=\"(max-width: 128px) 100vw, 128px\" \/><\/figure>\n\n\n\n<h3 class=\"gb-headline gb-headline-eb2ca6f2 gb-headline-text\">SORA dokumentacija<\/h3>\n\n<\/div>\n\n\n<p>Od po\u010detne procjene do kona\u010dne dokumentacije, osiguravamo da su sve SORA faze pa\u017eljivo i detaljno pripremljene u skladu s propisima i zahtjevima.<\/p>\n\n<\/div><\/div>\n\n<div class=\"gb-grid-column gb-grid-column-57a43d13 gb-grid-column-a5b75a89\"><div class=\"gb-container gb-container-57a43d13 gb-container-a5b75a89\">\n<div class=\"gb-container gb-container-eff4a79a\">\n\n<figure class=\"gb-block-image gb-block-image-b0c1e5ac\"><img decoding=\"async\" width=\"128\" height=\"128\" class=\"gb-image gb-image-b0c1e5ac\" src=\"http:\/\/hyperiondrones.com\/wp-content\/uploads\/2023\/10\/Recommendation.png\" alt=\"Recommendation\" title=\"Recommendation\" srcset=\"https:\/\/hyperiondrones.com\/wp-content\/uploads\/2023\/10\/Recommendation.png 128w, https:\/\/hyperiondrones.com\/wp-content\/uploads\/2023\/10\/Recommendation-100x100.png 100w\" sizes=\"(max-width: 128px) 100vw, 128px\" \/><\/figure>\n\n\n\n<h3 class=\"gb-headline gb-headline-e8d6b8bf gb-headline-text\">Preporuka <br>I ispravak<\/h3>\n\n<\/div>\n\n\n<p>Na\u0161 tim vam predla\u017ee pobolj\u0161anja u postoje\u0107im SORA dokumentima. Identificiramo potrebne izmjene i vodimo vas prema ispunjenju regulatornih standarda.<\/p>\n\n<\/div><\/div>\n\n<div class=\"gb-grid-column gb-grid-column-798f7f11 gb-grid-column-a5b75a89\"><div class=\"gb-container gb-container-798f7f11 gb-container-a5b75a89\">\n<div class=\"gb-container gb-container-ac336a47\">\n\n<figure class=\"gb-block-image gb-block-image-2b3d3db3\"><img decoding=\"async\" width=\"128\" height=\"128\" class=\"gb-image gb-image-2b3d3db3\" src=\"http:\/\/hyperiondrones.com\/wp-content\/uploads\/2023\/10\/Workshop.png\" alt=\"Workshop\" title=\"Workshop\" srcset=\"https:\/\/hyperiondrones.com\/wp-content\/uploads\/2023\/10\/Workshop.png 128w, https:\/\/hyperiondrones.com\/wp-content\/uploads\/2023\/10\/Workshop-100x100.png 100w\" sizes=\"(max-width: 128px) 100vw, 128px\" \/><\/figure>\n\n\n\n<h3 class=\"gb-headline gb-headline-dea65c2b gb-headline-text\">Prilago\u0111ene radionice<\/h3>\n\n<\/div>\n\n\n<p> Za subjekte koji \u017eele detaljniji uvid u SORA-u, na\u0161i stru\u010dnjaci organiziraju radionice koje razja\u0161njavaju svaku komponentu SORA metodologije.<\/p>\n\n<\/div><\/div>\n\n<div class=\"gb-grid-column gb-grid-column-6ec537d2 gb-grid-column-a5b75a89\"><div class=\"gb-container gb-container-6ec537d2 gb-container-a5b75a89\">\n<div class=\"gb-container gb-container-24bd3853\">\n\n<figure class=\"gb-block-image gb-block-image-59769291\"><img decoding=\"async\" width=\"128\" height=\"128\" class=\"gb-image gb-image-59769291\" src=\"http:\/\/hyperiondrones.com\/wp-content\/uploads\/2023\/10\/Support.png\" alt=\"Support\" title=\"Support\" srcset=\"https:\/\/hyperiondrones.com\/wp-content\/uploads\/2023\/10\/Support.png 128w, https:\/\/hyperiondrones.com\/wp-content\/uploads\/2023\/10\/Support-100x100.png 100w\" sizes=\"(max-width: 128px) 100vw, 128px\" \/><\/figure>\n\n\n\n<h3 class=\"gb-headline gb-headline-5ee4d4ec gb-headline-text\">Stalna podr\u0161ka<\/h3>\n\n<\/div>\n\n\n<p>Kontinuirano pratimo promjene u SORA metodologiji osiguravaju\u0107i da budete ukorak s najnovijim trendovima procjene.<\/p>\n\n<\/div><\/div>\n\n<div class=\"gb-grid-column gb-grid-column-15a80e9c gb-grid-column-a5b75a89\"><div class=\"gb-container gb-container-15a80e9c gb-container-a5b75a89\">\n<div class=\"gb-container gb-container-64211f60\">\n\n<figure class=\"gb-block-image gb-block-image-ca790f08\"><img decoding=\"async\" width=\"128\" height=\"128\" class=\"gb-image gb-image-ca790f08\" src=\"http:\/\/hyperiondrones.com\/wp-content\/uploads\/2023\/10\/Commitment.png\" alt=\"Commitment\" title=\"Commitment\" srcset=\"https:\/\/hyperiondrones.com\/wp-content\/uploads\/2023\/10\/Commitment.png 128w, https:\/\/hyperiondrones.com\/wp-content\/uploads\/2023\/10\/Commitment-100x100.png 100w\" sizes=\"(max-width: 128px) 100vw, 128px\" \/><\/figure>\n\n\n\n<h3 class=\"gb-headline gb-headline-7982f33c gb-headline-text\">Jednokratna ili Stalna podr\u0161ka<\/h3>\n\n<\/div>\n\n\n<p>Bez obzira treba li vam jednokratni savjet ili kontinuirano pra\u0107enje SORA zahtjeva, tu smo za vas.<\/p>\n\n<\/div><\/div>\n<\/div>\n<\/div>\n<\/div>\n<\/div>\n\n<div class=\"gb-container gb-container-cc437598 gb-container-Container-section\">\n<div class=\"gb-container gb-container-65604281\"><\/div>\n\n<div class=\"gb-container gb-container-33fee6f9\"><\/div>\n\n<div class=\"gb-container gb-container-42000f2e\"><\/div>\n<\/div>\n\n<div class=\"gb-container gb-container-0f4c6916 gb-container-Section-Bottom\">\n<div class=\"gb-container gb-container-51fe6136 alignwide gb-container-Container-Bottom\">\n\n<p class=\"gb-headline gb-headline-96e70652 gb-headline-text\">U slo\u017eenom okru\u017eenju operacija s dronovima unutar EU, SORA je temelj sigurnosti.<\/p>\n\n\n\n<p class=\"gb-headline gb-headline-c35d5e3a gb-headline-text\">Hyperion Drones omogu\u0107it \u0107e vam izvo\u0111enje operacija uskla\u0111enim sa SORA-om i najvi\u0161im razinama sigurnosti.<\/p>\n\n\n\n<a class=\"gb-button gb-button-235bd7c3 gb-button-text gb-button-Button\" href=\"https:\/\/hyperiondrones.com\/hr\/kontakt\/\">kontaktirajte nas<\/a>\n\n<\/div>\n<\/div>","protected":false},"excerpt":{"rendered":"<p>Na\u0161e SORA usluge U slo\u017eenom okru\u017eenju operacija s dronovima unutar EU, SORA je temelj sigurnosti. Hyperion Drones omogu\u0107it \u0107e vam izvo\u0111enje operacija uskla\u0111enim sa SORA-om i najvi\u0161im razinama sigurnosti.<\/p>\n","protected":false},"author":2,"featured_media":0,"parent":0,"menu_order":0,"comment_status":"closed","ping_status":"closed","template":"","meta":{"_acf_changed":false,"footnotes":""},"class_list":["post-4814","page","type-page","status-publish"],"acf":[],"yoast_head":"<!-- This site is optimized with the Yoast SEO plugin v27.4 - https:\/\/yoast.com\/product\/yoast-seo-wordpress\/ -->\n<title>SORA Procjena - Hyperion Drones<\/title>\n<meta name=\"description\" content=\"Sa sve ve\u0107im brojem dronova na europskom nebu, osiguravanje sigurnosti i regulatorne uskla\u0111enosti nikada nije bilo va\u017enije.\" \/>\n<meta name=\"robots\" content=\"index, follow, max-snippet:-1, max-image-preview:large, max-video-preview:-1\" \/>\n<link rel=\"canonical\" href=\"https:\/\/hyperiondrones.com\/hr\/sora-procjena\/\" \/>\n<meta property=\"og:locale\" content=\"hr_HR\" \/>\n<meta property=\"og:type\" content=\"article\" \/>\n<meta property=\"og:title\" content=\"SORA Procjena - Hyperion Drones\" \/>\n<meta property=\"og:description\" content=\"Sa sve ve\u0107im brojem dronova na europskom nebu, osiguravanje sigurnosti i regulatorne uskla\u0111enosti nikada nije bilo va\u017enije.\" \/>\n<meta property=\"og:url\" content=\"https:\/\/hyperiondrones.com\/hr\/sora-procjena\/\" \/>\n<meta property=\"og:site_name\" content=\"Hyperion Drones\" \/>\n<meta property=\"article:modified_time\" content=\"2024-04-18T07:31:35+00:00\" \/>\n<meta property=\"og:image\" content=\"https:\/\/hyperiondrones.com\/wp-content\/uploads\/2023\/10\/SORA-Assessment.png\" \/>\n<meta name=\"twitter:card\" content=\"summary_large_image\" \/>\n<meta name=\"twitter:label1\" content=\"Procijenjeno vrijeme \u010ditanja\" \/>\n\t<meta name=\"twitter:data1\" content=\"3 minute\" \/>\n<script type=\"application\/ld+json\" class=\"yoast-schema-graph\">{\"@context\":\"https:\\\/\\\/schema.org\",\"@graph\":[{\"@type\":\"WebPage\",\"@id\":\"https:\\\/\\\/hyperiondrones.com\\\/hr\\\/sora-procjena\\\/\",\"url\":\"https:\\\/\\\/hyperiondrones.com\\\/hr\\\/sora-procjena\\\/\",\"name\":\"SORA Procjena - Hyperion Drones\",\"isPartOf\":{\"@id\":\"https:\\\/\\\/hyperiondrones.com\\\/hr\\\/#website\"},\"primaryImageOfPage\":{\"@id\":\"https:\\\/\\\/hyperiondrones.com\\\/hr\\\/sora-procjena\\\/#primaryimage\"},\"image\":{\"@id\":\"https:\\\/\\\/hyperiondrones.com\\\/hr\\\/sora-procjena\\\/#primaryimage\"},\"thumbnailUrl\":\"https:\\\/\\\/hyperiondrones.com\\\/wp-content\\\/uploads\\\/2023\\\/10\\\/SORA-Assessment.png\",\"datePublished\":\"2023-09-25T09:17:01+00:00\",\"dateModified\":\"2024-04-18T07:31:35+00:00\",\"description\":\"Sa sve ve\u0107im brojem dronova na europskom nebu, osiguravanje sigurnosti i regulatorne uskla\u0111enosti nikada nije bilo va\u017enije.\",\"breadcrumb\":{\"@id\":\"https:\\\/\\\/hyperiondrones.com\\\/hr\\\/sora-procjena\\\/#breadcrumb\"},\"inLanguage\":\"hr\",\"potentialAction\":[{\"@type\":\"ReadAction\",\"target\":[\"https:\\\/\\\/hyperiondrones.com\\\/hr\\\/sora-procjena\\\/\"]}]},{\"@type\":\"ImageObject\",\"inLanguage\":\"hr\",\"@id\":\"https:\\\/\\\/hyperiondrones.com\\\/hr\\\/sora-procjena\\\/#primaryimage\",\"url\":\"https:\\\/\\\/hyperiondrones.com\\\/wp-content\\\/uploads\\\/2023\\\/10\\\/SORA-Assessment.png\",\"contentUrl\":\"https:\\\/\\\/hyperiondrones.com\\\/wp-content\\\/uploads\\\/2023\\\/10\\\/SORA-Assessment.png\"},{\"@type\":\"BreadcrumbList\",\"@id\":\"https:\\\/\\\/hyperiondrones.com\\\/hr\\\/sora-procjena\\\/#breadcrumb\",\"itemListElement\":[{\"@type\":\"ListItem\",\"position\":1,\"name\":\"Naslovna\",\"item\":\"https:\\\/\\\/hyperiondrones.com\\\/hr\\\/\"},{\"@type\":\"ListItem\",\"position\":2,\"name\":\"SORA Procjena\"}]},{\"@type\":\"WebSite\",\"@id\":\"https:\\\/\\\/hyperiondrones.com\\\/hr\\\/#website\",\"url\":\"https:\\\/\\\/hyperiondrones.com\\\/hr\\\/\",\"name\":\"Hyperion Drones\",\"description\":\"Knowledge From Above\",\"publisher\":{\"@id\":\"https:\\\/\\\/hyperiondrones.com\\\/hr\\\/#organization\"},\"potentialAction\":[{\"@type\":\"SearchAction\",\"target\":{\"@type\":\"EntryPoint\",\"urlTemplate\":\"https:\\\/\\\/hyperiondrones.com\\\/hr\\\/?s={search_term_string}\"},\"query-input\":{\"@type\":\"PropertyValueSpecification\",\"valueRequired\":true,\"valueName\":\"search_term_string\"}}],\"inLanguage\":\"hr\"},{\"@type\":\"Organization\",\"@id\":\"https:\\\/\\\/hyperiondrones.com\\\/hr\\\/#organization\",\"name\":\"Hyperion Drones\",\"url\":\"https:\\\/\\\/hyperiondrones.com\\\/hr\\\/\",\"logo\":{\"@type\":\"ImageObject\",\"inLanguage\":\"hr\",\"@id\":\"https:\\\/\\\/hyperiondrones.com\\\/hr\\\/#\\\/schema\\\/logo\\\/image\\\/\",\"url\":\"https:\\\/\\\/hyperiondrones.com\\\/wp-content\\\/uploads\\\/2023\\\/10\\\/Prva-verzija-crni-novi.svg\",\"contentUrl\":\"https:\\\/\\\/hyperiondrones.com\\\/wp-content\\\/uploads\\\/2023\\\/10\\\/Prva-verzija-crni-novi.svg\",\"width\":400,\"height\":125,\"caption\":\"Hyperion Drones\"},\"image\":{\"@id\":\"https:\\\/\\\/hyperiondrones.com\\\/hr\\\/#\\\/schema\\\/logo\\\/image\\\/\"}}]}<\/script>\n<!-- \/ Yoast SEO plugin. -->","yoast_head_json":{"title":"SORA Procjena - Hyperion Drones","description":"Sa sve ve\u0107im brojem dronova na europskom nebu, osiguravanje sigurnosti i regulatorne uskla\u0111enosti nikada nije bilo va\u017enije.","robots":{"index":"index","follow":"follow","max-snippet":"max-snippet:-1","max-image-preview":"max-image-preview:large","max-video-preview":"max-video-preview:-1"},"canonical":"https:\/\/hyperiondrones.com\/hr\/sora-procjena\/","og_locale":"hr_HR","og_type":"article","og_title":"SORA Procjena - Hyperion Drones","og_description":"Sa sve ve\u0107im brojem dronova na europskom nebu, osiguravanje sigurnosti i regulatorne uskla\u0111enosti nikada nije bilo va\u017enije.","og_url":"https:\/\/hyperiondrones.com\/hr\/sora-procjena\/","og_site_name":"Hyperion Drones","article_modified_time":"2024-04-18T07:31:35+00:00","og_image":[{"url":"https:\/\/hyperiondrones.com\/wp-content\/uploads\/2023\/10\/SORA-Assessment.png","type":"","width":"","height":""}],"twitter_card":"summary_large_image","twitter_misc":{"Procijenjeno vrijeme \u010ditanja":"3 minute"},"schema":{"@context":"https:\/\/schema.org","@graph":[{"@type":"WebPage","@id":"https:\/\/hyperiondrones.com\/hr\/sora-procjena\/","url":"https:\/\/hyperiondrones.com\/hr\/sora-procjena\/","name":"SORA Procjena - Hyperion Drones","isPartOf":{"@id":"https:\/\/hyperiondrones.com\/hr\/#website"},"primaryImageOfPage":{"@id":"https:\/\/hyperiondrones.com\/hr\/sora-procjena\/#primaryimage"},"image":{"@id":"https:\/\/hyperiondrones.com\/hr\/sora-procjena\/#primaryimage"},"thumbnailUrl":"https:\/\/hyperiondrones.com\/wp-content\/uploads\/2023\/10\/SORA-Assessment.png","datePublished":"2023-09-25T09:17:01+00:00","dateModified":"2024-04-18T07:31:35+00:00","description":"Sa sve ve\u0107im brojem dronova na europskom nebu, osiguravanje sigurnosti i regulatorne uskla\u0111enosti nikada nije bilo va\u017enije.","breadcrumb":{"@id":"https:\/\/hyperiondrones.com\/hr\/sora-procjena\/#breadcrumb"},"inLanguage":"hr","potentialAction":[{"@type":"ReadAction","target":["https:\/\/hyperiondrones.com\/hr\/sora-procjena\/"]}]},{"@type":"ImageObject","inLanguage":"hr","@id":"https:\/\/hyperiondrones.com\/hr\/sora-procjena\/#primaryimage","url":"https:\/\/hyperiondrones.com\/wp-content\/uploads\/2023\/10\/SORA-Assessment.png","contentUrl":"https:\/\/hyperiondrones.com\/wp-content\/uploads\/2023\/10\/SORA-Assessment.png"},{"@type":"BreadcrumbList","@id":"https:\/\/hyperiondrones.com\/hr\/sora-procjena\/#breadcrumb","itemListElement":[{"@type":"ListItem","position":1,"name":"Naslovna","item":"https:\/\/hyperiondrones.com\/hr\/"},{"@type":"ListItem","position":2,"name":"SORA Procjena"}]},{"@type":"WebSite","@id":"https:\/\/hyperiondrones.com\/hr\/#website","url":"https:\/\/hyperiondrones.com\/hr\/","name":"Hyperion Drones","description":"Knowledge From Above","publisher":{"@id":"https:\/\/hyperiondrones.com\/hr\/#organization"},"potentialAction":[{"@type":"SearchAction","target":{"@type":"EntryPoint","urlTemplate":"https:\/\/hyperiondrones.com\/hr\/?s={search_term_string}"},"query-input":{"@type":"PropertyValueSpecification","valueRequired":true,"valueName":"search_term_string"}}],"inLanguage":"hr"},{"@type":"Organization","@id":"https:\/\/hyperiondrones.com\/hr\/#organization","name":"Hyperion Drones","url":"https:\/\/hyperiondrones.com\/hr\/","logo":{"@type":"ImageObject","inLanguage":"hr","@id":"https:\/\/hyperiondrones.com\/hr\/#\/schema\/logo\/image\/","url":"https:\/\/hyperiondrones.com\/wp-content\/uploads\/2023\/10\/Prva-verzija-crni-novi.svg","contentUrl":"https:\/\/hyperiondrones.com\/wp-content\/uploads\/2023\/10\/Prva-verzija-crni-novi.svg","width":400,"height":125,"caption":"Hyperion Drones"},"image":{"@id":"https:\/\/hyperiondrones.com\/hr\/#\/schema\/logo\/image\/"}}]}},"_links":{"self":[{"href":"https:\/\/hyperiondrones.com\/hr\/wp-json\/wp\/v2\/pages\/4814","targetHints":{"allow":["GET"]}}],"collection":[{"href":"https:\/\/hyperiondrones.com\/hr\/wp-json\/wp\/v2\/pages"}],"about":[{"href":"https:\/\/hyperiondrones.com\/hr\/wp-json\/wp\/v2\/types\/page"}],"author":[{"embeddable":true,"href":"https:\/\/hyperiondrones.com\/hr\/wp-json\/wp\/v2\/users\/2"}],"replies":[{"embeddable":true,"href":"https:\/\/hyperiondrones.com\/hr\/wp-json\/wp\/v2\/comments?post=4814"}],"version-history":[{"count":0,"href":"https:\/\/hyperiondrones.com\/hr\/wp-json\/wp\/v2\/pages\/4814\/revisions"}],"wp:attachment":[{"href":"https:\/\/hyperiondrones.com\/hr\/wp-json\/wp\/v2\/media?parent=4814"}],"curies":[{"name":"wp","href":"https:\/\/api.w.org\/{rel}","templated":true}]}}