{"id":4818,"date":"2023-09-25T10:17:38","date_gmt":"2023-09-25T09:17:38","guid":{"rendered":"https:\/\/hyperiondrones.com\/edukacija-javnih-sluzbi\/"},"modified":"2024-04-18T08:34:15","modified_gmt":"2024-04-18T07:34:15","slug":"edukacija-javnih-sluzbi","status":"publish","type":"page","link":"https:\/\/hyperiondrones.com\/hr\/edukacija-javnih-sluzbi\/","title":{"rendered":"Edukacija javnih slu\u017ebi"},"content":{"rendered":"<div class=\"gb-container gb-container-2155bacf\">\n<div class=\"gb-container gb-container-9d87f8b3 absolute-3\"><\/div>\n\n<div class=\"gb-container gb-container-62ab8109 gb-container-Container-section\">\n<div class=\"gb-container gb-container-07fdf760\">\n<div class=\"gb-grid-wrapper gb-grid-wrapper-2469585b\">\n<div class=\"gb-grid-column gb-grid-column-9013927d\"><div class=\"gb-container gb-container-9013927d\">\n<div class=\"gb-container gb-container-ab7e6534 gb-container-Underline-25-width\"><\/div>\n\n\n<p class=\"gb-headline gb-headline-a0c4712f gb-headline-text\">Svijet bespilotnih zrakoplovnih sustava (UAS) se brzo razvija. Stoga je va\u017eno uvesti specijalizirane i prilago\u0111ene edukacije kako bi se osiguralo efikasno upravljanje UAS-ima. To je posebno bitno unutar domene javnih slu\u017ebi. <\/p>\n\n\n\n<p class=\"gb-headline gb-headline-a4171d5e gb-headline-text\">Hyperion drones je prilagodio niz edukativnih programa prilago\u0111enih tijelima javnih slu\u017ebi.<\/p>\n\n<\/div><\/div>\n\n<div class=\"gb-grid-column gb-grid-column-84e925e7\"><div class=\"gb-container gb-container-84e925e7\">\n\n<figure class=\"gb-block-image gb-block-image-b35d0212\"><img decoding=\"async\" width=\"800\" height=\"500\" class=\"gb-image gb-image-b35d0212\" src=\"http:\/\/hyperiondrones.com\/wp-content\/uploads\/2023\/10\/Public-services-1-A-person-lecturing-about-drones.png\" alt=\"A person lecturing about drones\" title=\"A person lecturing about drones\" srcset=\"https:\/\/hyperiondrones.com\/wp-content\/uploads\/2023\/10\/Public-services-1-A-person-lecturing-about-drones.png 800w, https:\/\/hyperiondrones.com\/wp-content\/uploads\/2023\/10\/Public-services-1-A-person-lecturing-about-drones-600x375.png 600w, https:\/\/hyperiondrones.com\/wp-content\/uploads\/2023\/10\/Public-services-1-A-person-lecturing-about-drones-300x188.png 300w, https:\/\/hyperiondrones.com\/wp-content\/uploads\/2023\/10\/Public-services-1-A-person-lecturing-about-drones-768x480.png 768w\" sizes=\"(max-width: 800px) 100vw, 800px\" \/><\/figure>\n\n<\/div><\/div>\n<\/div>\n<\/div>\n<\/div>\n\n<div class=\"gb-container gb-container-1d33ecd0 gb-container-Container-section\">\n<div class=\"gb-container gb-container-97a1a271\">\n<div class=\"gb-container gb-container-3525ffdc gb-container-Underline-25-width\"><\/div>\n\n\n<h2 class=\"gb-headline gb-headline-996a1431 gb-headline-text\">Obuke<\/h2>\n\n\n<div class=\"gb-grid-wrapper gb-grid-wrapper-f3c0c60f\">\n<div class=\"gb-grid-column gb-grid-column-5f983f4d\"><div class=\"gb-container gb-container-5f983f4d\">\n<div class=\"gb-container gb-container-64c11a8c gb-container-Accordion gb-accordion\">\n<div class=\"gb-container gb-container-baf22ac6 gb-container-Accordion-item gb-accordion__item\" data-transition=\"slide\">\n\n<button class=\"gb-button gb-button-5b87425a gb-accordion__toggle\"><span class=\"gb-button-text\">Osnovna obuka<\/span><span class=\"gb-icon\"><svg xmlns=\"http:\/\/www.w3.org\/2000\/svg\" viewBox=\"0 0 448 512\" width=\"1em\" height=\"1em\" ariahidden=\"true\" role=\"img\" class=\"gb-accordion__icon\"><path d=\"M207.029 381.476L12.686 187.132c-9.373-9.373-9.373-24.569 0-33.941l22.667-22.667c9.357-9.357 24.522-9.375 33.901-.04L224 284.505l154.745-154.021c9.379-9.335 24.544-9.317 33.901.04l22.667 22.667c9.373 9.373 9.373 24.569 0 33.941L240.971 381.476c-9.373 9.372-24.569 9.372-33.942 0z\" fill=\"currentColor\"><\/path><\/svg><svg xmlns=\"http:\/\/www.w3.org\/2000\/svg\" viewBox=\"0 0 448 512\" width=\"1em\" height=\"1em\" ariahidden=\"true\" role=\"img\" class=\"gb-accordion__icon-open\"><path d=\"M240.971 130.524l194.343 194.343c9.373 9.373 9.373 24.569 0 33.941l-22.667 22.667c-9.357 9.357-24.522 9.375-33.901.04L224 227.495 69.255 381.516c-9.379 9.335-24.544 9.317-33.901-.04l-22.667-22.667c-9.373-9.373-9.373-24.569 0-33.941L207.03 130.525c9.372-9.373 24.568-9.373 33.941-.001z\" fill=\"currentColor\"><\/path><\/svg><\/span><\/button>\n\n\n<div class=\"gb-accordion__content\"><div class=\"gb-container gb-container-70379f78 gb-container-Accordion-content\">\n\n<p class=\"gb-headline gb-headline-af965a42 gb-headline-text\">Temelji se na osnovama, ovaj modul istra\u017euje upravljanje dronovima, navigaciju, sigurnosne mjere i zna\u010daj pridr\u017eavanja propisa.<\/p>\n\n<\/div><\/div>\n<\/div>\n\n<div class=\"gb-container gb-container-2a712807 gb-accordion__item\" data-transition=\"slide\">\n\n<button class=\"gb-button gb-button-fe844e35 gb-accordion__toggle\"><span class=\"gb-button-text\">Napredna obuka<\/span><span class=\"gb-icon\"><svg xmlns=\"http:\/\/www.w3.org\/2000\/svg\" viewBox=\"0 0 448 512\" width=\"1em\" height=\"1em\" ariahidden=\"true\" role=\"img\" class=\"gb-accordion__icon\"><path d=\"M207.029 381.476L12.686 187.132c-9.373-9.373-9.373-24.569 0-33.941l22.667-22.667c9.357-9.357 24.522-9.375 33.901-.04L224 284.505l154.745-154.021c9.379-9.335 24.544-9.317 33.901.04l22.667 22.667c9.373 9.373 9.373 24.569 0 33.941L240.971 381.476c-9.373 9.372-24.569 9.372-33.942 0z\" fill=\"currentColor\"><\/path><\/svg><svg xmlns=\"http:\/\/www.w3.org\/2000\/svg\" viewBox=\"0 0 448 512\" width=\"1em\" height=\"1em\" ariahidden=\"true\" role=\"img\" class=\"gb-accordion__icon-open\"><path d=\"M240.971 130.524l194.343 194.343c9.373 9.373 9.373 24.569 0 33.941l-22.667 22.667c-9.357 9.357-24.522 9.375-33.901.04L224 227.495 69.255 381.516c-9.379 9.335-24.544 9.317-33.901-.04l-22.667-22.667c-9.373-9.373-9.373-24.569 0-33.941L207.03 130.525c9.372-9.373 24.568-9.373 33.941-.001z\" fill=\"currentColor\"><\/path><\/svg><\/span><\/button>\n\n\n<div class=\"gb-accordion__content\"><div class=\"gb-container gb-container-6af9c4c7 gb-container-Accordion-content\">\n\n<p class=\"gb-headline gb-headline-f42b2868 gb-headline-text\">Za one koji \u017eele nadograditi znanje, podi\u017eemo tehnike upravljanja na vi\u0161u razinu zajedno s kompleksnijim planiranjem misija.<\/p>\n\n<\/div><\/div>\n<\/div>\n\n<div class=\"gb-container gb-container-69e4a300 gb-container-Accordion-item gb-accordion__item\" data-transition=\"slide\">\n\n<button class=\"gb-button gb-button-de1fe42d gb-accordion__toggle\"><span class=\"gb-button-text\">Specijalizirana obuka<\/span><span class=\"gb-icon\"><svg xmlns=\"http:\/\/www.w3.org\/2000\/svg\" viewBox=\"0 0 448 512\" width=\"1em\" height=\"1em\" ariahidden=\"true\" role=\"img\" class=\"gb-accordion__icon\"><path d=\"M207.029 381.476L12.686 187.132c-9.373-9.373-9.373-24.569 0-33.941l22.667-22.667c9.357-9.357 24.522-9.375 33.901-.04L224 284.505l154.745-154.021c9.379-9.335 24.544-9.317 33.901.04l22.667 22.667c9.373 9.373 9.373 24.569 0 33.941L240.971 381.476c-9.373 9.372-24.569 9.372-33.942 0z\" fill=\"currentColor\"><\/path><\/svg><svg xmlns=\"http:\/\/www.w3.org\/2000\/svg\" viewBox=\"0 0 448 512\" width=\"1em\" height=\"1em\" ariahidden=\"true\" role=\"img\" class=\"gb-accordion__icon-open\"><path d=\"M240.971 130.524l194.343 194.343c9.373 9.373 9.373 24.569 0 33.941l-22.667 22.667c-9.357 9.357-24.522 9.375-33.901.04L224 227.495 69.255 381.516c-9.379 9.335-24.544 9.317-33.901-.04l-22.667-22.667c-9.373-9.373-9.373-24.569 0-33.941L207.03 130.525c9.372-9.373 24.568-9.373 33.941-.001z\" fill=\"currentColor\"><\/path><\/svg><\/span><\/button>\n\n\n<div class=\"gb-accordion__content\"><div class=\"gb-container gb-container-5b50fafc gb-container-Accordion-content\">\n\n<p class=\"gb-headline gb-headline-ac348bac gb-headline-text\">Prilago\u0111eni jedinstvenim potrebama organizacija, ovi moduli obuhva\u0107aju klju\u010dna podru\u010dja kao \u0161to su javne slu\u017ebe, \u017eurne slu\u017ebe, komunalne ustanove itd&#8230;<\/p>\n\n<\/div><\/div>\n<\/div>\n\n<div class=\"gb-container gb-container-70287487 gb-container-Accordion-item gb-accordion__item\" data-transition=\"slide\">\n\n<button class=\"gb-button gb-button-1b3bc402 gb-accordion__toggle\"><span class=\"gb-button-text\">Te\u010dajevi osvje\u017eavanja znanja<\/span><span class=\"gb-icon\"><svg xmlns=\"http:\/\/www.w3.org\/2000\/svg\" viewBox=\"0 0 448 512\" width=\"1em\" height=\"1em\" ariahidden=\"true\" role=\"img\" class=\"gb-accordion__icon\"><path d=\"M207.029 381.476L12.686 187.132c-9.373-9.373-9.373-24.569 0-33.941l22.667-22.667c9.357-9.357 24.522-9.375 33.901-.04L224 284.505l154.745-154.021c9.379-9.335 24.544-9.317 33.901.04l22.667 22.667c9.373 9.373 9.373 24.569 0 33.941L240.971 381.476c-9.373 9.372-24.569 9.372-33.942 0z\" fill=\"currentColor\"><\/path><\/svg><svg xmlns=\"http:\/\/www.w3.org\/2000\/svg\" viewBox=\"0 0 448 512\" width=\"1em\" height=\"1em\" ariahidden=\"true\" role=\"img\" class=\"gb-accordion__icon-open\"><path d=\"M240.971 130.524l194.343 194.343c9.373 9.373 9.373 24.569 0 33.941l-22.667 22.667c-9.357 9.357-24.522 9.375-33.901.04L224 227.495 69.255 381.516c-9.379 9.335-24.544 9.317-33.901-.04l-22.667-22.667c-9.373-9.373-9.373-24.569 0-33.941L207.03 130.525c9.372-9.373 24.568-9.373 33.941-.001z\" fill=\"currentColor\"><\/path><\/svg><\/span><\/button>\n\n\n<div class=\"gb-accordion__content\"><div class=\"gb-container gb-container-adfe6c6b gb-container-Accordion-content\">\n\n<p class=\"gb-headline gb-headline-8bb941e7 gb-headline-text\">U brzo promjenjivoj okolini UAS tehnologija, klju\u010dno je ostati u toku. Na\u0161i te\u010dajevi osvje\u017eavanja znanja donose najnovije u tehnologiji UASa, izmjene u propisima i najbolje prakse kako bi osigurali kontinuiranu operativnu izvrsnost.<\/p>\n\n<\/div><\/div>\n<\/div>\n\n<div class=\"gb-container gb-container-e77585c7 gb-container-Accordion-item gb-accordion__item\" data-transition=\"slide\">\n\n<button class=\"gb-button gb-button-01b3c140 gb-accordion__toggle\"><span class=\"gb-button-text\">Trening u va\u0161em poslovnom okru\u017eenju<\/span><span class=\"gb-icon\"><svg xmlns=\"http:\/\/www.w3.org\/2000\/svg\" viewBox=\"0 0 448 512\" width=\"1em\" height=\"1em\" ariahidden=\"true\" role=\"img\" class=\"gb-accordion__icon\"><path d=\"M207.029 381.476L12.686 187.132c-9.373-9.373-9.373-24.569 0-33.941l22.667-22.667c9.357-9.357 24.522-9.375 33.901-.04L224 284.505l154.745-154.021c9.379-9.335 24.544-9.317 33.901.04l22.667 22.667c9.373 9.373 9.373 24.569 0 33.941L240.971 381.476c-9.373 9.372-24.569 9.372-33.942 0z\" fill=\"currentColor\"><\/path><\/svg><svg xmlns=\"http:\/\/www.w3.org\/2000\/svg\" viewBox=\"0 0 448 512\" width=\"1em\" height=\"1em\" ariahidden=\"true\" role=\"img\" class=\"gb-accordion__icon-open\"><path d=\"M240.971 130.524l194.343 194.343c9.373 9.373 9.373 24.569 0 33.941l-22.667 22.667c-9.357 9.357-24.522 9.375-33.901.04L224 227.495 69.255 381.516c-9.379 9.335-24.544 9.317-33.901-.04l-22.667-22.667c-9.373-9.373-9.373-24.569 0-33.941L207.03 130.525c9.372-9.373 24.568-9.373 33.941-.001z\" fill=\"currentColor\"><\/path><\/svg><\/span><\/button>\n\n\n<div class=\"gb-accordion__content\"><div class=\"gb-container gb-container-19b107b7 gb-container-Accordion-content\">\n\n<p class=\"gb-headline gb-headline-56204ae9 gb-headline-text\">Izazovi stvarnog svijeta zahtijevaju rje\u0161enja u stvarnom vremenu i na stvarnoj lokaciji. <\/p>\n\n\n\n<p class=\"gb-headline gb-headline-b895ca97 gb-headline-text\">Hyperion drones vodit \u0107e vas u va\u0161em poslovnom okru\u017eenju kroz stvarne operativne scenarije poti\u010du\u0107i u\u010denje kroz praksu.<\/p>\n\n\n\n<p class=\"gb-headline gb-headline-57b57944 gb-headline-text\">To ne samo da pobolj\u0161ava va\u0161e vje\u0161tine, ve\u0107 osigurava i prakti\u010dnu primjenu teorijskog znanja.<\/p>\n\n<\/div><\/div>\n<\/div>\n\n<div class=\"gb-container gb-container-eb9cae5a gb-container-Accordion-item gb-accordion__item\" data-transition=\"slide\">\n\n<button class=\"gb-button gb-button-3e64aea9 gb-accordion__toggle\"><span class=\"gb-button-text\">Obuke prilago\u0111ene zahtjevima korisnika<\/span><span class=\"gb-icon\"><svg xmlns=\"http:\/\/www.w3.org\/2000\/svg\" viewBox=\"0 0 448 512\" width=\"1em\" height=\"1em\" ariahidden=\"true\" role=\"img\" class=\"gb-accordion__icon\"><path d=\"M207.029 381.476L12.686 187.132c-9.373-9.373-9.373-24.569 0-33.941l22.667-22.667c9.357-9.357 24.522-9.375 33.901-.04L224 284.505l154.745-154.021c9.379-9.335 24.544-9.317 33.901.04l22.667 22.667c9.373 9.373 9.373 24.569 0 33.941L240.971 381.476c-9.373 9.372-24.569 9.372-33.942 0z\" fill=\"currentColor\"><\/path><\/svg><svg xmlns=\"http:\/\/www.w3.org\/2000\/svg\" viewBox=\"0 0 448 512\" width=\"1em\" height=\"1em\" ariahidden=\"true\" role=\"img\" class=\"gb-accordion__icon-open\"><path d=\"M240.971 130.524l194.343 194.343c9.373 9.373 9.373 24.569 0 33.941l-22.667 22.667c-9.357 9.357-24.522 9.375-33.901.04L224 227.495 69.255 381.516c-9.379 9.335-24.544 9.317-33.901-.04l-22.667-22.667c-9.373-9.373-9.373-24.569 0-33.941L207.03 130.525c9.372-9.373 24.568-9.373 33.941-.001z\" fill=\"currentColor\"><\/path><\/svg><\/span><\/button>\n\n\n<div class=\"gb-accordion__content\"><div class=\"gb-container gb-container-21e0b985 gb-container-Accordion-content\">\n\n<p class=\"gb-headline gb-headline-d06e1e1f gb-headline-text\">U Hyperion Drones razumijemo da svaki korisnik ima specifi\u010dne potrebe. Na\u0161e su obuke oblikovane prema specifi\u010dnostima poslova kojima se bavite.<\/p>\n\n<\/div><\/div>\n<\/div>\n\n<div class=\"gb-container gb-container-6f6212b4 gb-container-Accordion-item gb-accordion__item\" data-transition=\"slide\">\n\n<button class=\"gb-button gb-button-abef2aef gb-accordion__toggle\"><span class=\"gb-button-text\">Te\u010dajevi o regulativi<\/span><span class=\"gb-icon\"><svg xmlns=\"http:\/\/www.w3.org\/2000\/svg\" viewBox=\"0 0 448 512\" width=\"1em\" height=\"1em\" ariahidden=\"true\" role=\"img\" class=\"gb-accordion__icon\"><path d=\"M207.029 381.476L12.686 187.132c-9.373-9.373-9.373-24.569 0-33.941l22.667-22.667c9.357-9.357 24.522-9.375 33.901-.04L224 284.505l154.745-154.021c9.379-9.335 24.544-9.317 33.901.04l22.667 22.667c9.373 9.373 9.373 24.569 0 33.941L240.971 381.476c-9.373 9.372-24.569 9.372-33.942 0z\" fill=\"currentColor\"><\/path><\/svg><svg xmlns=\"http:\/\/www.w3.org\/2000\/svg\" viewBox=\"0 0 448 512\" width=\"1em\" height=\"1em\" ariahidden=\"true\" role=\"img\" class=\"gb-accordion__icon-open\"><path d=\"M240.971 130.524l194.343 194.343c9.373 9.373 9.373 24.569 0 33.941l-22.667 22.667c-9.357 9.357-24.522 9.375-33.901.04L224 227.495 69.255 381.516c-9.379 9.335-24.544 9.317-33.901-.04l-22.667-22.667c-9.373-9.373-9.373-24.569 0-33.941L207.03 130.525c9.372-9.373 24.568-9.373 33.941-.001z\" fill=\"currentColor\"><\/path><\/svg><\/span><\/button>\n\n\n<div class=\"gb-accordion__content\"><div class=\"gb-container gb-container-f346b6db gb-container-Accordion-content\">\n\n<p class=\"gb-headline gb-headline-532ab9ad gb-headline-text\">Pobli\u017ee se upoznajte s lokalnim, regionalnim i me\u0111unarodnim propisima te time osigurajte da va\u0161e operacije uvijek zadovoljavaju sve aktualne propise.<\/p>\n\n<\/div><\/div>\n<\/div>\n<\/div>\n<\/div><\/div>\n\n<div class=\"gb-grid-column gb-grid-column-998e2ee9\"><div class=\"gb-container gb-container-998e2ee9\">\n\n<figure class=\"gb-block-image gb-block-image-04eddf9e\"><img decoding=\"async\" width=\"800\" height=\"500\" class=\"gb-image gb-image-04eddf9e\" src=\"http:\/\/hyperiondrones.com\/wp-content\/uploads\/2023\/11\/Drone-in-the-sky-above-sea.png\" alt=\"Drone in the sky above sea\" title=\"Drone in the sky above sea\" srcset=\"https:\/\/hyperiondrones.com\/wp-content\/uploads\/2023\/11\/Drone-in-the-sky-above-sea.png 800w, https:\/\/hyperiondrones.com\/wp-content\/uploads\/2023\/11\/Drone-in-the-sky-above-sea-600x375.png 600w, https:\/\/hyperiondrones.com\/wp-content\/uploads\/2023\/11\/Drone-in-the-sky-above-sea-300x188.png 300w, https:\/\/hyperiondrones.com\/wp-content\/uploads\/2023\/11\/Drone-in-the-sky-above-sea-768x480.png 768w\" sizes=\"(max-width: 800px) 100vw, 800px\" \/><\/figure>\n\n<\/div><\/div>\n<\/div>\n<\/div>\n<\/div>\n<\/div>\n\n<div class=\"gb-container gb-container-cc437598 gb-container-Container-section\">\n<div class=\"gb-container gb-container-65604281\"><\/div>\n\n<div class=\"gb-container gb-container-42000f2e\"><\/div>\n\n<div class=\"gb-container gb-container-33fee6f9\"><\/div>\n<\/div>\n\n<div class=\"gb-container gb-container-806eee1a gb-container-Section-Bottom\">\n<div class=\"gb-container gb-container-51fe6136 alignwide gb-container-Container-Bottom\">\n\n<p class=\"gb-headline gb-headline-96e70652 gb-headline-text\">Mi u Hyperion Drones posve\u0107eni smo specifi\u010dnim zahtjevima javnih slu\u017ebi i njihovog kori\u0161tenja dronova.<\/p>\n\n\n\n<p class=\"gb-headline gb-headline-07a1de80 gb-headline-text\">Na\u0161e edukacijske usluge imaju za cilj osigurati na\u0161im korisnicima znanja i vje\u0161tine potrebne za maksimiziranje koristi od tehnologije dronova, \u010dime se jam\u010di postizanje operativne izvrsnosti.<\/p>\n\n\n\n<a class=\"gb-button gb-button-235bd7c3 gb-button-text gb-button-Button\" href=\"https:\/\/hyperiondrones.com\/hr\/kontakt\/\">kontaktirajte nas<\/a>\n\n<\/div>\n<\/div>","protected":false},"excerpt":{"rendered":"<p>Obuke Mi u Hyperion Drones posve\u0107eni smo specifi\u010dnim zahtjevima javnih slu\u017ebi i njihovog kori\u0161tenja dronova. Na\u0161e edukacijske usluge imaju za cilj osigurati na\u0161im korisnicima znanja i vje\u0161tine potrebne za maksimiziranje &#8230; <a title=\"Edukacija javnih slu\u017ebi\" class=\"read-more\" href=\"https:\/\/hyperiondrones.com\/hr\/edukacija-javnih-sluzbi\/\" aria-label=\"Read more about Edukacija javnih slu\u017ebi\">Read more<\/a><\/p>\n","protected":false},"author":2,"featured_media":0,"parent":0,"menu_order":0,"comment_status":"closed","ping_status":"closed","template":"","meta":{"_acf_changed":false,"footnotes":""},"class_list":["post-4818","page","type-page","status-publish"],"acf":[],"yoast_head":"<!-- This site is optimized with the Yoast SEO plugin v27.4 - https:\/\/yoast.com\/product\/yoast-seo-wordpress\/ -->\n<title>Edukacija javnih slu\u017ebi - Hyperion Drones<\/title>\n<meta name=\"description\" content=\"Va\u017eno je uvesti specijalizirane i prilago\u0111ene edukacije kako bi se osiguralo efikasno upravljanje UAS-ima.\" \/>\n<meta name=\"robots\" content=\"index, follow, max-snippet:-1, max-image-preview:large, max-video-preview:-1\" \/>\n<link rel=\"canonical\" href=\"https:\/\/hyperiondrones.com\/hr\/edukacija-javnih-sluzbi\/\" \/>\n<meta property=\"og:locale\" content=\"hr_HR\" \/>\n<meta property=\"og:type\" content=\"article\" \/>\n<meta property=\"og:title\" content=\"Edukacija javnih slu\u017ebi - Hyperion Drones\" \/>\n<meta property=\"og:description\" content=\"Va\u017eno je uvesti specijalizirane i prilago\u0111ene edukacije kako bi se osiguralo efikasno upravljanje UAS-ima.\" \/>\n<meta property=\"og:url\" content=\"https:\/\/hyperiondrones.com\/hr\/edukacija-javnih-sluzbi\/\" \/>\n<meta property=\"og:site_name\" content=\"Hyperion Drones\" \/>\n<meta property=\"article:modified_time\" content=\"2024-04-18T07:34:15+00:00\" \/>\n<meta property=\"og:image\" content=\"http:\/\/hyperiondrones.com\/wp-content\/uploads\/2023\/10\/Public-services-1-A-person-lecturing-about-drones.png\" \/>\n<meta name=\"twitter:card\" content=\"summary_large_image\" \/>\n<meta name=\"twitter:label1\" content=\"Procijenjeno vrijeme \u010ditanja\" \/>\n\t<meta name=\"twitter:data1\" content=\"2 minute\" \/>\n<script type=\"application\/ld+json\" class=\"yoast-schema-graph\">{\"@context\":\"https:\\\/\\\/schema.org\",\"@graph\":[{\"@type\":\"WebPage\",\"@id\":\"https:\\\/\\\/hyperiondrones.com\\\/hr\\\/edukacija-javnih-sluzbi\\\/\",\"url\":\"https:\\\/\\\/hyperiondrones.com\\\/hr\\\/edukacija-javnih-sluzbi\\\/\",\"name\":\"Edukacija javnih slu\u017ebi - Hyperion Drones\",\"isPartOf\":{\"@id\":\"https:\\\/\\\/hyperiondrones.com\\\/hr\\\/#website\"},\"primaryImageOfPage\":{\"@id\":\"https:\\\/\\\/hyperiondrones.com\\\/hr\\\/edukacija-javnih-sluzbi\\\/#primaryimage\"},\"image\":{\"@id\":\"https:\\\/\\\/hyperiondrones.com\\\/hr\\\/edukacija-javnih-sluzbi\\\/#primaryimage\"},\"thumbnailUrl\":\"http:\\\/\\\/hyperiondrones.com\\\/wp-content\\\/uploads\\\/2023\\\/10\\\/Public-services-1-A-person-lecturing-about-drones.png\",\"datePublished\":\"2023-09-25T09:17:38+00:00\",\"dateModified\":\"2024-04-18T07:34:15+00:00\",\"description\":\"Va\u017eno je uvesti specijalizirane i prilago\u0111ene edukacije kako bi se osiguralo efikasno upravljanje UAS-ima.\",\"breadcrumb\":{\"@id\":\"https:\\\/\\\/hyperiondrones.com\\\/hr\\\/edukacija-javnih-sluzbi\\\/#breadcrumb\"},\"inLanguage\":\"hr\",\"potentialAction\":[{\"@type\":\"ReadAction\",\"target\":[\"https:\\\/\\\/hyperiondrones.com\\\/hr\\\/edukacija-javnih-sluzbi\\\/\"]}]},{\"@type\":\"ImageObject\",\"inLanguage\":\"hr\",\"@id\":\"https:\\\/\\\/hyperiondrones.com\\\/hr\\\/edukacija-javnih-sluzbi\\\/#primaryimage\",\"url\":\"http:\\\/\\\/hyperiondrones.com\\\/wp-content\\\/uploads\\\/2023\\\/10\\\/Public-services-1-A-person-lecturing-about-drones.png\",\"contentUrl\":\"http:\\\/\\\/hyperiondrones.com\\\/wp-content\\\/uploads\\\/2023\\\/10\\\/Public-services-1-A-person-lecturing-about-drones.png\"},{\"@type\":\"BreadcrumbList\",\"@id\":\"https:\\\/\\\/hyperiondrones.com\\\/hr\\\/edukacija-javnih-sluzbi\\\/#breadcrumb\",\"itemListElement\":[{\"@type\":\"ListItem\",\"position\":1,\"name\":\"Naslovna\",\"item\":\"https:\\\/\\\/hyperiondrones.com\\\/hr\\\/\"},{\"@type\":\"ListItem\",\"position\":2,\"name\":\"Edukacija javnih slu\u017ebi\"}]},{\"@type\":\"WebSite\",\"@id\":\"https:\\\/\\\/hyperiondrones.com\\\/hr\\\/#website\",\"url\":\"https:\\\/\\\/hyperiondrones.com\\\/hr\\\/\",\"name\":\"Hyperion Drones\",\"description\":\"Knowledge From Above\",\"publisher\":{\"@id\":\"https:\\\/\\\/hyperiondrones.com\\\/hr\\\/#organization\"},\"potentialAction\":[{\"@type\":\"SearchAction\",\"target\":{\"@type\":\"EntryPoint\",\"urlTemplate\":\"https:\\\/\\\/hyperiondrones.com\\\/hr\\\/?s={search_term_string}\"},\"query-input\":{\"@type\":\"PropertyValueSpecification\",\"valueRequired\":true,\"valueName\":\"search_term_string\"}}],\"inLanguage\":\"hr\"},{\"@type\":\"Organization\",\"@id\":\"https:\\\/\\\/hyperiondrones.com\\\/hr\\\/#organization\",\"name\":\"Hyperion Drones\",\"url\":\"https:\\\/\\\/hyperiondrones.com\\\/hr\\\/\",\"logo\":{\"@type\":\"ImageObject\",\"inLanguage\":\"hr\",\"@id\":\"https:\\\/\\\/hyperiondrones.com\\\/hr\\\/#\\\/schema\\\/logo\\\/image\\\/\",\"url\":\"https:\\\/\\\/hyperiondrones.com\\\/wp-content\\\/uploads\\\/2023\\\/10\\\/Prva-verzija-crni-novi.svg\",\"contentUrl\":\"https:\\\/\\\/hyperiondrones.com\\\/wp-content\\\/uploads\\\/2023\\\/10\\\/Prva-verzija-crni-novi.svg\",\"width\":400,\"height\":125,\"caption\":\"Hyperion Drones\"},\"image\":{\"@id\":\"https:\\\/\\\/hyperiondrones.com\\\/hr\\\/#\\\/schema\\\/logo\\\/image\\\/\"}}]}<\/script>\n<!-- \/ Yoast SEO plugin. -->","yoast_head_json":{"title":"Edukacija javnih slu\u017ebi - Hyperion Drones","description":"Va\u017eno je uvesti specijalizirane i prilago\u0111ene edukacije kako bi se osiguralo efikasno upravljanje UAS-ima.","robots":{"index":"index","follow":"follow","max-snippet":"max-snippet:-1","max-image-preview":"max-image-preview:large","max-video-preview":"max-video-preview:-1"},"canonical":"https:\/\/hyperiondrones.com\/hr\/edukacija-javnih-sluzbi\/","og_locale":"hr_HR","og_type":"article","og_title":"Edukacija javnih slu\u017ebi - Hyperion Drones","og_description":"Va\u017eno je uvesti specijalizirane i prilago\u0111ene edukacije kako bi se osiguralo efikasno upravljanje UAS-ima.","og_url":"https:\/\/hyperiondrones.com\/hr\/edukacija-javnih-sluzbi\/","og_site_name":"Hyperion Drones","article_modified_time":"2024-04-18T07:34:15+00:00","og_image":[{"url":"http:\/\/hyperiondrones.com\/wp-content\/uploads\/2023\/10\/Public-services-1-A-person-lecturing-about-drones.png","type":"","width":"","height":""}],"twitter_card":"summary_large_image","twitter_misc":{"Procijenjeno vrijeme \u010ditanja":"2 minute"},"schema":{"@context":"https:\/\/schema.org","@graph":[{"@type":"WebPage","@id":"https:\/\/hyperiondrones.com\/hr\/edukacija-javnih-sluzbi\/","url":"https:\/\/hyperiondrones.com\/hr\/edukacija-javnih-sluzbi\/","name":"Edukacija javnih slu\u017ebi - Hyperion Drones","isPartOf":{"@id":"https:\/\/hyperiondrones.com\/hr\/#website"},"primaryImageOfPage":{"@id":"https:\/\/hyperiondrones.com\/hr\/edukacija-javnih-sluzbi\/#primaryimage"},"image":{"@id":"https:\/\/hyperiondrones.com\/hr\/edukacija-javnih-sluzbi\/#primaryimage"},"thumbnailUrl":"http:\/\/hyperiondrones.com\/wp-content\/uploads\/2023\/10\/Public-services-1-A-person-lecturing-about-drones.png","datePublished":"2023-09-25T09:17:38+00:00","dateModified":"2024-04-18T07:34:15+00:00","description":"Va\u017eno je uvesti specijalizirane i prilago\u0111ene edukacije kako bi se osiguralo efikasno upravljanje UAS-ima.","breadcrumb":{"@id":"https:\/\/hyperiondrones.com\/hr\/edukacija-javnih-sluzbi\/#breadcrumb"},"inLanguage":"hr","potentialAction":[{"@type":"ReadAction","target":["https:\/\/hyperiondrones.com\/hr\/edukacija-javnih-sluzbi\/"]}]},{"@type":"ImageObject","inLanguage":"hr","@id":"https:\/\/hyperiondrones.com\/hr\/edukacija-javnih-sluzbi\/#primaryimage","url":"http:\/\/hyperiondrones.com\/wp-content\/uploads\/2023\/10\/Public-services-1-A-person-lecturing-about-drones.png","contentUrl":"http:\/\/hyperiondrones.com\/wp-content\/uploads\/2023\/10\/Public-services-1-A-person-lecturing-about-drones.png"},{"@type":"BreadcrumbList","@id":"https:\/\/hyperiondrones.com\/hr\/edukacija-javnih-sluzbi\/#breadcrumb","itemListElement":[{"@type":"ListItem","position":1,"name":"Naslovna","item":"https:\/\/hyperiondrones.com\/hr\/"},{"@type":"ListItem","position":2,"name":"Edukacija javnih slu\u017ebi"}]},{"@type":"WebSite","@id":"https:\/\/hyperiondrones.com\/hr\/#website","url":"https:\/\/hyperiondrones.com\/hr\/","name":"Hyperion Drones","description":"Knowledge From Above","publisher":{"@id":"https:\/\/hyperiondrones.com\/hr\/#organization"},"potentialAction":[{"@type":"SearchAction","target":{"@type":"EntryPoint","urlTemplate":"https:\/\/hyperiondrones.com\/hr\/?s={search_term_string}"},"query-input":{"@type":"PropertyValueSpecification","valueRequired":true,"valueName":"search_term_string"}}],"inLanguage":"hr"},{"@type":"Organization","@id":"https:\/\/hyperiondrones.com\/hr\/#organization","name":"Hyperion Drones","url":"https:\/\/hyperiondrones.com\/hr\/","logo":{"@type":"ImageObject","inLanguage":"hr","@id":"https:\/\/hyperiondrones.com\/hr\/#\/schema\/logo\/image\/","url":"https:\/\/hyperiondrones.com\/wp-content\/uploads\/2023\/10\/Prva-verzija-crni-novi.svg","contentUrl":"https:\/\/hyperiondrones.com\/wp-content\/uploads\/2023\/10\/Prva-verzija-crni-novi.svg","width":400,"height":125,"caption":"Hyperion Drones"},"image":{"@id":"https:\/\/hyperiondrones.com\/hr\/#\/schema\/logo\/image\/"}}]}},"_links":{"self":[{"href":"https:\/\/hyperiondrones.com\/hr\/wp-json\/wp\/v2\/pages\/4818","targetHints":{"allow":["GET"]}}],"collection":[{"href":"https:\/\/hyperiondrones.com\/hr\/wp-json\/wp\/v2\/pages"}],"about":[{"href":"https:\/\/hyperiondrones.com\/hr\/wp-json\/wp\/v2\/types\/page"}],"author":[{"embeddable":true,"href":"https:\/\/hyperiondrones.com\/hr\/wp-json\/wp\/v2\/users\/2"}],"replies":[{"embeddable":true,"href":"https:\/\/hyperiondrones.com\/hr\/wp-json\/wp\/v2\/comments?post=4818"}],"version-history":[{"count":0,"href":"https:\/\/hyperiondrones.com\/hr\/wp-json\/wp\/v2\/pages\/4818\/revisions"}],"wp:attachment":[{"href":"https:\/\/hyperiondrones.com\/hr\/wp-json\/wp\/v2\/media?parent=4818"}],"curies":[{"name":"wp","href":"https:\/\/api.w.org\/{rel}","templated":true}]}}