{"id":4820,"date":"2023-09-25T10:17:52","date_gmt":"2023-09-25T09:17:52","guid":{"rendered":"https:\/\/hyperiondrones.com\/obuka-usmjerena-na-specificnu-opremu\/"},"modified":"2024-04-18T08:34:04","modified_gmt":"2024-04-18T07:34:04","slug":"obuka-usmjerena-na-specificnu-opremu","status":"publish","type":"page","link":"https:\/\/hyperiondrones.com\/hr\/obuka-usmjerena-na-specificnu-opremu\/","title":{"rendered":"Obuka usmjerena na specifi\u010dnu opremu"},"content":{"rendered":"<div class=\"gb-container gb-container-c49f8d4c\">\n<div class=\"gb-container gb-container-9d87f8b3 absolute-3\"><\/div>\n\n<div class=\"gb-container gb-container-62ab8109 gb-container-Container-section\">\n<div class=\"gb-container gb-container-07fdf760\">\n<div class=\"gb-grid-wrapper gb-grid-wrapper-118721dd\">\n<div class=\"gb-grid-column gb-grid-column-949cd85b\"><div class=\"gb-container gb-container-949cd85b\">\n<div class=\"gb-container gb-container-ab7e6534 gb-container-Underline-25-width\"><\/div>\n\n\n<h2 class=\"gb-headline gb-headline-feed3653 gb-headline-text\">Otklju\u010dajte maksimalnu efikasnost<\/h2>\n\n\n\n<p class=\"gb-headline gb-headline-941e74d7 gb-headline-text\">U dana\u0161njem brzo razvijaju\u0107em tehnolo\u0161kom okru\u017eenju, oprema koja se koristi u operacijama postaje sve sofisticiranija i kompleksnija. <\/p>\n\n\n\n<p class=\"gb-headline gb-headline-4f64e51d gb-headline-text\">Prepoznajemo izazov koji to mo\u017ee predstavljati te smo osmislili specijalizirane obrazovne programe isklju\u010divo usmjerene na svladavanje upotrebe specifi\u010dne opreme. <\/p>\n\n\n\n<p class=\"gb-headline gb-headline-94f3dea9 gb-headline-text\">Na\u0161a obuka je usmjerena na proizvode i osigurava da korisnici maksimalno i efikasno koriste raspolo\u017eivu opremu.<\/p>\n\n<\/div><\/div>\n\n<div class=\"gb-grid-column gb-grid-column-2be2fa93\"><div class=\"gb-container gb-container-2be2fa93\">\n\n<figure class=\"gb-block-image gb-block-image-b90c986c\"><img decoding=\"async\" width=\"800\" height=\"500\" class=\"gb-image gb-image-b90c986c\" src=\"http:\/\/hyperiondrones.com\/wp-content\/uploads\/2023\/10\/Equipment-Specific-Training-1-A-person-showing-4-other-people-how-to-use-a-drone-controller.png\" alt=\"\" title=\"A person showing 4 other people how to use a drone controller\" srcset=\"https:\/\/hyperiondrones.com\/wp-content\/uploads\/2023\/10\/Equipment-Specific-Training-1-A-person-showing-4-other-people-how-to-use-a-drone-controller.png 800w, https:\/\/hyperiondrones.com\/wp-content\/uploads\/2023\/10\/Equipment-Specific-Training-1-A-person-showing-4-other-people-how-to-use-a-drone-controller-600x375.png 600w, https:\/\/hyperiondrones.com\/wp-content\/uploads\/2023\/10\/Equipment-Specific-Training-1-A-person-showing-4-other-people-how-to-use-a-drone-controller-300x188.png 300w, https:\/\/hyperiondrones.com\/wp-content\/uploads\/2023\/10\/Equipment-Specific-Training-1-A-person-showing-4-other-people-how-to-use-a-drone-controller-768x480.png 768w\" sizes=\"(max-width: 800px) 100vw, 800px\" \/><\/figure>\n\n<\/div><\/div>\n<\/div>\n<\/div>\n<\/div>\n\n<div class=\"gb-container gb-container-c8b7d5de gb-container-Container-section\">\n<div class=\"gb-container gb-container-62b1111d\">\n<div class=\"gb-container gb-container-a0709fbb\">\n<div class=\"gb-container gb-container-98fa3bfa gb-container-Underline-25-width\"><\/div>\n\n<div class=\"gb-container gb-container-731126f9\">\n\n<h2 class=\"gb-headline gb-headline-0e88402f gb-headline-text\">Na\u0161a obuka usmjerena na specifi\u010dnu opremu podrazumijeva<\/h2>\n\n<\/div>\n<\/div>\n\n<div class=\"gb-grid-wrapper gb-grid-wrapper-b199d8be\">\n<div class=\"gb-grid-column gb-grid-column-45301287 gb-grid-column-a5b75a89\"><div class=\"gb-container gb-container-45301287 gb-container-a5b75a89\">\n\n<h3 class=\"gb-headline gb-headline-59f83618\"><span class=\"gb-icon\"><svg xmlns=\"http:\/\/www.w3.org\/2000\/svg\" aria-hidden=\"true\" role=\"img\" height=\"1em\" width=\"1em\" viewBox=\"0 0 512 512\"><path fill=\"currentColor\" d=\"M256 8C119.033 8 8 119.033 8 256s111.033 248 248 248 248-111.033 248-248S392.967 8 256 8zm0 48c110.532 0 200 89.451 200 200 0 110.532-89.451 200-200 200-110.532 0-200-89.451-200-200 0-110.532 89.451-200 200-200m140.204 130.267l-22.536-22.718c-4.667-4.705-12.265-4.736-16.97-.068L215.346 303.697l-59.792-60.277c-4.667-4.705-12.265-4.736-16.97-.069l-22.719 22.536c-4.705 4.667-4.736 12.265-.068 16.971l90.781 91.516c4.667 4.705 12.265 4.736 16.97.068l172.589-171.204c4.704-4.668 4.734-12.266.067-16.971z\"><\/path><\/svg><\/span><span class=\"gb-headline-text\">Upoznavanje s opremom<\/span><\/h3>\n\n\n<div class=\"gb-container gb-container-9e67ee93 gb-container-Underline-100-width\"><\/div>\n\n\n<p class=\"gb-headline gb-headline-e94ac8c5 gb-headline-text\">Detaljni pregled specifikacija opreme, funkcija i zna\u010dajki.<\/p>\n\n<\/div><\/div>\n\n<div class=\"gb-grid-column gb-grid-column-1a41e8e3 gb-grid-column-a5b75a89\"><div class=\"gb-container gb-container-1a41e8e3 gb-container-a5b75a89\">\n\n<h3 class=\"gb-headline gb-headline-ec55311d\"><span class=\"gb-icon\"><svg xmlns=\"http:\/\/www.w3.org\/2000\/svg\" aria-hidden=\"true\" role=\"img\" height=\"1em\" width=\"1em\" viewBox=\"0 0 512 512\"><path fill=\"currentColor\" d=\"M256 8C119.033 8 8 119.033 8 256s111.033 248 248 248 248-111.033 248-248S392.967 8 256 8zm0 48c110.532 0 200 89.451 200 200 0 110.532-89.451 200-200 200-110.532 0-200-89.451-200-200 0-110.532 89.451-200 200-200m140.204 130.267l-22.536-22.718c-4.667-4.705-12.265-4.736-16.97-.068L215.346 303.697l-59.792-60.277c-4.667-4.705-12.265-4.736-16.97-.069l-22.719 22.536c-4.705 4.667-4.736 12.265-.068 16.971l90.781 91.516c4.667 4.705 12.265 4.736 16.97.068l172.589-171.204c4.704-4.668 4.734-12.266.067-16.971z\"><\/path><\/svg><\/span><span class=\"gb-headline-text\">Operativno kori\u0161tenje<\/span><\/h3>\n\n\n<div class=\"gb-container gb-container-c4a45cd7 gb-container-Underline-100-width\"><\/div>\n\n\n<p class=\"gb-headline gb-headline-909e6450 gb-headline-text\">Prilago\u0111ene vje\u017ebe koje opona\u0161aju stvarne izazove relevantne za kori\u0161tenu opremu. Dajemo i smjernice za o\u010duvanje dugovje\u010dnosti opreme, rje\u0161avanje uobi\u010dajenih problema i osiguranje optimalne izvedbe.<\/p>\n\n<\/div><\/div>\n\n<div class=\"gb-grid-column gb-grid-column-54aee1e0 gb-grid-column-a5b75a89\"><div class=\"gb-container gb-container-54aee1e0 gb-container-a5b75a89\">\n\n<h3 class=\"gb-headline gb-headline-95971ffa\"><span class=\"gb-icon\"><svg xmlns=\"http:\/\/www.w3.org\/2000\/svg\" aria-hidden=\"true\" role=\"img\" height=\"1em\" width=\"1em\" viewBox=\"0 0 512 512\"><path fill=\"currentColor\" d=\"M256 8C119.033 8 8 119.033 8 256s111.033 248 248 248 248-111.033 248-248S392.967 8 256 8zm0 48c110.532 0 200 89.451 200 200 0 110.532-89.451 200-200 200-110.532 0-200-89.451-200-200 0-110.532 89.451-200 200-200m140.204 130.267l-22.536-22.718c-4.667-4.705-12.265-4.736-16.97-.068L215.346 303.697l-59.792-60.277c-4.667-4.705-12.265-4.736-16.97-.069l-22.719 22.536c-4.705 4.667-4.736 12.265-.068 16.971l90.781 91.516c4.667 4.705 12.265 4.736 16.97.068l172.589-171.204c4.704-4.668 4.734-12.266.067-16.971z\"><\/path><\/svg><\/span><span class=\"gb-headline-text\">Napredno kori\u0161tenje<\/span><\/h3>\n\n\n<div class=\"gb-container gb-container-b299492a gb-container-Underline-100-width\">\n<div class=\"gb-container gb-container-3a4258fd gb-container-Underline-100-width\"><\/div>\n<\/div>\n\n\n<p class=\"gb-headline gb-headline-d7800a1e gb-headline-text\">Obuka o spajanju nove opreme s prethodno postoje\u0107im alatima i sustavima uz pregled naprednih funkcionalnosti.<\/p>\n\n<\/div><\/div>\n\n<div class=\"gb-grid-column gb-grid-column-84340b50 gb-grid-column-a5b75a89\"><div class=\"gb-container gb-container-84340b50 gb-container-a5b75a89\">\n\n<h3 class=\"gb-headline gb-headline-f2ead6a2\"><span class=\"gb-icon\"><svg xmlns=\"http:\/\/www.w3.org\/2000\/svg\" aria-hidden=\"true\" role=\"img\" height=\"1em\" width=\"1em\" viewBox=\"0 0 512 512\"><path fill=\"currentColor\" d=\"M256 8C119.033 8 8 119.033 8 256s111.033 248 248 248 248-111.033 248-248S392.967 8 256 8zm0 48c110.532 0 200 89.451 200 200 0 110.532-89.451 200-200 200-110.532 0-200-89.451-200-200 0-110.532 89.451-200 200-200m140.204 130.267l-22.536-22.718c-4.667-4.705-12.265-4.736-16.97-.068L215.346 303.697l-59.792-60.277c-4.667-4.705-12.265-4.736-16.97-.069l-22.719 22.536c-4.705 4.667-4.736 12.265-.068 16.971l90.781 91.516c4.667 4.705 12.265 4.736 16.97.068l172.589-171.204c4.704-4.668 4.734-12.266.067-16.971z\"><\/path><\/svg><\/span><span class=\"gb-headline-text\">Prilago\u0111eni te\u010dajevi<\/span><\/h3>\n\n\n<div class=\"gb-container gb-container-31c7b865 gb-container-Underline-100-width\"><\/div>\n\n\n<p class=\"gb-headline gb-headline-2fab39f5 gb-headline-text\">Specijalizirani moduli obuke za novopredstavljenu ili nadolaze\u0107u opremu. Osiguravamo da korisnici budu spremni u trenutku kada oprema bude u upotrebi.<\/p>\n\n<\/div><\/div>\n\n<div class=\"gb-grid-column gb-grid-column-6225e6c1 gb-grid-column-a5b75a89\"><div class=\"gb-container gb-container-6225e6c1 gb-container-a5b75a89\">\n\n<h3 class=\"gb-headline gb-headline-01de6fa5\"><span class=\"gb-icon\"><svg xmlns=\"http:\/\/www.w3.org\/2000\/svg\" aria-hidden=\"true\" role=\"img\" height=\"1em\" width=\"1em\" viewBox=\"0 0 512 512\"><path fill=\"currentColor\" d=\"M256 8C119.033 8 8 119.033 8 256s111.033 248 248 248 248-111.033 248-248S392.967 8 256 8zm0 48c110.532 0 200 89.451 200 200 0 110.532-89.451 200-200 200-110.532 0-200-89.451-200-200 0-110.532 89.451-200 200-200m140.204 130.267l-22.536-22.718c-4.667-4.705-12.265-4.736-16.97-.068L215.346 303.697l-59.792-60.277c-4.667-4.705-12.265-4.736-16.97-.069l-22.719 22.536c-4.705 4.667-4.736 12.265-.068 16.971l90.781 91.516c4.667 4.705 12.265 4.736 16.97.068l172.589-171.204c4.704-4.668 4.734-12.266.067-16.971z\"><\/path><\/svg><\/span><span class=\"gb-headline-text\">Dokumentacija i priru\u010dnici<\/span><\/h3>\n\n\n<div class=\"gb-container gb-container-4e709e94 gb-container-Underline-100-width\"><\/div>\n\n\n<p class=\"gb-headline gb-headline-110d906d gb-headline-text\">Operativni priru\u010dnici dizajnirani za svakog subjekta. Predstavljaju sveobuhvatnu literaturu koja pokriva sve aspekte funkcionalnosti, odr\u017eavanja i integracije opreme.<\/p>\n\n<\/div><\/div>\n\n<div class=\"gb-grid-column gb-grid-column-5ae073cd gb-grid-column-a5b75a89\"><div class=\"gb-container gb-container-5ae073cd gb-container-a5b75a89\">\n\n<h3 class=\"gb-headline gb-headline-959a6254\"><span class=\"gb-icon\"><svg xmlns=\"http:\/\/www.w3.org\/2000\/svg\" aria-hidden=\"true\" role=\"img\" height=\"1em\" width=\"1em\" viewBox=\"0 0 512 512\"><path fill=\"currentColor\" d=\"M256 8C119.033 8 8 119.033 8 256s111.033 248 248 248 248-111.033 248-248S392.967 8 256 8zm0 48c110.532 0 200 89.451 200 200 0 110.532-89.451 200-200 200-110.532 0-200-89.451-200-200 0-110.532 89.451-200 200-200m140.204 130.267l-22.536-22.718c-4.667-4.705-12.265-4.736-16.97-.068L215.346 303.697l-59.792-60.277c-4.667-4.705-12.265-4.736-16.97-.069l-22.719 22.536c-4.705 4.667-4.736 12.265-.068 16.971l90.781 91.516c4.667 4.705 12.265 4.736 16.97.068l172.589-171.204c4.704-4.668 4.734-12.266.067-16.971z\"><\/path><\/svg><\/span><span class=\"gb-headline-text\">Kontinuirano u\u010denje<\/span><\/h3>\n\n\n<div class=\"gb-container gb-container-18ac34f5 gb-container-Underline-100-width\"><\/div>\n\n\n<p class=\"gb-headline gb-headline-a7694250 gb-headline-text\">&nbsp;Redovne radionice na kojima se pokriva upotreba, nadogradnja ili specifi\u010dnost opreme. Te\u010dajevi se revidiraju na temelju povratnih informacija od strane korisnika kako bi se stalno pove\u0107avala kvaliteta.<\/p>\n\n<\/div><\/div>\n<\/div>\n<\/div>\n<\/div>\n<\/div>\n\n<div class=\"gb-container gb-container-cc437598 gb-container-Container-section\">\n<div class=\"gb-container gb-container-33fee6f9\"><\/div>\n\n<div class=\"gb-container gb-container-65604281\"><\/div>\n\n<div class=\"gb-container gb-container-a2b27c5e\"><\/div>\n<\/div>\n\n<div class=\"gb-container gb-container-663c9f85 gb-container-Section-Bottom\">\n<div class=\"gb-container gb-container-96f244ed alignwide gb-container-Container-Bottom\">\n\n<p class=\"gb-headline gb-headline-526e2ad2 gb-headline-text\">Hyperion Drones su posve\u0107eni osna\u017eivanju korisnika u prakti\u010dnom znanju i vje\u0161tinama.<\/p>\n\n\n\n<p class=\"gb-headline gb-headline-ed37b2d0 gb-headline-text\"> Na\u0161a obuka usmjerena na specifi\u010dnu opremu svjedo\u010di na\u0161oj predanosti, osiguravaju\u0107i da svaki komad opreme bude maksimalno iskori\u0161ten.<\/p>\n\n\n\n<a class=\"gb-button gb-button-5e2d3358 gb-button-text gb-button-Button\" href=\"https:\/\/hyperiondrones.com\/hr\/kontakt\/\">kontaktirajte nas<\/a>\n\n<\/div>\n<\/div>","protected":false},"excerpt":{"rendered":"<p>Na\u0161a obuka usmjerena na specifi\u010dnu opremu podrazumijeva Hyperion Drones su posve\u0107eni osna\u017eivanju korisnika u prakti\u010dnom znanju i vje\u0161tinama. Na\u0161a obuka usmjerena na specifi\u010dnu opremu svjedo\u010di na\u0161oj predanosti, osiguravaju\u0107i da svaki &#8230; <a title=\"Obuka usmjerena na specifi\u010dnu opremu\" class=\"read-more\" href=\"https:\/\/hyperiondrones.com\/hr\/obuka-usmjerena-na-specificnu-opremu\/\" aria-label=\"Read more about Obuka usmjerena na specifi\u010dnu opremu\">Read more<\/a><\/p>\n","protected":false},"author":2,"featured_media":0,"parent":0,"menu_order":0,"comment_status":"closed","ping_status":"closed","template":"","meta":{"_acf_changed":false,"footnotes":""},"class_list":["post-4820","page","type-page","status-publish"],"acf":[],"yoast_head":"<!-- This site is optimized with the Yoast SEO plugin v27.4 - https:\/\/yoast.com\/product\/yoast-seo-wordpress\/ -->\n<title>Obuka usmjerena na specifi\u010dnu opremu - Hyperion Drones<\/title>\n<meta name=\"description\" content=\"Na\u0161a obuka je usmjerena na proizvode i osigurava da korisnici maksimalno i efikasno koriste raspolo\u017eivu opremu.\" \/>\n<meta name=\"robots\" content=\"index, follow, max-snippet:-1, max-image-preview:large, max-video-preview:-1\" \/>\n<link rel=\"canonical\" href=\"https:\/\/hyperiondrones.com\/hr\/obuka-usmjerena-na-specificnu-opremu\/\" \/>\n<meta property=\"og:locale\" content=\"hr_HR\" \/>\n<meta property=\"og:type\" content=\"article\" \/>\n<meta property=\"og:title\" content=\"Obuka usmjerena na specifi\u010dnu opremu - Hyperion Drones\" \/>\n<meta property=\"og:description\" content=\"Na\u0161a obuka je usmjerena na proizvode i osigurava da korisnici maksimalno i efikasno koriste raspolo\u017eivu opremu.\" \/>\n<meta property=\"og:url\" content=\"https:\/\/hyperiondrones.com\/hr\/obuka-usmjerena-na-specificnu-opremu\/\" \/>\n<meta property=\"og:site_name\" content=\"Hyperion Drones\" \/>\n<meta property=\"article:modified_time\" content=\"2024-04-18T07:34:04+00:00\" \/>\n<meta property=\"og:image\" content=\"http:\/\/hyperiondrones.com\/wp-content\/uploads\/2023\/10\/Equipment-Specific-Training-1-A-person-showing-4-other-people-how-to-use-a-drone-controller.png\" \/>\n<meta name=\"twitter:card\" content=\"summary_large_image\" \/>\n<meta name=\"twitter:label1\" content=\"Procijenjeno vrijeme \u010ditanja\" \/>\n\t<meta name=\"twitter:data1\" content=\"2 minute\" \/>\n<script type=\"application\/ld+json\" class=\"yoast-schema-graph\">{\"@context\":\"https:\\\/\\\/schema.org\",\"@graph\":[{\"@type\":\"WebPage\",\"@id\":\"https:\\\/\\\/hyperiondrones.com\\\/hr\\\/obuka-usmjerena-na-specificnu-opremu\\\/\",\"url\":\"https:\\\/\\\/hyperiondrones.com\\\/hr\\\/obuka-usmjerena-na-specificnu-opremu\\\/\",\"name\":\"Obuka usmjerena na specifi\u010dnu opremu - Hyperion Drones\",\"isPartOf\":{\"@id\":\"https:\\\/\\\/hyperiondrones.com\\\/hr\\\/#website\"},\"primaryImageOfPage\":{\"@id\":\"https:\\\/\\\/hyperiondrones.com\\\/hr\\\/obuka-usmjerena-na-specificnu-opremu\\\/#primaryimage\"},\"image\":{\"@id\":\"https:\\\/\\\/hyperiondrones.com\\\/hr\\\/obuka-usmjerena-na-specificnu-opremu\\\/#primaryimage\"},\"thumbnailUrl\":\"http:\\\/\\\/hyperiondrones.com\\\/wp-content\\\/uploads\\\/2023\\\/10\\\/Equipment-Specific-Training-1-A-person-showing-4-other-people-how-to-use-a-drone-controller.png\",\"datePublished\":\"2023-09-25T09:17:52+00:00\",\"dateModified\":\"2024-04-18T07:34:04+00:00\",\"description\":\"Na\u0161a obuka je usmjerena na proizvode i osigurava da korisnici maksimalno i efikasno koriste raspolo\u017eivu opremu.\",\"breadcrumb\":{\"@id\":\"https:\\\/\\\/hyperiondrones.com\\\/hr\\\/obuka-usmjerena-na-specificnu-opremu\\\/#breadcrumb\"},\"inLanguage\":\"hr\",\"potentialAction\":[{\"@type\":\"ReadAction\",\"target\":[\"https:\\\/\\\/hyperiondrones.com\\\/hr\\\/obuka-usmjerena-na-specificnu-opremu\\\/\"]}]},{\"@type\":\"ImageObject\",\"inLanguage\":\"hr\",\"@id\":\"https:\\\/\\\/hyperiondrones.com\\\/hr\\\/obuka-usmjerena-na-specificnu-opremu\\\/#primaryimage\",\"url\":\"http:\\\/\\\/hyperiondrones.com\\\/wp-content\\\/uploads\\\/2023\\\/10\\\/Equipment-Specific-Training-1-A-person-showing-4-other-people-how-to-use-a-drone-controller.png\",\"contentUrl\":\"http:\\\/\\\/hyperiondrones.com\\\/wp-content\\\/uploads\\\/2023\\\/10\\\/Equipment-Specific-Training-1-A-person-showing-4-other-people-how-to-use-a-drone-controller.png\"},{\"@type\":\"BreadcrumbList\",\"@id\":\"https:\\\/\\\/hyperiondrones.com\\\/hr\\\/obuka-usmjerena-na-specificnu-opremu\\\/#breadcrumb\",\"itemListElement\":[{\"@type\":\"ListItem\",\"position\":1,\"name\":\"Naslovna\",\"item\":\"https:\\\/\\\/hyperiondrones.com\\\/hr\\\/\"},{\"@type\":\"ListItem\",\"position\":2,\"name\":\"Obuka usmjerena na specifi\u010dnu opremu\"}]},{\"@type\":\"WebSite\",\"@id\":\"https:\\\/\\\/hyperiondrones.com\\\/hr\\\/#website\",\"url\":\"https:\\\/\\\/hyperiondrones.com\\\/hr\\\/\",\"name\":\"Hyperion Drones\",\"description\":\"Knowledge From Above\",\"publisher\":{\"@id\":\"https:\\\/\\\/hyperiondrones.com\\\/hr\\\/#organization\"},\"potentialAction\":[{\"@type\":\"SearchAction\",\"target\":{\"@type\":\"EntryPoint\",\"urlTemplate\":\"https:\\\/\\\/hyperiondrones.com\\\/hr\\\/?s={search_term_string}\"},\"query-input\":{\"@type\":\"PropertyValueSpecification\",\"valueRequired\":true,\"valueName\":\"search_term_string\"}}],\"inLanguage\":\"hr\"},{\"@type\":\"Organization\",\"@id\":\"https:\\\/\\\/hyperiondrones.com\\\/hr\\\/#organization\",\"name\":\"Hyperion Drones\",\"url\":\"https:\\\/\\\/hyperiondrones.com\\\/hr\\\/\",\"logo\":{\"@type\":\"ImageObject\",\"inLanguage\":\"hr\",\"@id\":\"https:\\\/\\\/hyperiondrones.com\\\/hr\\\/#\\\/schema\\\/logo\\\/image\\\/\",\"url\":\"https:\\\/\\\/hyperiondrones.com\\\/wp-content\\\/uploads\\\/2023\\\/10\\\/Prva-verzija-crni-novi.svg\",\"contentUrl\":\"https:\\\/\\\/hyperiondrones.com\\\/wp-content\\\/uploads\\\/2023\\\/10\\\/Prva-verzija-crni-novi.svg\",\"width\":400,\"height\":125,\"caption\":\"Hyperion Drones\"},\"image\":{\"@id\":\"https:\\\/\\\/hyperiondrones.com\\\/hr\\\/#\\\/schema\\\/logo\\\/image\\\/\"}}]}<\/script>\n<!-- \/ Yoast SEO plugin. -->","yoast_head_json":{"title":"Obuka usmjerena na specifi\u010dnu opremu - Hyperion Drones","description":"Na\u0161a obuka je usmjerena na proizvode i osigurava da korisnici maksimalno i efikasno koriste raspolo\u017eivu opremu.","robots":{"index":"index","follow":"follow","max-snippet":"max-snippet:-1","max-image-preview":"max-image-preview:large","max-video-preview":"max-video-preview:-1"},"canonical":"https:\/\/hyperiondrones.com\/hr\/obuka-usmjerena-na-specificnu-opremu\/","og_locale":"hr_HR","og_type":"article","og_title":"Obuka usmjerena na specifi\u010dnu opremu - Hyperion Drones","og_description":"Na\u0161a obuka je usmjerena na proizvode i osigurava da korisnici maksimalno i efikasno koriste raspolo\u017eivu opremu.","og_url":"https:\/\/hyperiondrones.com\/hr\/obuka-usmjerena-na-specificnu-opremu\/","og_site_name":"Hyperion Drones","article_modified_time":"2024-04-18T07:34:04+00:00","og_image":[{"url":"http:\/\/hyperiondrones.com\/wp-content\/uploads\/2023\/10\/Equipment-Specific-Training-1-A-person-showing-4-other-people-how-to-use-a-drone-controller.png","type":"","width":"","height":""}],"twitter_card":"summary_large_image","twitter_misc":{"Procijenjeno vrijeme \u010ditanja":"2 minute"},"schema":{"@context":"https:\/\/schema.org","@graph":[{"@type":"WebPage","@id":"https:\/\/hyperiondrones.com\/hr\/obuka-usmjerena-na-specificnu-opremu\/","url":"https:\/\/hyperiondrones.com\/hr\/obuka-usmjerena-na-specificnu-opremu\/","name":"Obuka usmjerena na specifi\u010dnu opremu - Hyperion Drones","isPartOf":{"@id":"https:\/\/hyperiondrones.com\/hr\/#website"},"primaryImageOfPage":{"@id":"https:\/\/hyperiondrones.com\/hr\/obuka-usmjerena-na-specificnu-opremu\/#primaryimage"},"image":{"@id":"https:\/\/hyperiondrones.com\/hr\/obuka-usmjerena-na-specificnu-opremu\/#primaryimage"},"thumbnailUrl":"http:\/\/hyperiondrones.com\/wp-content\/uploads\/2023\/10\/Equipment-Specific-Training-1-A-person-showing-4-other-people-how-to-use-a-drone-controller.png","datePublished":"2023-09-25T09:17:52+00:00","dateModified":"2024-04-18T07:34:04+00:00","description":"Na\u0161a obuka je usmjerena na proizvode i osigurava da korisnici maksimalno i efikasno koriste raspolo\u017eivu opremu.","breadcrumb":{"@id":"https:\/\/hyperiondrones.com\/hr\/obuka-usmjerena-na-specificnu-opremu\/#breadcrumb"},"inLanguage":"hr","potentialAction":[{"@type":"ReadAction","target":["https:\/\/hyperiondrones.com\/hr\/obuka-usmjerena-na-specificnu-opremu\/"]}]},{"@type":"ImageObject","inLanguage":"hr","@id":"https:\/\/hyperiondrones.com\/hr\/obuka-usmjerena-na-specificnu-opremu\/#primaryimage","url":"http:\/\/hyperiondrones.com\/wp-content\/uploads\/2023\/10\/Equipment-Specific-Training-1-A-person-showing-4-other-people-how-to-use-a-drone-controller.png","contentUrl":"http:\/\/hyperiondrones.com\/wp-content\/uploads\/2023\/10\/Equipment-Specific-Training-1-A-person-showing-4-other-people-how-to-use-a-drone-controller.png"},{"@type":"BreadcrumbList","@id":"https:\/\/hyperiondrones.com\/hr\/obuka-usmjerena-na-specificnu-opremu\/#breadcrumb","itemListElement":[{"@type":"ListItem","position":1,"name":"Naslovna","item":"https:\/\/hyperiondrones.com\/hr\/"},{"@type":"ListItem","position":2,"name":"Obuka usmjerena na specifi\u010dnu opremu"}]},{"@type":"WebSite","@id":"https:\/\/hyperiondrones.com\/hr\/#website","url":"https:\/\/hyperiondrones.com\/hr\/","name":"Hyperion Drones","description":"Knowledge From Above","publisher":{"@id":"https:\/\/hyperiondrones.com\/hr\/#organization"},"potentialAction":[{"@type":"SearchAction","target":{"@type":"EntryPoint","urlTemplate":"https:\/\/hyperiondrones.com\/hr\/?s={search_term_string}"},"query-input":{"@type":"PropertyValueSpecification","valueRequired":true,"valueName":"search_term_string"}}],"inLanguage":"hr"},{"@type":"Organization","@id":"https:\/\/hyperiondrones.com\/hr\/#organization","name":"Hyperion Drones","url":"https:\/\/hyperiondrones.com\/hr\/","logo":{"@type":"ImageObject","inLanguage":"hr","@id":"https:\/\/hyperiondrones.com\/hr\/#\/schema\/logo\/image\/","url":"https:\/\/hyperiondrones.com\/wp-content\/uploads\/2023\/10\/Prva-verzija-crni-novi.svg","contentUrl":"https:\/\/hyperiondrones.com\/wp-content\/uploads\/2023\/10\/Prva-verzija-crni-novi.svg","width":400,"height":125,"caption":"Hyperion Drones"},"image":{"@id":"https:\/\/hyperiondrones.com\/hr\/#\/schema\/logo\/image\/"}}]}},"_links":{"self":[{"href":"https:\/\/hyperiondrones.com\/hr\/wp-json\/wp\/v2\/pages\/4820","targetHints":{"allow":["GET"]}}],"collection":[{"href":"https:\/\/hyperiondrones.com\/hr\/wp-json\/wp\/v2\/pages"}],"about":[{"href":"https:\/\/hyperiondrones.com\/hr\/wp-json\/wp\/v2\/types\/page"}],"author":[{"embeddable":true,"href":"https:\/\/hyperiondrones.com\/hr\/wp-json\/wp\/v2\/users\/2"}],"replies":[{"embeddable":true,"href":"https:\/\/hyperiondrones.com\/hr\/wp-json\/wp\/v2\/comments?post=4820"}],"version-history":[{"count":0,"href":"https:\/\/hyperiondrones.com\/hr\/wp-json\/wp\/v2\/pages\/4820\/revisions"}],"wp:attachment":[{"href":"https:\/\/hyperiondrones.com\/hr\/wp-json\/wp\/v2\/media?parent=4820"}],"curies":[{"name":"wp","href":"https:\/\/api.w.org\/{rel}","templated":true}]}}