{"id":4970,"date":"2023-11-14T16:48:48","date_gmt":"2023-11-14T15:48:48","guid":{"rendered":"https:\/\/hyperiondrones.com\/pravila-privatnosti\/"},"modified":"2023-11-15T16:25:49","modified_gmt":"2023-11-15T15:25:49","slug":"pravila-privatnosti","status":"publish","type":"page","link":"https:\/\/hyperiondrones.com\/hr\/pravila-privatnosti\/","title":{"rendered":"Pravila privatnosti"},"content":{"rendered":"<div class=\"gb-container gb-container-8ae39c70 gb-container-Container-section\">\n<div class=\"gb-container gb-container-a1ac52b0 absolute-4\"><\/div>\n\n<div class=\"gb-container gb-container-47636c8b\">\n<div class=\"gb-container gb-container-5f20b239 gb-container-Underline-25-width\"><\/div>\n\n\n<h1 class=\"gb-headline gb-headline-34265168 gb-headline-text\">Pravila privatnosti<\/h1>\n\n\n\n<p>Na Hyperion Drones, dostupno na https:\/\/hyperiondrones.com, jedan od na\u0161ih glavnih prioriteta je privatnost na\u0161ih posjetitelja. Ovaj dokument o pravilima privatnosti sadr\u017eava vrste informacija koje prikupljamo i bilje\u017eimo na Hyperion Drones i kako ih koristimo.<\/p>\n\n\n\n<p>Ako imate dodatna pitanja ili trebate vi\u0161e informacija o na\u0161im pravilima privatnosti, slobodno nas kontaktirajte.<\/p>\n\n\n\n<p>Ova politika privatnosti primjenjuje se samo na na\u0161e online aktivnosti i va\u017ee\u0107a je za posjetitelje na\u0161e web stranice u vezi s informacijama koje dijele i\/ili prikupljaju na Hyperion Drones. Ova politika nije primjenjiva na informacije prikupljene izvan mre\u017ee ili putem kanala drugih od ove web stranice.<\/p>\n\n\n\n<h2 class=\"wp-block-heading\">Suglasnost<\/h2>\n\n\n\n<p>Kori\u0161tenjem na\u0161e web stranice, izra\u017eavate svoju suglasnost s na\u0161im Pravilima privatnosti i pristajete na njihove uvjete.<\/p>\n\n\n\n<h2 class=\"wp-block-heading\">Informacije koje prikupljamo<\/h2>\n\n\n\n<p>Osobne informacije koje od vas tra\u017eimo, kao i razlozi zbog kojih ih tra\u017eimo, bit \u0107e vam jasni u trenutku kada vas zamolimo da ih dostavite.<\/p>\n\n\n\n<p>Ako nas izravno kontaktirate, mo\u017eemo primiti dodatne informacije o vama, kao \u0161to su va\u0161e ime, e-adresa, broj telefona, sadr\u017eaj poruke i\/ili prilozi koje nam po\u0161aljete, te sve druge informacije koje odlu\u010dite podijeliti.<\/p>\n\n\n\n<p>Kada se registrirate za ra\u010dun, mo\u017eemo zatra\u017eiti va\u0161e kontakt informacije, uklju\u010duju\u0107i stavke poput imena, naziva tvrtke, adrese, e-adrese i broja telefona.<\/p>\n\n\n\n<h2 class=\"wp-block-heading\">Kako koristimo va\u0161e informacije<\/h2>\n\n\n\n<p>Informacije koje prikupljamo koristimo na razli\u010dite na\u010dine, uklju\u010duju\u0107i:<\/p>\n\n\n\n<ul class=\"wp-block-list\">\n<li>Pru\u017eanje, odr\u017eavanje i upravljanje na\u0161e web stranice<\/li>\n\n\n\n<li>Unapre\u0111ivanje, personaliziranje i pro\u0161irivanje na\u0161e web stranice<\/li>\n\n\n\n<li>Razumijevanje i analiza na\u010dina na koji koristite na\u0161u web stranicu<\/li>\n\n\n\n<li>Razvoj novih proizvoda, usluga, zna\u010dajki i funkcionalnosti<\/li>\n\n\n\n<li>Komunikacija s vama, izravno ili putem na\u0161ih partnera, uklju\u010duju\u0107i korisni\u010dku podr\u0161ku, pru\u017eanje a\u017euriranja i drugih informacija koje se odnose na web stranicu, te u marketin\u0161ke i promotivne svrhe<\/li>\n\n\n\n<li>Slanje e-po\u0161te<\/li>\n\n\n\n<li>Pronala\u017eenje i sprje\u010davanje prijevare<\/li>\n<\/ul>\n\n\n\n<h2 class=\"wp-block-heading\">Zapisnici<\/h2>\n\n\n\n<p>Hyperion Drones slijedi standardnu proceduru kori\u0161tenja zapisnika. Ovi zapisi prate posjetitelje prilikom posjeta web stranicama. Sve hosting tvrtke to rade i dio su analitike usluga hostinga. Informacije prikupljene putem zapisnika uklju\u010duju internet protokolne (IP) adrese, tip preglednika, davatelja internetskih usluga (ISP), vremensku oznaku, referentne\/izlazne stranice i eventualno broj klikova. Ove informacije nisu povezane s bilo kojim identificiraju\u0107im podacima. Svrha informacija je analizirati trendove, upravljati web mjestom, pratiti kretanje korisnika na web stranici i prikupljati demografske informacije.<\/p>\n\n\n\n<h2 class=\"wp-block-heading\">Kola\u010di\u0107i i web pra\u0107enje<\/h2>\n\n\n\n<p>Kao i druge web stranice, Hyperion Drones koristi &#8220;kola\u010di\u0107e&#8221;. Ovi kola\u010di\u0107i koriste se za pohranu informacija, uklju\u010duju\u0107i preferencije posjetitelja i stranice na web mjestu koje je posjetitelj pristupio ili posjetio. Informacije se koriste kako bi se optimiziralo iskustvo korisnika prilago\u0111avanjem sadr\u017eaja na\u0161e web stranice na temelju vrste preglednika posjetitelja i\/ili drugih informacija.<\/p>\n\n\n\n<h2 class=\"wp-block-heading\">Pravila privatnosti ogla\u0161iva\u010dkih partnera<\/h2>\n\n\n\n<p>Mo\u017eete konzultirati ovaj popis kako biste prona\u0161li Pravila privatnosti svakog od ogla\u0161iva\u010dkih partnera Hyperion Drones.<\/p>\n\n\n\n<p>Oglasni poslu\u017eitelji ili oglasne mre\u017ee tre\u0107ih strana koriste tehnologije kao \u0161to su kola\u010di\u0107i, JavaScript ili web svjetionici koje se koriste u njihovim oglasima i poveznicama koje se pojavljuju na Hyperion Drones, a koje se \u0161alju izravno u preglednik korisnika. Oni automatski primaju va\u0161u IP adresu kada se to dogodi. Te se tehnologije koriste za mjerenje u\u010dinkovitosti njihovih reklamnih kampanja i\/ili za personalizaciju reklamnog sadr\u017eaja koji vidite na web stranicama koje posje\u0107ujete.<\/p>\n\n\n\n<p>Imajte na umu da Hyperion Drones nema pristup niti kontrolu nad ovim kola\u010di\u0107ima koje koriste ogla\u0161iva\u010di tre\u0107ih strana.<\/p>\n\n\n\n<h2 class=\"wp-block-heading\">Pravila privatnosti tre\u0107ih strana<\/h2>\n\n\n\n<p>Pravila privatnosti Hyperion Drones ne primjenjuju se na druge ogla\u0161iva\u010de ili web stranice. Stoga vam preporu\u010dujemo da konzultirate odgovaraju\u0107a Pravila privatnosti tih ogla\u0161iva\u010dkih poslu\u017eitelja za detaljnije informacije. To mo\u017ee uklju\u010divati njihove prakse i upute o tome kako se odjaviti iz odre\u0111enih opcija.<\/p>\n\n\n\n<p>Mo\u017eete odlu\u010diti onemogu\u0107iti kola\u010di\u0107e putem opcija u va\u0161em osobnom pregledniku. Detaljnije informacije o upravljanju kola\u010di\u0107ima pomo\u0107u odre\u0111enih web preglednika mogu se prona\u0107i na odgovaraju\u0107im web stranicama tih preglednika.<\/p>\n\n\n\n<h2 class=\"wp-block-heading\">Prava privatnosti prema CCPA (Ne prodajte moje osobne informacije)<\/h2>\n\n\n\n<p>Prema CCPA, me\u0111u ostalim pravima, kalifornijski potro\u0161a\u010di imaju pravo:<\/p>\n\n\n\n<p>Zatra\u017eiti od tvrtke koja prikuplja osobne podatke potro\u0161a\u010da da otkrije kategorije i odre\u0111ene komade osobnih podataka koje je tvrtka prikupila o potro\u0161a\u010dima.<\/p>\n\n\n\n<p>Zatra\u017eiti od tvrtke da izbri\u0161e sve osobne podatke o potro\u0161a\u010du koje je tvrtka prikupila.<\/p>\n\n\n\n<p>Zatra\u017eiti od tvrtke koja prodaje osobne podatke potro\u0161a\u010da da ne prodaje osobne podatke potro\u0161a\u010da.<\/p>\n\n\n\n<p>Ako podnesete zahtjev, imamo mjesec dana da vam odgovorimo. Ako \u017eelite ostvariti bilo koje od ovih prava, kontaktirajte nas.<\/p>\n\n\n\n<h2 class=\"wp-block-heading\">Prava za\u0161tite podataka prema GDPR-u<\/h2>\n\n\n\n<p>\u017delimo se uvjeriti da ste potpuno svjesni svojih prava za\u0161tite podataka. Svaki korisnik ima sljede\u0107a prava:<\/p>\n\n\n\n<p>Pravo na pristup \u2013 Imate pravo zatra\u017eiti kopije svojih osobnih podataka. Za ovu uslugu mo\u017eemo vam naplatiti malu naknadu.<\/p>\n\n\n\n<p>Pravo na ispravak \u2013 Imate pravo zatra\u017eiti ispravak bilo kojih informacija koje smatrate neto\u010dnima. Tako\u0111er imate pravo zatra\u017eiti da dopunimo informacije koje smatrate nepotpunima.<\/p>\n\n\n\n<p>Pravo na brisanje \u2013 Imate pravo zatra\u017eiti brisanje svojih osobnih podataka, pod odre\u0111enim uvjetima.<\/p>\n\n\n\n<p>Pravo na ograni\u010davanje obrade \u2013 Imate pravo zatra\u017eiti ograni\u010denje obrade va\u0161ih osobnih podataka, pod odre\u0111enim uvjetima.<\/p>\n\n\n\n<p>Pravo na prigovor na obradu \u2013 Imate pravo prigovoriti obradi va\u0161ih osobnih podataka, pod odre\u0111enim uvjetima.<\/p>\n\n\n\n<p>Pravo na prenosivost podataka \u2013 Imate pravo zatra\u017eiti prijenos podataka koje smo prikupili drugoj organizaciji ili izravno vama, pod odre\u0111enim uvjetima.<\/p>\n\n\n\n<p>Ako podnesete zahtjev, imamo mjesec dana da vam odgovorimo. Ako \u017eelite ostvariti bilo koje od ovih prava, kontaktirajte nas.<\/p>\n\n\n\n<h2 class=\"wp-block-heading\">Informacije o djeci<\/h2>\n\n\n\n<p>Jo\u0161 jedan dio na\u0161eg prioriteta je dodavanje za\u0161tite za djecu tijekom kori\u0161tenja interneta. Poti\u010demo roditelje i skrbnike da promatraju, sudjeluju u, i\/ili nadziru i vode njihove online aktivnosti.<\/p>\n\n\n\n<p>Hyperion Drones namjerno ne prikuplja nikakve osobne identifikacijske informacije od djece mla\u0111e od 13 godina. Ako smatrate da je va\u0161e dijete pru\u017eilo ovakve informacije na na\u0161oj web stranici, poti\u010demo vas da nas odmah kontaktirate, i ulo\u017eit \u0107emo najbolje napore kako bismo promptno uklonili takve informacije iz na\u0161ih evidencija.<\/p>\n\n\n\n<h2 class=\"wp-block-heading\">Promjene u ovim pravilima privatnosti<\/h2>\n\n\n\n<p>Mo\u017eemo a\u017eurirati svoja pravila privatnosti s vremena na vrijeme. Stoga vam savjetujemo da povremeno pregledavate ovu stranicu radi bilo kakvih promjena. Obavijestit \u0107emo vas o svakoj promjeni objavljivanjem novih pravila privatnosti na ovoj stranici. Ove promjene stupaju na snagu odmah nakon objave na ovoj stranici.<\/p>\n\n\n\n<p>Na\u0161a Pravila privatnosti izra\u0111ena su uz pomo\u0107 <a href=\"https:\/\/www.termsfeed.com\/privacy-policy-generator\/\">Generatora pravila privatnosti<\/a>.<\/p>\n\n\n\n<h2 class=\"wp-block-heading\">Kontaktirajte nas<\/h2>\n\n\n\n<p>Ako imate bilo kakvih pitanja ili prijedloga u vezi s na\u0161im pravilima privatnosti, slobodno nas <a href=\"https:\/\/hyperiondrones.com\/hr\/kontakt\/\">kontaktirajte<\/a>.<\/p>\n\n\n\n<p><\/p>\n\n\n\n<p>E-mail: info@hyperiondrones.com<\/p>\n\n\n\n<p>Company name: Admiratio j.d.o.o.<\/p>\n\n\n\n<p>Address: Lu\u010dica 1, 31220 Trogir<\/p>\n\n<\/div>\n<\/div>","protected":false},"excerpt":{"rendered":"<p>Pravila privatnosti Na Hyperion Drones, dostupno na https:\/\/hyperiondrones.com, jedan od na\u0161ih glavnih prioriteta je privatnost na\u0161ih posjetitelja. Ovaj dokument o pravilima privatnosti sadr\u017eava vrste informacija koje prikupljamo i bilje\u017eimo na &#8230; <a title=\"Pravila privatnosti\" class=\"read-more\" href=\"https:\/\/hyperiondrones.com\/hr\/pravila-privatnosti\/\" aria-label=\"Read more about Pravila privatnosti\">Read more<\/a><\/p>\n","protected":false},"author":2,"featured_media":0,"parent":0,"menu_order":0,"comment_status":"closed","ping_status":"closed","template":"","meta":{"_acf_changed":false,"footnotes":""},"class_list":["post-4970","page","type-page","status-publish"],"acf":[],"yoast_head":"<!-- This site is optimized with the Yoast SEO plugin v27.4 - https:\/\/yoast.com\/product\/yoast-seo-wordpress\/ -->\n<title>Pravila privatnosti - Hyperion Drones<\/title>\n<meta name=\"robots\" content=\"index, follow, max-snippet:-1, max-image-preview:large, max-video-preview:-1\" \/>\n<link rel=\"canonical\" href=\"https:\/\/hyperiondrones.com\/hr\/pravila-privatnosti\/\" \/>\n<meta property=\"og:locale\" content=\"hr_HR\" \/>\n<meta property=\"og:type\" content=\"article\" \/>\n<meta property=\"og:title\" content=\"Pravila privatnosti - Hyperion Drones\" \/>\n<meta property=\"og:description\" content=\"Pravila privatnosti Na Hyperion Drones, dostupno na https:\/\/hyperiondrones.com, jedan od na\u0161ih glavnih prioriteta je privatnost na\u0161ih posjetitelja. Ovaj dokument o pravilima privatnosti sadr\u017eava vrste informacija koje prikupljamo i bilje\u017eimo na ... Read more\" \/>\n<meta property=\"og:url\" content=\"https:\/\/hyperiondrones.com\/hr\/pravila-privatnosti\/\" \/>\n<meta property=\"og:site_name\" content=\"Hyperion Drones\" \/>\n<meta property=\"article:modified_time\" content=\"2023-11-15T15:25:49+00:00\" \/>\n<meta name=\"twitter:card\" content=\"summary_large_image\" \/>\n<meta name=\"twitter:label1\" content=\"Procijenjeno vrijeme \u010ditanja\" \/>\n\t<meta name=\"twitter:data1\" content=\"6 minuta\" \/>\n<script type=\"application\/ld+json\" class=\"yoast-schema-graph\">{\"@context\":\"https:\\\/\\\/schema.org\",\"@graph\":[{\"@type\":\"WebPage\",\"@id\":\"https:\\\/\\\/hyperiondrones.com\\\/hr\\\/pravila-privatnosti\\\/\",\"url\":\"https:\\\/\\\/hyperiondrones.com\\\/hr\\\/pravila-privatnosti\\\/\",\"name\":\"Pravila privatnosti - Hyperion Drones\",\"isPartOf\":{\"@id\":\"https:\\\/\\\/hyperiondrones.com\\\/hr\\\/#website\"},\"datePublished\":\"2023-11-14T15:48:48+00:00\",\"dateModified\":\"2023-11-15T15:25:49+00:00\",\"breadcrumb\":{\"@id\":\"https:\\\/\\\/hyperiondrones.com\\\/hr\\\/pravila-privatnosti\\\/#breadcrumb\"},\"inLanguage\":\"hr\",\"potentialAction\":[{\"@type\":\"ReadAction\",\"target\":[\"https:\\\/\\\/hyperiondrones.com\\\/hr\\\/pravila-privatnosti\\\/\"]}]},{\"@type\":\"BreadcrumbList\",\"@id\":\"https:\\\/\\\/hyperiondrones.com\\\/hr\\\/pravila-privatnosti\\\/#breadcrumb\",\"itemListElement\":[{\"@type\":\"ListItem\",\"position\":1,\"name\":\"Naslovna\",\"item\":\"https:\\\/\\\/hyperiondrones.com\\\/hr\\\/\"},{\"@type\":\"ListItem\",\"position\":2,\"name\":\"Pravila privatnosti\"}]},{\"@type\":\"WebSite\",\"@id\":\"https:\\\/\\\/hyperiondrones.com\\\/hr\\\/#website\",\"url\":\"https:\\\/\\\/hyperiondrones.com\\\/hr\\\/\",\"name\":\"Hyperion Drones\",\"description\":\"Knowledge From Above\",\"publisher\":{\"@id\":\"https:\\\/\\\/hyperiondrones.com\\\/hr\\\/#organization\"},\"potentialAction\":[{\"@type\":\"SearchAction\",\"target\":{\"@type\":\"EntryPoint\",\"urlTemplate\":\"https:\\\/\\\/hyperiondrones.com\\\/hr\\\/?s={search_term_string}\"},\"query-input\":{\"@type\":\"PropertyValueSpecification\",\"valueRequired\":true,\"valueName\":\"search_term_string\"}}],\"inLanguage\":\"hr\"},{\"@type\":\"Organization\",\"@id\":\"https:\\\/\\\/hyperiondrones.com\\\/hr\\\/#organization\",\"name\":\"Hyperion Drones\",\"url\":\"https:\\\/\\\/hyperiondrones.com\\\/hr\\\/\",\"logo\":{\"@type\":\"ImageObject\",\"inLanguage\":\"hr\",\"@id\":\"https:\\\/\\\/hyperiondrones.com\\\/hr\\\/#\\\/schema\\\/logo\\\/image\\\/\",\"url\":\"https:\\\/\\\/hyperiondrones.com\\\/wp-content\\\/uploads\\\/2023\\\/10\\\/Prva-verzija-crni-novi.svg\",\"contentUrl\":\"https:\\\/\\\/hyperiondrones.com\\\/wp-content\\\/uploads\\\/2023\\\/10\\\/Prva-verzija-crni-novi.svg\",\"width\":400,\"height\":125,\"caption\":\"Hyperion Drones\"},\"image\":{\"@id\":\"https:\\\/\\\/hyperiondrones.com\\\/hr\\\/#\\\/schema\\\/logo\\\/image\\\/\"}}]}<\/script>\n<!-- \/ Yoast SEO plugin. -->","yoast_head_json":{"title":"Pravila privatnosti - Hyperion Drones","robots":{"index":"index","follow":"follow","max-snippet":"max-snippet:-1","max-image-preview":"max-image-preview:large","max-video-preview":"max-video-preview:-1"},"canonical":"https:\/\/hyperiondrones.com\/hr\/pravila-privatnosti\/","og_locale":"hr_HR","og_type":"article","og_title":"Pravila privatnosti - Hyperion Drones","og_description":"Pravila privatnosti Na Hyperion Drones, dostupno na https:\/\/hyperiondrones.com, jedan od na\u0161ih glavnih prioriteta je privatnost na\u0161ih posjetitelja. Ovaj dokument o pravilima privatnosti sadr\u017eava vrste informacija koje prikupljamo i bilje\u017eimo na ... Read more","og_url":"https:\/\/hyperiondrones.com\/hr\/pravila-privatnosti\/","og_site_name":"Hyperion Drones","article_modified_time":"2023-11-15T15:25:49+00:00","twitter_card":"summary_large_image","twitter_misc":{"Procijenjeno vrijeme \u010ditanja":"6 minuta"},"schema":{"@context":"https:\/\/schema.org","@graph":[{"@type":"WebPage","@id":"https:\/\/hyperiondrones.com\/hr\/pravila-privatnosti\/","url":"https:\/\/hyperiondrones.com\/hr\/pravila-privatnosti\/","name":"Pravila privatnosti - Hyperion Drones","isPartOf":{"@id":"https:\/\/hyperiondrones.com\/hr\/#website"},"datePublished":"2023-11-14T15:48:48+00:00","dateModified":"2023-11-15T15:25:49+00:00","breadcrumb":{"@id":"https:\/\/hyperiondrones.com\/hr\/pravila-privatnosti\/#breadcrumb"},"inLanguage":"hr","potentialAction":[{"@type":"ReadAction","target":["https:\/\/hyperiondrones.com\/hr\/pravila-privatnosti\/"]}]},{"@type":"BreadcrumbList","@id":"https:\/\/hyperiondrones.com\/hr\/pravila-privatnosti\/#breadcrumb","itemListElement":[{"@type":"ListItem","position":1,"name":"Naslovna","item":"https:\/\/hyperiondrones.com\/hr\/"},{"@type":"ListItem","position":2,"name":"Pravila privatnosti"}]},{"@type":"WebSite","@id":"https:\/\/hyperiondrones.com\/hr\/#website","url":"https:\/\/hyperiondrones.com\/hr\/","name":"Hyperion Drones","description":"Knowledge From Above","publisher":{"@id":"https:\/\/hyperiondrones.com\/hr\/#organization"},"potentialAction":[{"@type":"SearchAction","target":{"@type":"EntryPoint","urlTemplate":"https:\/\/hyperiondrones.com\/hr\/?s={search_term_string}"},"query-input":{"@type":"PropertyValueSpecification","valueRequired":true,"valueName":"search_term_string"}}],"inLanguage":"hr"},{"@type":"Organization","@id":"https:\/\/hyperiondrones.com\/hr\/#organization","name":"Hyperion Drones","url":"https:\/\/hyperiondrones.com\/hr\/","logo":{"@type":"ImageObject","inLanguage":"hr","@id":"https:\/\/hyperiondrones.com\/hr\/#\/schema\/logo\/image\/","url":"https:\/\/hyperiondrones.com\/wp-content\/uploads\/2023\/10\/Prva-verzija-crni-novi.svg","contentUrl":"https:\/\/hyperiondrones.com\/wp-content\/uploads\/2023\/10\/Prva-verzija-crni-novi.svg","width":400,"height":125,"caption":"Hyperion Drones"},"image":{"@id":"https:\/\/hyperiondrones.com\/hr\/#\/schema\/logo\/image\/"}}]}},"_links":{"self":[{"href":"https:\/\/hyperiondrones.com\/hr\/wp-json\/wp\/v2\/pages\/4970","targetHints":{"allow":["GET"]}}],"collection":[{"href":"https:\/\/hyperiondrones.com\/hr\/wp-json\/wp\/v2\/pages"}],"about":[{"href":"https:\/\/hyperiondrones.com\/hr\/wp-json\/wp\/v2\/types\/page"}],"author":[{"embeddable":true,"href":"https:\/\/hyperiondrones.com\/hr\/wp-json\/wp\/v2\/users\/2"}],"replies":[{"embeddable":true,"href":"https:\/\/hyperiondrones.com\/hr\/wp-json\/wp\/v2\/comments?post=4970"}],"version-history":[{"count":0,"href":"https:\/\/hyperiondrones.com\/hr\/wp-json\/wp\/v2\/pages\/4970\/revisions"}],"wp:attachment":[{"href":"https:\/\/hyperiondrones.com\/hr\/wp-json\/wp\/v2\/media?parent=4970"}],"curies":[{"name":"wp","href":"https:\/\/api.w.org\/{rel}","templated":true}]}}