{"id":5560,"date":"2024-04-19T09:07:47","date_gmt":"2024-04-19T08:07:47","guid":{"rendered":"https:\/\/hyperiondrones.com\/usluge-2\/"},"modified":"2024-04-19T14:34:20","modified_gmt":"2024-04-19T13:34:20","slug":"usluge","status":"publish","type":"page","link":"https:\/\/hyperiondrones.com\/hr\/usluge\/","title":{"rendered":"Usluge"},"content":{"rendered":"<div class=\"gb-container gb-container-debddf49 gb-container-Container-section\">\n<div class=\"gb-container gb-container-9008d48e\">\n<div class=\"gb-grid-wrapper gb-grid-wrapper-8122fd0b\">\n<div class=\"gb-grid-column gb-grid-column-52417937 gb-grid-column-a5b75a89\"><div class=\"gb-container gb-container-52417937 gb-container-a5b75a89\"><a class=\"gb-container-link\" href=\"https:\/\/hyperiondrones.com\/hr\/prikupljanje-podataka\/\"><\/a>\n<div class=\"gb-container gb-container-3a93f553\">\n\n<h3 class=\"gb-headline gb-headline-ea84c22e gb-headline-text\">Prikupljanje podataka<\/h3>\n\n\n<div class=\"gb-container gb-container-62fc09df gb-container-Underline-100-width\"><\/div>\n\n\n<p>Usluge prikupljanja podataka poput LIDAR skeniranja, termalnog i multispektralnog snimanja te ortofotogrametrije.<\/p>\n\n<\/div>\n\n<div class=\"gb-container gb-container-84cfc5ba\">\n\n<p class=\"gb-headline gb-headline-843ac6b5\"><span class=\"gb-icon\"><svg xmlns=\"http:\/\/www.w3.org\/2000\/svg\" aria-hidden=\"true\" role=\"img\" height=\"1em\" width=\"1em\" viewBox=\"0 0 256 512\"><path fill=\"currentColor\" d=\"M224.3 273l-136 136c-9.4 9.4-24.6 9.4-33.9 0l-22.6-22.6c-9.4-9.4-9.4-24.6 0-33.9l96.4-96.4-96.4-96.4c-9.4-9.4-9.4-24.6 0-33.9L54.3 103c9.4-9.4 24.6-9.4 33.9 0l136 136c9.5 9.4 9.5 24.6.1 34z\"><\/path><\/svg><\/span><\/p>\n\n<\/div>\n<div class=\"gb-shapes\"><div class=\"gb-shape gb-shape-1\"><svg xmlns=\"http:\/\/www.w3.org\/2000\/svg\" viewBox=\"0 0 1200 194.3\" preserveAspectRatio=\"none\"><path d=\"M1200 133.3l-50 8.9c-50 8.6-150 26.9-250 31.1-100 4.2-200-4.2-300-26.7S400 89.2 300 62.2C200 35.8 100 17.5 50 8.9L0 0v194.3h1200v-61z\"\/><\/svg><\/div><\/div><\/div><\/div>\n\n<div class=\"gb-grid-column gb-grid-column-d917e076 gb-grid-column-a5b75a89\"><div class=\"gb-container gb-container-d917e076 gb-container-a5b75a89\"><a class=\"gb-container-link\" href=\"https:\/\/hyperiondrones.com\/hr\/elektro-distribucijska-mreza\/\"><\/a>\n<div class=\"gb-container gb-container-4ec37a87\">\n\n<h3 class=\"gb-headline gb-headline-876538a7 gb-headline-text\">Elektro-distribucijska mre\u017ea<\/h3>\n\n\n<div class=\"gb-container gb-container-2eebc660 gb-container-Underline-100-width\"><\/div>\n\n\n<p>Brza i sigurna provjera elektro-distribucijske mre\u017ee na te\u0161ko pristupa\u010dnim i udaljenim mjestima.<\/p>\n\n<\/div>\n\n<div class=\"gb-container gb-container-5f66bf01\">\n\n<p class=\"gb-headline gb-headline-28aa8bda\"><span class=\"gb-icon\"><svg xmlns=\"http:\/\/www.w3.org\/2000\/svg\" aria-hidden=\"true\" role=\"img\" height=\"1em\" width=\"1em\" viewBox=\"0 0 256 512\"><path fill=\"currentColor\" d=\"M224.3 273l-136 136c-9.4 9.4-24.6 9.4-33.9 0l-22.6-22.6c-9.4-9.4-9.4-24.6 0-33.9l96.4-96.4-96.4-96.4c-9.4-9.4-9.4-24.6 0-33.9L54.3 103c9.4-9.4 24.6-9.4 33.9 0l136 136c9.5 9.4 9.5 24.6.1 34z\"><\/path><\/svg><\/span><\/p>\n\n<\/div>\n<div class=\"gb-shapes\"><div class=\"gb-shape gb-shape-1\"><svg xmlns=\"http:\/\/www.w3.org\/2000\/svg\" viewBox=\"0 0 1200 194.3\" preserveAspectRatio=\"none\"><path d=\"M1200 133.3l-50 8.9c-50 8.6-150 26.9-250 31.1-100 4.2-200-4.2-300-26.7S400 89.2 300 62.2C200 35.8 100 17.5 50 8.9L0 0v194.3h1200v-61z\"\/><\/svg><\/div><\/div><\/div><\/div>\n\n<div class=\"gb-grid-column gb-grid-column-7b987059 gb-grid-column-a5b75a89\"><div class=\"gb-container gb-container-7b987059 gb-container-a5b75a89\"><a class=\"gb-container-link\" href=\"https:\/\/hyperiondrones.com\/hr\/odasiljaci\/\"><\/a>\n<div class=\"gb-container gb-container-3e94af42\">\n\n<h3 class=\"gb-headline gb-headline-b8f47008 gb-headline-text\">Oda\u0161ilja\u010di<\/h3>\n\n\n<div class=\"gb-container gb-container-cc0587bb gb-container-Underline-100-width\"><\/div>\n\n\n<p>Efikasan i siguran proces detaljnog snimanja elemenata poput baznih stanica.<\/p>\n\n<\/div>\n\n<div class=\"gb-container gb-container-884f13e1\">\n\n<p class=\"gb-headline gb-headline-1c33d8d3\"><span class=\"gb-icon\"><svg xmlns=\"http:\/\/www.w3.org\/2000\/svg\" aria-hidden=\"true\" role=\"img\" height=\"1em\" width=\"1em\" viewBox=\"0 0 256 512\"><path fill=\"currentColor\" d=\"M224.3 273l-136 136c-9.4 9.4-24.6 9.4-33.9 0l-22.6-22.6c-9.4-9.4-9.4-24.6 0-33.9l96.4-96.4-96.4-96.4c-9.4-9.4-9.4-24.6 0-33.9L54.3 103c9.4-9.4 24.6-9.4 33.9 0l136 136c9.5 9.4 9.5 24.6.1 34z\"><\/path><\/svg><\/span><\/p>\n\n<\/div>\n<div class=\"gb-shapes\"><div class=\"gb-shape gb-shape-1\"><svg xmlns=\"http:\/\/www.w3.org\/2000\/svg\" viewBox=\"0 0 1200 194.3\" preserveAspectRatio=\"none\"><path d=\"M1200 133.3l-50 8.9c-50 8.6-150 26.9-250 31.1-100 4.2-200-4.2-300-26.7S400 89.2 300 62.2C200 35.8 100 17.5 50 8.9L0 0v194.3h1200v-61z\"\/><\/svg><\/div><\/div><\/div><\/div>\n\n<div class=\"gb-grid-column gb-grid-column-eca47ba5 gb-grid-column-a5b75a89\"><div class=\"gb-container gb-container-eca47ba5 gb-container-a5b75a89\"><a class=\"gb-container-link\" href=\"https:\/\/hyperiondrones.com\/hr\/solarni-paneli\/\"><\/a>\n<div class=\"gb-container gb-container-bf97f142\">\n\n<h3 class=\"gb-headline gb-headline-de529647 gb-headline-text\">Solarni paneli<\/h3>\n\n\n<div class=\"gb-container gb-container-44ad2d53 gb-container-Underline-100-width\"><\/div>\n\n\n<p>Snimanje velikih povr\u0161ina solarnih panela za provjeru u\u010dinkovitosti u kratkom roku, u bilo koje doba dana.<\/p>\n\n<\/div>\n\n<div class=\"gb-container gb-container-1ff6d06a\">\n\n<p class=\"gb-headline gb-headline-9a9bc151\"><span class=\"gb-icon\"><svg xmlns=\"http:\/\/www.w3.org\/2000\/svg\" aria-hidden=\"true\" role=\"img\" height=\"1em\" width=\"1em\" viewBox=\"0 0 256 512\"><path fill=\"currentColor\" d=\"M224.3 273l-136 136c-9.4 9.4-24.6 9.4-33.9 0l-22.6-22.6c-9.4-9.4-9.4-24.6 0-33.9l96.4-96.4-96.4-96.4c-9.4-9.4-9.4-24.6 0-33.9L54.3 103c9.4-9.4 24.6-9.4 33.9 0l136 136c9.5 9.4 9.5 24.6.1 34z\"><\/path><\/svg><\/span><\/p>\n\n<\/div>\n<div class=\"gb-shapes\"><div class=\"gb-shape gb-shape-1\"><svg xmlns=\"http:\/\/www.w3.org\/2000\/svg\" viewBox=\"0 0 1200 194.3\" preserveAspectRatio=\"none\"><path d=\"M1200 133.3l-50 8.9c-50 8.6-150 26.9-250 31.1-100 4.2-200-4.2-300-26.7S400 89.2 300 62.2C200 35.8 100 17.5 50 8.9L0 0v194.3h1200v-61z\"\/><\/svg><\/div><\/div><\/div><\/div>\n\n<div class=\"gb-grid-column gb-grid-column-fbea6f79 gb-grid-column-a5b75a89\"><div class=\"gb-container gb-container-fbea6f79 gb-container-a5b75a89\"><a class=\"gb-container-link\" href=\"https:\/\/hyperiondrones.com\/hr\/pregled-infrastrukture\/\"><\/a>\n<div class=\"gb-container gb-container-e348083f\">\n\n<h3 class=\"gb-headline gb-headline-88958978 gb-headline-text\">Pregled infrastrukture<\/h3>\n\n\n<div class=\"gb-container gb-container-c0c2ecb8 gb-container-Underline-100-width\"><\/div>\n\n\n<p>Snimanje i dokumentacija bilo kojeg objekta za utvr\u0111ivanje stanja iz udobnosti va\u0161eg ureda.<\/p>\n\n<\/div>\n\n<div class=\"gb-container gb-container-ae8de7c2\">\n\n<p class=\"gb-headline gb-headline-d3840ae2\"><span class=\"gb-icon\"><svg xmlns=\"http:\/\/www.w3.org\/2000\/svg\" aria-hidden=\"true\" role=\"img\" height=\"1em\" width=\"1em\" viewBox=\"0 0 256 512\"><path fill=\"currentColor\" d=\"M224.3 273l-136 136c-9.4 9.4-24.6 9.4-33.9 0l-22.6-22.6c-9.4-9.4-9.4-24.6 0-33.9l96.4-96.4-96.4-96.4c-9.4-9.4-9.4-24.6 0-33.9L54.3 103c9.4-9.4 24.6-9.4 33.9 0l136 136c9.5 9.4 9.5 24.6.1 34z\"><\/path><\/svg><\/span><\/p>\n\n<\/div>\n<div class=\"gb-shapes\"><div class=\"gb-shape gb-shape-1\"><svg xmlns=\"http:\/\/www.w3.org\/2000\/svg\" viewBox=\"0 0 1200 194.3\" preserveAspectRatio=\"none\"><path d=\"M1200 133.3l-50 8.9c-50 8.6-150 26.9-250 31.1-100 4.2-200-4.2-300-26.7S400 89.2 300 62.2C200 35.8 100 17.5 50 8.9L0 0v194.3h1200v-61z\"\/><\/svg><\/div><\/div><\/div><\/div>\n<\/div>\n<\/div>\n\n<div class=\"gb-container gb-container-a1ac52b0 absolute-1\"><\/div>\n<\/div>","protected":false},"excerpt":{"rendered":"","protected":false},"author":2,"featured_media":0,"parent":0,"menu_order":0,"comment_status":"closed","ping_status":"closed","template":"","meta":{"_acf_changed":false,"footnotes":""},"class_list":["post-5560","page","type-page","status-publish"],"acf":[],"yoast_head":"<!-- This site is optimized with the Yoast SEO plugin v27.4 - https:\/\/yoast.com\/product\/yoast-seo-wordpress\/ -->\n<title>Usluge - Hyperion Drones<\/title>\n<meta name=\"robots\" content=\"index, follow, max-snippet:-1, max-image-preview:large, max-video-preview:-1\" \/>\n<link rel=\"canonical\" href=\"https:\/\/hyperiondrones.com\/hr\/usluge\/\" \/>\n<meta property=\"og:locale\" content=\"hr_HR\" \/>\n<meta property=\"og:type\" content=\"article\" \/>\n<meta property=\"og:title\" content=\"Usluge - Hyperion Drones\" \/>\n<meta property=\"og:url\" content=\"https:\/\/hyperiondrones.com\/hr\/usluge\/\" \/>\n<meta property=\"og:site_name\" content=\"Hyperion Drones\" \/>\n<meta property=\"article:modified_time\" content=\"2024-04-19T13:34:20+00:00\" \/>\n<meta name=\"twitter:card\" content=\"summary_large_image\" \/>\n<meta name=\"twitter:label1\" content=\"Procijenjeno vrijeme \u010ditanja\" \/>\n\t<meta name=\"twitter:data1\" content=\"1 minuta\" \/>\n<script type=\"application\/ld+json\" class=\"yoast-schema-graph\">{\"@context\":\"https:\\\/\\\/schema.org\",\"@graph\":[{\"@type\":\"WebPage\",\"@id\":\"https:\\\/\\\/hyperiondrones.com\\\/hr\\\/usluge\\\/\",\"url\":\"https:\\\/\\\/hyperiondrones.com\\\/hr\\\/usluge\\\/\",\"name\":\"Usluge - Hyperion Drones\",\"isPartOf\":{\"@id\":\"https:\\\/\\\/hyperiondrones.com\\\/hr\\\/#website\"},\"datePublished\":\"2024-04-19T08:07:47+00:00\",\"dateModified\":\"2024-04-19T13:34:20+00:00\",\"breadcrumb\":{\"@id\":\"https:\\\/\\\/hyperiondrones.com\\\/hr\\\/usluge\\\/#breadcrumb\"},\"inLanguage\":\"hr\",\"potentialAction\":[{\"@type\":\"ReadAction\",\"target\":[\"https:\\\/\\\/hyperiondrones.com\\\/hr\\\/usluge\\\/\"]}]},{\"@type\":\"BreadcrumbList\",\"@id\":\"https:\\\/\\\/hyperiondrones.com\\\/hr\\\/usluge\\\/#breadcrumb\",\"itemListElement\":[{\"@type\":\"ListItem\",\"position\":1,\"name\":\"Naslovna\",\"item\":\"https:\\\/\\\/hyperiondrones.com\\\/hr\\\/\"},{\"@type\":\"ListItem\",\"position\":2,\"name\":\"Usluge\"}]},{\"@type\":\"WebSite\",\"@id\":\"https:\\\/\\\/hyperiondrones.com\\\/hr\\\/#website\",\"url\":\"https:\\\/\\\/hyperiondrones.com\\\/hr\\\/\",\"name\":\"Hyperion Drones\",\"description\":\"Knowledge From Above\",\"publisher\":{\"@id\":\"https:\\\/\\\/hyperiondrones.com\\\/hr\\\/#organization\"},\"potentialAction\":[{\"@type\":\"SearchAction\",\"target\":{\"@type\":\"EntryPoint\",\"urlTemplate\":\"https:\\\/\\\/hyperiondrones.com\\\/hr\\\/?s={search_term_string}\"},\"query-input\":{\"@type\":\"PropertyValueSpecification\",\"valueRequired\":true,\"valueName\":\"search_term_string\"}}],\"inLanguage\":\"hr\"},{\"@type\":\"Organization\",\"@id\":\"https:\\\/\\\/hyperiondrones.com\\\/hr\\\/#organization\",\"name\":\"Hyperion Drones\",\"url\":\"https:\\\/\\\/hyperiondrones.com\\\/hr\\\/\",\"logo\":{\"@type\":\"ImageObject\",\"inLanguage\":\"hr\",\"@id\":\"https:\\\/\\\/hyperiondrones.com\\\/hr\\\/#\\\/schema\\\/logo\\\/image\\\/\",\"url\":\"https:\\\/\\\/hyperiondrones.com\\\/wp-content\\\/uploads\\\/2023\\\/10\\\/Prva-verzija-crni-novi.svg\",\"contentUrl\":\"https:\\\/\\\/hyperiondrones.com\\\/wp-content\\\/uploads\\\/2023\\\/10\\\/Prva-verzija-crni-novi.svg\",\"width\":400,\"height\":125,\"caption\":\"Hyperion Drones\"},\"image\":{\"@id\":\"https:\\\/\\\/hyperiondrones.com\\\/hr\\\/#\\\/schema\\\/logo\\\/image\\\/\"}}]}<\/script>\n<!-- \/ Yoast SEO plugin. -->","yoast_head_json":{"title":"Usluge - Hyperion Drones","robots":{"index":"index","follow":"follow","max-snippet":"max-snippet:-1","max-image-preview":"max-image-preview:large","max-video-preview":"max-video-preview:-1"},"canonical":"https:\/\/hyperiondrones.com\/hr\/usluge\/","og_locale":"hr_HR","og_type":"article","og_title":"Usluge - Hyperion Drones","og_url":"https:\/\/hyperiondrones.com\/hr\/usluge\/","og_site_name":"Hyperion Drones","article_modified_time":"2024-04-19T13:34:20+00:00","twitter_card":"summary_large_image","twitter_misc":{"Procijenjeno vrijeme \u010ditanja":"1 minuta"},"schema":{"@context":"https:\/\/schema.org","@graph":[{"@type":"WebPage","@id":"https:\/\/hyperiondrones.com\/hr\/usluge\/","url":"https:\/\/hyperiondrones.com\/hr\/usluge\/","name":"Usluge - Hyperion Drones","isPartOf":{"@id":"https:\/\/hyperiondrones.com\/hr\/#website"},"datePublished":"2024-04-19T08:07:47+00:00","dateModified":"2024-04-19T13:34:20+00:00","breadcrumb":{"@id":"https:\/\/hyperiondrones.com\/hr\/usluge\/#breadcrumb"},"inLanguage":"hr","potentialAction":[{"@type":"ReadAction","target":["https:\/\/hyperiondrones.com\/hr\/usluge\/"]}]},{"@type":"BreadcrumbList","@id":"https:\/\/hyperiondrones.com\/hr\/usluge\/#breadcrumb","itemListElement":[{"@type":"ListItem","position":1,"name":"Naslovna","item":"https:\/\/hyperiondrones.com\/hr\/"},{"@type":"ListItem","position":2,"name":"Usluge"}]},{"@type":"WebSite","@id":"https:\/\/hyperiondrones.com\/hr\/#website","url":"https:\/\/hyperiondrones.com\/hr\/","name":"Hyperion Drones","description":"Knowledge From Above","publisher":{"@id":"https:\/\/hyperiondrones.com\/hr\/#organization"},"potentialAction":[{"@type":"SearchAction","target":{"@type":"EntryPoint","urlTemplate":"https:\/\/hyperiondrones.com\/hr\/?s={search_term_string}"},"query-input":{"@type":"PropertyValueSpecification","valueRequired":true,"valueName":"search_term_string"}}],"inLanguage":"hr"},{"@type":"Organization","@id":"https:\/\/hyperiondrones.com\/hr\/#organization","name":"Hyperion Drones","url":"https:\/\/hyperiondrones.com\/hr\/","logo":{"@type":"ImageObject","inLanguage":"hr","@id":"https:\/\/hyperiondrones.com\/hr\/#\/schema\/logo\/image\/","url":"https:\/\/hyperiondrones.com\/wp-content\/uploads\/2023\/10\/Prva-verzija-crni-novi.svg","contentUrl":"https:\/\/hyperiondrones.com\/wp-content\/uploads\/2023\/10\/Prva-verzija-crni-novi.svg","width":400,"height":125,"caption":"Hyperion Drones"},"image":{"@id":"https:\/\/hyperiondrones.com\/hr\/#\/schema\/logo\/image\/"}}]}},"_links":{"self":[{"href":"https:\/\/hyperiondrones.com\/hr\/wp-json\/wp\/v2\/pages\/5560","targetHints":{"allow":["GET"]}}],"collection":[{"href":"https:\/\/hyperiondrones.com\/hr\/wp-json\/wp\/v2\/pages"}],"about":[{"href":"https:\/\/hyperiondrones.com\/hr\/wp-json\/wp\/v2\/types\/page"}],"author":[{"embeddable":true,"href":"https:\/\/hyperiondrones.com\/hr\/wp-json\/wp\/v2\/users\/2"}],"replies":[{"embeddable":true,"href":"https:\/\/hyperiondrones.com\/hr\/wp-json\/wp\/v2\/comments?post=5560"}],"version-history":[{"count":0,"href":"https:\/\/hyperiondrones.com\/hr\/wp-json\/wp\/v2\/pages\/5560\/revisions"}],"wp:attachment":[{"href":"https:\/\/hyperiondrones.com\/hr\/wp-json\/wp\/v2\/media?parent=5560"}],"curies":[{"name":"wp","href":"https:\/\/api.w.org\/{rel}","templated":true}]}}