{"id":5564,"date":"2024-04-19T08:52:25","date_gmt":"2024-04-19T07:52:25","guid":{"rendered":"https:\/\/hyperiondrones.com\/edukacije\/"},"modified":"2024-04-19T14:37:29","modified_gmt":"2024-04-19T13:37:29","slug":"edukacije","status":"publish","type":"page","link":"https:\/\/hyperiondrones.com\/hr\/edukacije\/","title":{"rendered":"Edukacije"},"content":{"rendered":"<div class=\"gb-container gb-container-debddf49 gb-container-Container-section\">\n<div class=\"gb-container gb-container-9008d48e\">\n<div class=\"gb-grid-wrapper gb-grid-wrapper-8122fd0b\">\n<div class=\"gb-grid-column gb-grid-column-52417937 gb-grid-column-a5b75a89\"><div class=\"gb-container gb-container-52417937 gb-container-a5b75a89\"><a class=\"gb-container-link\" href=\"https:\/\/hyperiondrones.com\/hr\/edukacija-javnih-sluzbi\/\"><\/a>\n<div class=\"gb-container gb-container-3a93f553\">\n\n<h3 class=\"gb-headline gb-headline-ea84c22e gb-headline-text\">Edukacija javnih slu\u017ebi<\/h3>\n\n\n<div class=\"gb-container gb-container-62fc09df gb-container-Underline-100-width\"><\/div>\n\n\n<p>Edukacijske usluge imaju za cilj osigurati korisnicima znanja i vje\u0161tine potrebne za maksimiziranje koristi od tehnologije dronova.<\/p>\n\n<\/div>\n\n<div class=\"gb-container gb-container-84cfc5ba\">\n\n<p class=\"gb-headline gb-headline-843ac6b5\"><span class=\"gb-icon\"><svg xmlns=\"http:\/\/www.w3.org\/2000\/svg\" aria-hidden=\"true\" role=\"img\" height=\"1em\" width=\"1em\" viewBox=\"0 0 256 512\"><path fill=\"currentColor\" d=\"M224.3 273l-136 136c-9.4 9.4-24.6 9.4-33.9 0l-22.6-22.6c-9.4-9.4-9.4-24.6 0-33.9l96.4-96.4-96.4-96.4c-9.4-9.4-9.4-24.6 0-33.9L54.3 103c9.4-9.4 24.6-9.4 33.9 0l136 136c9.5 9.4 9.5 24.6.1 34z\"><\/path><\/svg><\/span><\/p>\n\n<\/div>\n<div class=\"gb-shapes\"><div class=\"gb-shape gb-shape-1\"><svg xmlns=\"http:\/\/www.w3.org\/2000\/svg\" viewBox=\"0 0 1200 194.3\" preserveAspectRatio=\"none\"><path d=\"M1200 133.3l-50 8.9c-50 8.6-150 26.9-250 31.1-100 4.2-200-4.2-300-26.7S400 89.2 300 62.2C200 35.8 100 17.5 50 8.9L0 0v194.3h1200v-61z\"\/><\/svg><\/div><\/div><\/div><\/div>\n\n<div class=\"gb-grid-column gb-grid-column-d917e076 gb-grid-column-a5b75a89\"><div class=\"gb-container gb-container-d917e076 gb-container-a5b75a89\"><a class=\"gb-container-link\" href=\"https:\/\/hyperiondrones.com\/hr\/obuka-usmjerena-na-specificnu-opremu\/\"><\/a>\n<div class=\"gb-container gb-container-4ec37a87\">\n\n<h3 class=\"gb-headline gb-headline-876538a7 gb-headline-text\">Obuka usmjerena na specifi\u010dnu opremu<\/h3>\n\n\n<div class=\"gb-container gb-container-2eebc660 gb-container-Underline-100-width\"><\/div>\n\n\n<p>Obuka usmjerena na specifi\u010dnu opremu svjedo\u010di na\u0161oj predanosti, osiguravaju\u0107i da svaki komad opreme bude maksimalno iskori\u0161ten.<\/p>\n\n<\/div>\n\n<div class=\"gb-container gb-container-5f66bf01\">\n\n<p class=\"gb-headline gb-headline-28aa8bda\"><span class=\"gb-icon\"><svg xmlns=\"http:\/\/www.w3.org\/2000\/svg\" aria-hidden=\"true\" role=\"img\" height=\"1em\" width=\"1em\" viewBox=\"0 0 256 512\"><path fill=\"currentColor\" d=\"M224.3 273l-136 136c-9.4 9.4-24.6 9.4-33.9 0l-22.6-22.6c-9.4-9.4-9.4-24.6 0-33.9l96.4-96.4-96.4-96.4c-9.4-9.4-9.4-24.6 0-33.9L54.3 103c9.4-9.4 24.6-9.4 33.9 0l136 136c9.5 9.4 9.5 24.6.1 34z\"><\/path><\/svg><\/span><\/p>\n\n<\/div>\n<div class=\"gb-shapes\"><div class=\"gb-shape gb-shape-1\"><svg xmlns=\"http:\/\/www.w3.org\/2000\/svg\" viewBox=\"0 0 1200 194.3\" preserveAspectRatio=\"none\"><path d=\"M1200 133.3l-50 8.9c-50 8.6-150 26.9-250 31.1-100 4.2-200-4.2-300-26.7S400 89.2 300 62.2C200 35.8 100 17.5 50 8.9L0 0v194.3h1200v-61z\"\/><\/svg><\/div><\/div><\/div><\/div>\n\n<div class=\"gb-grid-column gb-grid-column-eca47ba5 gb-grid-column-a5b75a89\"><div class=\"gb-container gb-container-eca47ba5 gb-container-a5b75a89\"><a class=\"gb-container-link\" href=\"https:\/\/hyperiondrones.com\/hr\/edukativni-programi-iz-fotogrametrije\/\"><\/a>\n<div class=\"gb-container gb-container-bf97f142\">\n\n<h3 class=\"gb-headline gb-headline-de529647 gb-headline-text\">Edukativni programi iz fotogrametrije<\/h3>\n\n\n<div class=\"gb-container gb-container-44ad2d53 gb-container-Underline-100-width\"><\/div>\n\n\n<p>Pru\u017eamo specijalizirane i prilago\u0111ene obrazovne programe o upotrebi fotogrametrije pomo\u0107u dronova te naknadnoj obradi prikupljenih podataka.<\/p>\n\n<\/div>\n\n<div class=\"gb-container gb-container-1ff6d06a\">\n\n<p class=\"gb-headline gb-headline-9a9bc151\"><span class=\"gb-icon\"><svg xmlns=\"http:\/\/www.w3.org\/2000\/svg\" aria-hidden=\"true\" role=\"img\" height=\"1em\" width=\"1em\" viewBox=\"0 0 256 512\"><path fill=\"currentColor\" d=\"M224.3 273l-136 136c-9.4 9.4-24.6 9.4-33.9 0l-22.6-22.6c-9.4-9.4-9.4-24.6 0-33.9l96.4-96.4-96.4-96.4c-9.4-9.4-9.4-24.6 0-33.9L54.3 103c9.4-9.4 24.6-9.4 33.9 0l136 136c9.5 9.4 9.5 24.6.1 34z\"><\/path><\/svg><\/span><\/p>\n\n<\/div>\n<div class=\"gb-shapes\"><div class=\"gb-shape gb-shape-1\"><svg xmlns=\"http:\/\/www.w3.org\/2000\/svg\" viewBox=\"0 0 1200 194.3\" preserveAspectRatio=\"none\"><path d=\"M1200 133.3l-50 8.9c-50 8.6-150 26.9-250 31.1-100 4.2-200-4.2-300-26.7S400 89.2 300 62.2C200 35.8 100 17.5 50 8.9L0 0v194.3h1200v-61z\"\/><\/svg><\/div><\/div><\/div><\/div>\n\n<div class=\"gb-grid-column gb-grid-column-fbea6f79 gb-grid-column-a5b75a89\"><div class=\"gb-container gb-container-fbea6f79 gb-container-a5b75a89\"><a class=\"gb-container-link\" href=\"https:\/\/hyperiondrones.com\/hr\/edukacija-o-senzorima-za-prikupljanje-podataka\/\"><\/a>\n<div class=\"gb-container gb-container-e348083f\">\n\n<h3 class=\"gb-headline gb-headline-88958978 gb-headline-text\">Edukacija o senzorima za prikupljanje podataka<\/h3>\n\n\n<div class=\"gb-container gb-container-c0c2ecb8 gb-container-Underline-100-width\"><\/div>\n\n\n<p>Sveobuhvatni program obuke usredoto\u010den na upoznavanje razli\u010ditih vrsta senzora za specijalizirano prikupljanje podataka<\/p>\n\n<\/div>\n\n<div class=\"gb-container gb-container-ae8de7c2\">\n\n<p class=\"gb-headline gb-headline-d3840ae2\"><span class=\"gb-icon\"><svg xmlns=\"http:\/\/www.w3.org\/2000\/svg\" aria-hidden=\"true\" role=\"img\" height=\"1em\" width=\"1em\" viewBox=\"0 0 256 512\"><path fill=\"currentColor\" d=\"M224.3 273l-136 136c-9.4 9.4-24.6 9.4-33.9 0l-22.6-22.6c-9.4-9.4-9.4-24.6 0-33.9l96.4-96.4-96.4-96.4c-9.4-9.4-9.4-24.6 0-33.9L54.3 103c9.4-9.4 24.6-9.4 33.9 0l136 136c9.5 9.4 9.5 24.6.1 34z\"><\/path><\/svg><\/span><\/p>\n\n<\/div>\n<div class=\"gb-shapes\"><div class=\"gb-shape gb-shape-1\"><svg xmlns=\"http:\/\/www.w3.org\/2000\/svg\" viewBox=\"0 0 1200 194.3\" preserveAspectRatio=\"none\"><path d=\"M1200 133.3l-50 8.9c-50 8.6-150 26.9-250 31.1-100 4.2-200-4.2-300-26.7S400 89.2 300 62.2C200 35.8 100 17.5 50 8.9L0 0v194.3h1200v-61z\"\/><\/svg><\/div><\/div><\/div><\/div>\n<\/div>\n<\/div>\n\n<div class=\"gb-container gb-container-a1ac52b0 absolute-1\"><\/div>\n<\/div>","protected":false},"excerpt":{"rendered":"","protected":false},"author":2,"featured_media":0,"parent":0,"menu_order":0,"comment_status":"closed","ping_status":"closed","template":"","meta":{"_acf_changed":false,"footnotes":""},"class_list":["post-5564","page","type-page","status-publish"],"acf":[],"yoast_head":"<!-- This site is optimized with the Yoast SEO plugin v27.4 - https:\/\/yoast.com\/product\/yoast-seo-wordpress\/ -->\n<title>Edukacije - Hyperion Drones<\/title>\n<meta name=\"robots\" content=\"index, follow, max-snippet:-1, max-image-preview:large, max-video-preview:-1\" \/>\n<link rel=\"canonical\" href=\"https:\/\/hyperiondrones.com\/hr\/edukacije\/\" \/>\n<meta property=\"og:locale\" content=\"hr_HR\" \/>\n<meta property=\"og:type\" content=\"article\" \/>\n<meta property=\"og:title\" content=\"Edukacije - Hyperion Drones\" \/>\n<meta property=\"og:url\" content=\"https:\/\/hyperiondrones.com\/hr\/edukacije\/\" \/>\n<meta property=\"og:site_name\" content=\"Hyperion Drones\" \/>\n<meta property=\"article:modified_time\" content=\"2024-04-19T13:37:29+00:00\" \/>\n<meta name=\"twitter:card\" content=\"summary_large_image\" \/>\n<meta name=\"twitter:label1\" content=\"Procijenjeno vrijeme \u010ditanja\" \/>\n\t<meta name=\"twitter:data1\" content=\"1 minuta\" \/>\n<script type=\"application\/ld+json\" class=\"yoast-schema-graph\">{\"@context\":\"https:\\\/\\\/schema.org\",\"@graph\":[{\"@type\":\"WebPage\",\"@id\":\"https:\\\/\\\/hyperiondrones.com\\\/hr\\\/edukacije\\\/\",\"url\":\"https:\\\/\\\/hyperiondrones.com\\\/hr\\\/edukacije\\\/\",\"name\":\"Edukacije - Hyperion Drones\",\"isPartOf\":{\"@id\":\"https:\\\/\\\/hyperiondrones.com\\\/hr\\\/#website\"},\"datePublished\":\"2024-04-19T07:52:25+00:00\",\"dateModified\":\"2024-04-19T13:37:29+00:00\",\"breadcrumb\":{\"@id\":\"https:\\\/\\\/hyperiondrones.com\\\/hr\\\/edukacije\\\/#breadcrumb\"},\"inLanguage\":\"hr\",\"potentialAction\":[{\"@type\":\"ReadAction\",\"target\":[\"https:\\\/\\\/hyperiondrones.com\\\/hr\\\/edukacije\\\/\"]}]},{\"@type\":\"BreadcrumbList\",\"@id\":\"https:\\\/\\\/hyperiondrones.com\\\/hr\\\/edukacije\\\/#breadcrumb\",\"itemListElement\":[{\"@type\":\"ListItem\",\"position\":1,\"name\":\"Naslovna\",\"item\":\"https:\\\/\\\/hyperiondrones.com\\\/hr\\\/\"},{\"@type\":\"ListItem\",\"position\":2,\"name\":\"Edukacije\"}]},{\"@type\":\"WebSite\",\"@id\":\"https:\\\/\\\/hyperiondrones.com\\\/hr\\\/#website\",\"url\":\"https:\\\/\\\/hyperiondrones.com\\\/hr\\\/\",\"name\":\"Hyperion Drones\",\"description\":\"Knowledge From Above\",\"publisher\":{\"@id\":\"https:\\\/\\\/hyperiondrones.com\\\/hr\\\/#organization\"},\"potentialAction\":[{\"@type\":\"SearchAction\",\"target\":{\"@type\":\"EntryPoint\",\"urlTemplate\":\"https:\\\/\\\/hyperiondrones.com\\\/hr\\\/?s={search_term_string}\"},\"query-input\":{\"@type\":\"PropertyValueSpecification\",\"valueRequired\":true,\"valueName\":\"search_term_string\"}}],\"inLanguage\":\"hr\"},{\"@type\":\"Organization\",\"@id\":\"https:\\\/\\\/hyperiondrones.com\\\/hr\\\/#organization\",\"name\":\"Hyperion Drones\",\"url\":\"https:\\\/\\\/hyperiondrones.com\\\/hr\\\/\",\"logo\":{\"@type\":\"ImageObject\",\"inLanguage\":\"hr\",\"@id\":\"https:\\\/\\\/hyperiondrones.com\\\/hr\\\/#\\\/schema\\\/logo\\\/image\\\/\",\"url\":\"https:\\\/\\\/hyperiondrones.com\\\/wp-content\\\/uploads\\\/2023\\\/10\\\/Prva-verzija-crni-novi.svg\",\"contentUrl\":\"https:\\\/\\\/hyperiondrones.com\\\/wp-content\\\/uploads\\\/2023\\\/10\\\/Prva-verzija-crni-novi.svg\",\"width\":400,\"height\":125,\"caption\":\"Hyperion Drones\"},\"image\":{\"@id\":\"https:\\\/\\\/hyperiondrones.com\\\/hr\\\/#\\\/schema\\\/logo\\\/image\\\/\"}}]}<\/script>\n<!-- \/ Yoast SEO plugin. -->","yoast_head_json":{"title":"Edukacije - Hyperion Drones","robots":{"index":"index","follow":"follow","max-snippet":"max-snippet:-1","max-image-preview":"max-image-preview:large","max-video-preview":"max-video-preview:-1"},"canonical":"https:\/\/hyperiondrones.com\/hr\/edukacije\/","og_locale":"hr_HR","og_type":"article","og_title":"Edukacije - Hyperion Drones","og_url":"https:\/\/hyperiondrones.com\/hr\/edukacije\/","og_site_name":"Hyperion Drones","article_modified_time":"2024-04-19T13:37:29+00:00","twitter_card":"summary_large_image","twitter_misc":{"Procijenjeno vrijeme \u010ditanja":"1 minuta"},"schema":{"@context":"https:\/\/schema.org","@graph":[{"@type":"WebPage","@id":"https:\/\/hyperiondrones.com\/hr\/edukacije\/","url":"https:\/\/hyperiondrones.com\/hr\/edukacije\/","name":"Edukacije - Hyperion Drones","isPartOf":{"@id":"https:\/\/hyperiondrones.com\/hr\/#website"},"datePublished":"2024-04-19T07:52:25+00:00","dateModified":"2024-04-19T13:37:29+00:00","breadcrumb":{"@id":"https:\/\/hyperiondrones.com\/hr\/edukacije\/#breadcrumb"},"inLanguage":"hr","potentialAction":[{"@type":"ReadAction","target":["https:\/\/hyperiondrones.com\/hr\/edukacije\/"]}]},{"@type":"BreadcrumbList","@id":"https:\/\/hyperiondrones.com\/hr\/edukacije\/#breadcrumb","itemListElement":[{"@type":"ListItem","position":1,"name":"Naslovna","item":"https:\/\/hyperiondrones.com\/hr\/"},{"@type":"ListItem","position":2,"name":"Edukacije"}]},{"@type":"WebSite","@id":"https:\/\/hyperiondrones.com\/hr\/#website","url":"https:\/\/hyperiondrones.com\/hr\/","name":"Hyperion Drones","description":"Knowledge From Above","publisher":{"@id":"https:\/\/hyperiondrones.com\/hr\/#organization"},"potentialAction":[{"@type":"SearchAction","target":{"@type":"EntryPoint","urlTemplate":"https:\/\/hyperiondrones.com\/hr\/?s={search_term_string}"},"query-input":{"@type":"PropertyValueSpecification","valueRequired":true,"valueName":"search_term_string"}}],"inLanguage":"hr"},{"@type":"Organization","@id":"https:\/\/hyperiondrones.com\/hr\/#organization","name":"Hyperion Drones","url":"https:\/\/hyperiondrones.com\/hr\/","logo":{"@type":"ImageObject","inLanguage":"hr","@id":"https:\/\/hyperiondrones.com\/hr\/#\/schema\/logo\/image\/","url":"https:\/\/hyperiondrones.com\/wp-content\/uploads\/2023\/10\/Prva-verzija-crni-novi.svg","contentUrl":"https:\/\/hyperiondrones.com\/wp-content\/uploads\/2023\/10\/Prva-verzija-crni-novi.svg","width":400,"height":125,"caption":"Hyperion Drones"},"image":{"@id":"https:\/\/hyperiondrones.com\/hr\/#\/schema\/logo\/image\/"}}]}},"_links":{"self":[{"href":"https:\/\/hyperiondrones.com\/hr\/wp-json\/wp\/v2\/pages\/5564","targetHints":{"allow":["GET"]}}],"collection":[{"href":"https:\/\/hyperiondrones.com\/hr\/wp-json\/wp\/v2\/pages"}],"about":[{"href":"https:\/\/hyperiondrones.com\/hr\/wp-json\/wp\/v2\/types\/page"}],"author":[{"embeddable":true,"href":"https:\/\/hyperiondrones.com\/hr\/wp-json\/wp\/v2\/users\/2"}],"replies":[{"embeddable":true,"href":"https:\/\/hyperiondrones.com\/hr\/wp-json\/wp\/v2\/comments?post=5564"}],"version-history":[{"count":0,"href":"https:\/\/hyperiondrones.com\/hr\/wp-json\/wp\/v2\/pages\/5564\/revisions"}],"wp:attachment":[{"href":"https:\/\/hyperiondrones.com\/hr\/wp-json\/wp\/v2\/media?parent=5564"}],"curies":[{"name":"wp","href":"https:\/\/api.w.org\/{rel}","templated":true}]}}