{"id":5570,"date":"2024-04-18T14:57:24","date_gmt":"2024-04-18T13:57:24","guid":{"rendered":"https:\/\/hyperiondrones.com\/elektro-distribucijska-mreza-2\/"},"modified":"2024-04-19T14:31:12","modified_gmt":"2024-04-19T13:31:12","slug":"elektro-distribucijska-mreza","status":"publish","type":"page","link":"https:\/\/hyperiondrones.com\/hr\/elektro-distribucijska-mreza\/","title":{"rendered":"Elektro-distribucijska mre\u017ea"},"content":{"rendered":"<div class=\"gb-container gb-container-689cc87e\">\n<div class=\"gb-container gb-container-9d87f8b3 absolute-3\"><\/div>\n\n<div class=\"gb-container gb-container-0cd800be gb-container-Container-section\">\n<div class=\"gb-container gb-container-a728ec14\">\n<div class=\"gb-grid-wrapper gb-grid-wrapper-22d543b9\">\n<div class=\"gb-grid-column gb-grid-column-efaae72c\"><div class=\"gb-container gb-container-efaae72c\">\n<div class=\"gb-container gb-container-58cf816e gb-container-Underline-25-width\"><\/div>\n\n\n<h2 class=\"gb-headline gb-headline-9ccda70e gb-headline-text\">Konsistentna elektri\u010dna energija<\/h2>\n\n\n\n<p class=\"gb-headline gb-headline-35285846 gb-headline-text\">\u017divot bez elektri\u010dne energije nezamisliv je \u010dovjeku. Upravo radi toga, postrojenja za proizvodnju i distribuciju elektri\u010dne energije, ubrajaju se u kriti\u010dnu infrastrukturu svake dr\u017eave.<\/p>\n\n\n\n<p class=\"gb-headline gb-headline-d778ea37 gb-headline-text\">Efikasno poslovanje, minimalni ispadi iz rada djelova mre\u017ee, a visoka dostupnost i minimalni gubici u prijenosu i isporuci elektri\u010dne energije klijentima, temeljni su zadatak svake elektro-distribucijske tvrtke.<\/p>\n\n<\/div><\/div>\n\n<div class=\"gb-grid-column gb-grid-column-60d83c26\"><div class=\"gb-container gb-container-60d83c26\">\n\n<figure class=\"gb-block-image gb-block-image-407d4b6a\"><img decoding=\"async\" width=\"800\" height=\"500\" class=\"gb-image gb-image-407d4b6a\" src=\"http:\/\/hyperiondrones.com\/wp-content\/uploads\/2024\/04\/Eletricity-infrastructure-in-the-sunset.png\" alt=\"Eletricity infrastructure in the sunset\" title=\"Eletricity infrastructure in the sunset\" srcset=\"https:\/\/hyperiondrones.com\/wp-content\/uploads\/2024\/04\/Eletricity-infrastructure-in-the-sunset.png 800w, https:\/\/hyperiondrones.com\/wp-content\/uploads\/2024\/04\/Eletricity-infrastructure-in-the-sunset-600x375.png 600w, https:\/\/hyperiondrones.com\/wp-content\/uploads\/2024\/04\/Eletricity-infrastructure-in-the-sunset-300x188.png 300w, https:\/\/hyperiondrones.com\/wp-content\/uploads\/2024\/04\/Eletricity-infrastructure-in-the-sunset-768x480.png 768w\" sizes=\"(max-width: 800px) 100vw, 800px\" \/><\/figure>\n\n<\/div><\/div>\n<\/div>\n<\/div>\n<\/div>\n\n<div class=\"gb-container gb-container-158e2fee\">\n<div class=\"gb-container gb-container-0f4c6916\">\n<div class=\"gb-container gb-container-51fe6136 alignwide gb-container-a5b75a89\">\n\n<p class=\"gb-headline gb-headline-96e70652 gb-headline-text\">Elektro-distribucijsku mre\u017eu potrebno je konstantno odr\u017eavati i provjeravati.<\/p>\n\n<\/div>\n<\/div>\n<\/div>\n\n<div class=\"gb-container gb-container-62ab8109 gb-container-Container-section\">\n<div class=\"gb-container gb-container-07fdf760\">\n<div class=\"gb-grid-wrapper gb-grid-wrapper-2469585b\">\n<div class=\"gb-grid-column gb-grid-column-eb0130a8\"><div class=\"gb-container gb-container-eb0130a8\">\n\n<figure class=\"gb-block-image gb-block-image-54f38fbf\"><img decoding=\"async\" width=\"800\" height=\"500\" class=\"gb-image gb-image-54f38fbf\" src=\"http:\/\/hyperiondrones.com\/wp-content\/uploads\/2024\/04\/A-drone-inspecting-electricity-infrastructure-while-workers-are-fixing-it.png\" alt=\"A drone inspecting electricity infrastructure while workers are fixing it\" title=\"A drone inspecting electricity infrastructure while workers are fixing it\" srcset=\"https:\/\/hyperiondrones.com\/wp-content\/uploads\/2024\/04\/A-drone-inspecting-electricity-infrastructure-while-workers-are-fixing-it.png 800w, https:\/\/hyperiondrones.com\/wp-content\/uploads\/2024\/04\/A-drone-inspecting-electricity-infrastructure-while-workers-are-fixing-it-600x375.png 600w, https:\/\/hyperiondrones.com\/wp-content\/uploads\/2024\/04\/A-drone-inspecting-electricity-infrastructure-while-workers-are-fixing-it-300x188.png 300w, https:\/\/hyperiondrones.com\/wp-content\/uploads\/2024\/04\/A-drone-inspecting-electricity-infrastructure-while-workers-are-fixing-it-768x480.png 768w\" sizes=\"(max-width: 800px) 100vw, 800px\" \/><\/figure>\n\n<\/div><\/div>\n\n<div class=\"gb-grid-column gb-grid-column-9013927d\"><div class=\"gb-container gb-container-9013927d\">\n<div class=\"gb-container gb-container-ab7e6534 gb-container-Underline-25-width\"><\/div>\n\n\n<h2 class=\"gb-headline gb-headline-feed3653 gb-headline-text\">Provjera elektro-distribucijske mre\u017ee dronovima<\/h2>\n\n\n\n<p class=\"gb-headline gb-headline-c67fdc40 gb-headline-text\">Provjera elektro-distribucijske mre\u017ee kori\u0161tenjem dronova donosi niz prednosti.<\/p>\n\n\n\n<p class=\"gb-headline gb-headline-c42ef919 gb-headline-text\">Osim \u0161to omogu\u0107uje da se iznimno brzo i sigurno provjere dijelovi mre\u017ee na udaljenim i\/ili te\u0161ko pristupa\u010dnim mjestima, omogu\u0107ava i da se snimanjem razli\u010ditim senzorima vidi i ono \u0161to je ljudskom oku ina\u010de nemogu\u0107e uo\u010diti te otkriti potencijalne probleme na vrijeme i prije nego postanu ozbiljni.<\/p>\n\n<\/div><\/div>\n<\/div>\n<\/div>\n<\/div>\n<\/div>","protected":false},"excerpt":{"rendered":"<p>Elektro-distribucijsku mre\u017eu potrebno je konstantno odr\u017eavati i provjeravati.<\/p>\n","protected":false},"author":2,"featured_media":0,"parent":0,"menu_order":0,"comment_status":"closed","ping_status":"closed","template":"","meta":{"_acf_changed":false,"footnotes":""},"class_list":["post-5570","page","type-page","status-publish"],"acf":[],"yoast_head":"<!-- This site is optimized with the Yoast SEO plugin v27.4 - https:\/\/yoast.com\/product\/yoast-seo-wordpress\/ -->\n<title>Elektro-distribucijska mre\u017ea - Hyperion Drones<\/title>\n<meta name=\"robots\" content=\"index, follow, max-snippet:-1, max-image-preview:large, max-video-preview:-1\" \/>\n<link rel=\"canonical\" href=\"https:\/\/hyperiondrones.com\/hr\/elektro-distribucijska-mreza\/\" \/>\n<meta property=\"og:locale\" content=\"hr_HR\" \/>\n<meta property=\"og:type\" content=\"article\" \/>\n<meta property=\"og:title\" content=\"Elektro-distribucijska mre\u017ea - Hyperion Drones\" \/>\n<meta property=\"og:description\" content=\"Elektro-distribucijsku mre\u017eu potrebno je konstantno odr\u017eavati i provjeravati.\" \/>\n<meta property=\"og:url\" content=\"https:\/\/hyperiondrones.com\/hr\/elektro-distribucijska-mreza\/\" \/>\n<meta property=\"og:site_name\" content=\"Hyperion Drones\" \/>\n<meta property=\"article:modified_time\" content=\"2024-04-19T13:31:12+00:00\" \/>\n<meta property=\"og:image\" content=\"http:\/\/hyperiondrones.com\/wp-content\/uploads\/2024\/04\/Eletricity-infrastructure-in-the-sunset.png\" \/>\n<meta name=\"twitter:card\" content=\"summary_large_image\" \/>\n<meta name=\"twitter:label1\" content=\"Procijenjeno vrijeme \u010ditanja\" \/>\n\t<meta name=\"twitter:data1\" content=\"1 minuta\" \/>\n<script type=\"application\/ld+json\" class=\"yoast-schema-graph\">{\"@context\":\"https:\\\/\\\/schema.org\",\"@graph\":[{\"@type\":\"WebPage\",\"@id\":\"https:\\\/\\\/hyperiondrones.com\\\/hr\\\/elektro-distribucijska-mreza\\\/\",\"url\":\"https:\\\/\\\/hyperiondrones.com\\\/hr\\\/elektro-distribucijska-mreza\\\/\",\"name\":\"Elektro-distribucijska mre\u017ea - Hyperion Drones\",\"isPartOf\":{\"@id\":\"https:\\\/\\\/hyperiondrones.com\\\/hr\\\/#website\"},\"primaryImageOfPage\":{\"@id\":\"https:\\\/\\\/hyperiondrones.com\\\/hr\\\/elektro-distribucijska-mreza\\\/#primaryimage\"},\"image\":{\"@id\":\"https:\\\/\\\/hyperiondrones.com\\\/hr\\\/elektro-distribucijska-mreza\\\/#primaryimage\"},\"thumbnailUrl\":\"http:\\\/\\\/hyperiondrones.com\\\/wp-content\\\/uploads\\\/2024\\\/04\\\/Eletricity-infrastructure-in-the-sunset.png\",\"datePublished\":\"2024-04-18T13:57:24+00:00\",\"dateModified\":\"2024-04-19T13:31:12+00:00\",\"breadcrumb\":{\"@id\":\"https:\\\/\\\/hyperiondrones.com\\\/hr\\\/elektro-distribucijska-mreza\\\/#breadcrumb\"},\"inLanguage\":\"hr\",\"potentialAction\":[{\"@type\":\"ReadAction\",\"target\":[\"https:\\\/\\\/hyperiondrones.com\\\/hr\\\/elektro-distribucijska-mreza\\\/\"]}]},{\"@type\":\"ImageObject\",\"inLanguage\":\"hr\",\"@id\":\"https:\\\/\\\/hyperiondrones.com\\\/hr\\\/elektro-distribucijska-mreza\\\/#primaryimage\",\"url\":\"http:\\\/\\\/hyperiondrones.com\\\/wp-content\\\/uploads\\\/2024\\\/04\\\/Eletricity-infrastructure-in-the-sunset.png\",\"contentUrl\":\"http:\\\/\\\/hyperiondrones.com\\\/wp-content\\\/uploads\\\/2024\\\/04\\\/Eletricity-infrastructure-in-the-sunset.png\"},{\"@type\":\"BreadcrumbList\",\"@id\":\"https:\\\/\\\/hyperiondrones.com\\\/hr\\\/elektro-distribucijska-mreza\\\/#breadcrumb\",\"itemListElement\":[{\"@type\":\"ListItem\",\"position\":1,\"name\":\"Naslovna\",\"item\":\"https:\\\/\\\/hyperiondrones.com\\\/hr\\\/\"},{\"@type\":\"ListItem\",\"position\":2,\"name\":\"Elektro-distribucijska mre\u017ea\"}]},{\"@type\":\"WebSite\",\"@id\":\"https:\\\/\\\/hyperiondrones.com\\\/hr\\\/#website\",\"url\":\"https:\\\/\\\/hyperiondrones.com\\\/hr\\\/\",\"name\":\"Hyperion Drones\",\"description\":\"Knowledge From Above\",\"publisher\":{\"@id\":\"https:\\\/\\\/hyperiondrones.com\\\/hr\\\/#organization\"},\"potentialAction\":[{\"@type\":\"SearchAction\",\"target\":{\"@type\":\"EntryPoint\",\"urlTemplate\":\"https:\\\/\\\/hyperiondrones.com\\\/hr\\\/?s={search_term_string}\"},\"query-input\":{\"@type\":\"PropertyValueSpecification\",\"valueRequired\":true,\"valueName\":\"search_term_string\"}}],\"inLanguage\":\"hr\"},{\"@type\":\"Organization\",\"@id\":\"https:\\\/\\\/hyperiondrones.com\\\/hr\\\/#organization\",\"name\":\"Hyperion Drones\",\"url\":\"https:\\\/\\\/hyperiondrones.com\\\/hr\\\/\",\"logo\":{\"@type\":\"ImageObject\",\"inLanguage\":\"hr\",\"@id\":\"https:\\\/\\\/hyperiondrones.com\\\/hr\\\/#\\\/schema\\\/logo\\\/image\\\/\",\"url\":\"https:\\\/\\\/hyperiondrones.com\\\/wp-content\\\/uploads\\\/2023\\\/10\\\/Prva-verzija-crni-novi.svg\",\"contentUrl\":\"https:\\\/\\\/hyperiondrones.com\\\/wp-content\\\/uploads\\\/2023\\\/10\\\/Prva-verzija-crni-novi.svg\",\"width\":400,\"height\":125,\"caption\":\"Hyperion Drones\"},\"image\":{\"@id\":\"https:\\\/\\\/hyperiondrones.com\\\/hr\\\/#\\\/schema\\\/logo\\\/image\\\/\"}}]}<\/script>\n<!-- \/ Yoast SEO plugin. -->","yoast_head_json":{"title":"Elektro-distribucijska mre\u017ea - Hyperion Drones","robots":{"index":"index","follow":"follow","max-snippet":"max-snippet:-1","max-image-preview":"max-image-preview:large","max-video-preview":"max-video-preview:-1"},"canonical":"https:\/\/hyperiondrones.com\/hr\/elektro-distribucijska-mreza\/","og_locale":"hr_HR","og_type":"article","og_title":"Elektro-distribucijska mre\u017ea - Hyperion Drones","og_description":"Elektro-distribucijsku mre\u017eu potrebno je konstantno odr\u017eavati i provjeravati.","og_url":"https:\/\/hyperiondrones.com\/hr\/elektro-distribucijska-mreza\/","og_site_name":"Hyperion Drones","article_modified_time":"2024-04-19T13:31:12+00:00","og_image":[{"url":"http:\/\/hyperiondrones.com\/wp-content\/uploads\/2024\/04\/Eletricity-infrastructure-in-the-sunset.png","type":"","width":"","height":""}],"twitter_card":"summary_large_image","twitter_misc":{"Procijenjeno vrijeme \u010ditanja":"1 minuta"},"schema":{"@context":"https:\/\/schema.org","@graph":[{"@type":"WebPage","@id":"https:\/\/hyperiondrones.com\/hr\/elektro-distribucijska-mreza\/","url":"https:\/\/hyperiondrones.com\/hr\/elektro-distribucijska-mreza\/","name":"Elektro-distribucijska mre\u017ea - Hyperion Drones","isPartOf":{"@id":"https:\/\/hyperiondrones.com\/hr\/#website"},"primaryImageOfPage":{"@id":"https:\/\/hyperiondrones.com\/hr\/elektro-distribucijska-mreza\/#primaryimage"},"image":{"@id":"https:\/\/hyperiondrones.com\/hr\/elektro-distribucijska-mreza\/#primaryimage"},"thumbnailUrl":"http:\/\/hyperiondrones.com\/wp-content\/uploads\/2024\/04\/Eletricity-infrastructure-in-the-sunset.png","datePublished":"2024-04-18T13:57:24+00:00","dateModified":"2024-04-19T13:31:12+00:00","breadcrumb":{"@id":"https:\/\/hyperiondrones.com\/hr\/elektro-distribucijska-mreza\/#breadcrumb"},"inLanguage":"hr","potentialAction":[{"@type":"ReadAction","target":["https:\/\/hyperiondrones.com\/hr\/elektro-distribucijska-mreza\/"]}]},{"@type":"ImageObject","inLanguage":"hr","@id":"https:\/\/hyperiondrones.com\/hr\/elektro-distribucijska-mreza\/#primaryimage","url":"http:\/\/hyperiondrones.com\/wp-content\/uploads\/2024\/04\/Eletricity-infrastructure-in-the-sunset.png","contentUrl":"http:\/\/hyperiondrones.com\/wp-content\/uploads\/2024\/04\/Eletricity-infrastructure-in-the-sunset.png"},{"@type":"BreadcrumbList","@id":"https:\/\/hyperiondrones.com\/hr\/elektro-distribucijska-mreza\/#breadcrumb","itemListElement":[{"@type":"ListItem","position":1,"name":"Naslovna","item":"https:\/\/hyperiondrones.com\/hr\/"},{"@type":"ListItem","position":2,"name":"Elektro-distribucijska mre\u017ea"}]},{"@type":"WebSite","@id":"https:\/\/hyperiondrones.com\/hr\/#website","url":"https:\/\/hyperiondrones.com\/hr\/","name":"Hyperion Drones","description":"Knowledge From Above","publisher":{"@id":"https:\/\/hyperiondrones.com\/hr\/#organization"},"potentialAction":[{"@type":"SearchAction","target":{"@type":"EntryPoint","urlTemplate":"https:\/\/hyperiondrones.com\/hr\/?s={search_term_string}"},"query-input":{"@type":"PropertyValueSpecification","valueRequired":true,"valueName":"search_term_string"}}],"inLanguage":"hr"},{"@type":"Organization","@id":"https:\/\/hyperiondrones.com\/hr\/#organization","name":"Hyperion Drones","url":"https:\/\/hyperiondrones.com\/hr\/","logo":{"@type":"ImageObject","inLanguage":"hr","@id":"https:\/\/hyperiondrones.com\/hr\/#\/schema\/logo\/image\/","url":"https:\/\/hyperiondrones.com\/wp-content\/uploads\/2023\/10\/Prva-verzija-crni-novi.svg","contentUrl":"https:\/\/hyperiondrones.com\/wp-content\/uploads\/2023\/10\/Prva-verzija-crni-novi.svg","width":400,"height":125,"caption":"Hyperion Drones"},"image":{"@id":"https:\/\/hyperiondrones.com\/hr\/#\/schema\/logo\/image\/"}}]}},"_links":{"self":[{"href":"https:\/\/hyperiondrones.com\/hr\/wp-json\/wp\/v2\/pages\/5570","targetHints":{"allow":["GET"]}}],"collection":[{"href":"https:\/\/hyperiondrones.com\/hr\/wp-json\/wp\/v2\/pages"}],"about":[{"href":"https:\/\/hyperiondrones.com\/hr\/wp-json\/wp\/v2\/types\/page"}],"author":[{"embeddable":true,"href":"https:\/\/hyperiondrones.com\/hr\/wp-json\/wp\/v2\/users\/2"}],"replies":[{"embeddable":true,"href":"https:\/\/hyperiondrones.com\/hr\/wp-json\/wp\/v2\/comments?post=5570"}],"version-history":[{"count":0,"href":"https:\/\/hyperiondrones.com\/hr\/wp-json\/wp\/v2\/pages\/5570\/revisions"}],"wp:attachment":[{"href":"https:\/\/hyperiondrones.com\/hr\/wp-json\/wp\/v2\/media?parent=5570"}],"curies":[{"name":"wp","href":"https:\/\/api.w.org\/{rel}","templated":true}]}}