{"id":5575,"date":"2024-04-18T15:26:46","date_gmt":"2024-04-18T14:26:46","guid":{"rendered":"https:\/\/hyperiondrones.com\/odasiljaci-2\/"},"modified":"2024-04-19T14:31:19","modified_gmt":"2024-04-19T13:31:19","slug":"odasiljaci","status":"publish","type":"page","link":"https:\/\/hyperiondrones.com\/hr\/odasiljaci\/","title":{"rendered":"Oda\u0161ilja\u010di"},"content":{"rendered":"<div class=\"gb-container gb-container-689cc87e\">\n<div class=\"gb-container gb-container-9d87f8b3 absolute-3\"><\/div>\n\n<div class=\"gb-container gb-container-0cd800be gb-container-Container-section\">\n<div class=\"gb-container gb-container-a728ec14\">\n<div class=\"gb-grid-wrapper gb-grid-wrapper-22d543b9\">\n<div class=\"gb-grid-column gb-grid-column-efaae72c\"><div class=\"gb-container gb-container-efaae72c\">\n<div class=\"gb-container gb-container-58cf816e gb-container-Underline-25-width\"><\/div>\n\n\n<h2 class=\"gb-headline gb-headline-9ccda70e gb-headline-text\">Redovito odr\u017eavanje baznih stanica<\/h2>\n\n\n\n<p class=\"gb-headline gb-headline-e8dac418 gb-headline-text\">U dana\u0161njem ubrzanom tempu \u017eivota, dostupnost u svakom trenutku je postala stil \u017eivota, a mobiteli i pametni ure\u0111aji postali su ure\u0111aji bez kojih vi\u0161e ne znamo funkcionirati.<\/p>\n\n\n\n<p class=\"gb-headline gb-headline-e1e0dcc4 gb-headline-text\">Pokrivenost signalom jedan je od va\u017enijih kriterija prilikom odabira operatera, a operater dobru pokrivenost posti\u017ee dobrim planiranjem i optimalnim rasporedom baznih stanica u prostoru.<\/p>\n\n\n\n<p class=\"gb-headline gb-headline-4b0d89ed gb-headline-text\">S obzirom na \u010dinjenicu da su bazne stanice visoko-tehnolo\u0161ki elementi iste je potrebno redovito odr\u017eavati i provjeravati.<\/p>\n\n\n\n<p class=\"gb-headline gb-headline-9e8c425a gb-headline-text\">Ti poslovi, s obzirom da podrazumijevaju penjanje na visoke stupove i to naj\u010de\u0161\u0107e na zaba\u010denim mjestima, nose odre\u0111eni rizik za ljude koji ih obavljaju.<\/p>\n\n<\/div><\/div>\n\n<div class=\"gb-grid-column gb-grid-column-60d83c26\"><div class=\"gb-container gb-container-60d83c26\">\n\n<figure class=\"gb-block-image gb-block-image-407d4b6a\"><img decoding=\"async\" width=\"800\" height=\"500\" class=\"gb-image gb-image-407d4b6a\" src=\"http:\/\/hyperiondrones.com\/wp-content\/uploads\/2024\/04\/Base-station-in-the-clear-blue-sky.png\" alt=\"Base station in the clear blue sky\" title=\"Base station in the clear blue sky\" srcset=\"https:\/\/hyperiondrones.com\/wp-content\/uploads\/2024\/04\/Base-station-in-the-clear-blue-sky.png 800w, https:\/\/hyperiondrones.com\/wp-content\/uploads\/2024\/04\/Base-station-in-the-clear-blue-sky-600x375.png 600w, https:\/\/hyperiondrones.com\/wp-content\/uploads\/2024\/04\/Base-station-in-the-clear-blue-sky-300x188.png 300w, https:\/\/hyperiondrones.com\/wp-content\/uploads\/2024\/04\/Base-station-in-the-clear-blue-sky-768x480.png 768w\" sizes=\"(max-width: 800px) 100vw, 800px\" \/><\/figure>\n\n<\/div><\/div>\n<\/div>\n<\/div>\n<\/div>\n\n<div class=\"gb-container gb-container-158e2fee\">\n<div class=\"gb-container gb-container-0f4c6916\">\n<div class=\"gb-container gb-container-51fe6136 alignwide gb-container-a5b75a89\">\n\n<p class=\"gb-headline gb-headline-96e70652 gb-headline-text\">Mo\u017eemo li bolje koriste\u0107i dronove? Naravno.<\/p>\n\n<\/div>\n<\/div>\n<\/div>\n\n<div class=\"gb-container gb-container-62ab8109 gb-container-Container-section\">\n<div class=\"gb-container gb-container-07fdf760\">\n<div class=\"gb-grid-wrapper gb-grid-wrapper-2469585b\">\n<div class=\"gb-grid-column gb-grid-column-eb0130a8\"><div class=\"gb-container gb-container-eb0130a8\">\n\n<figure class=\"gb-block-image gb-block-image-54f38fbf\"><img decoding=\"async\" width=\"800\" height=\"500\" class=\"gb-image gb-image-54f38fbf\" src=\"http:\/\/hyperiondrones.com\/wp-content\/uploads\/2024\/04\/Base-station-drone-footage.png\" alt=\"Base station drone footage\" title=\"Base station drone footage\" srcset=\"https:\/\/hyperiondrones.com\/wp-content\/uploads\/2024\/04\/Base-station-drone-footage.png 800w, https:\/\/hyperiondrones.com\/wp-content\/uploads\/2024\/04\/Base-station-drone-footage-600x375.png 600w, https:\/\/hyperiondrones.com\/wp-content\/uploads\/2024\/04\/Base-station-drone-footage-300x188.png 300w, https:\/\/hyperiondrones.com\/wp-content\/uploads\/2024\/04\/Base-station-drone-footage-768x480.png 768w\" sizes=\"(max-width: 800px) 100vw, 800px\" \/><\/figure>\n\n<\/div><\/div>\n\n<div class=\"gb-grid-column gb-grid-column-9013927d\"><div class=\"gb-container gb-container-9013927d\">\n<div class=\"gb-container gb-container-ab7e6534 gb-container-Underline-25-width\"><\/div>\n\n\n<h2 class=\"gb-headline gb-headline-feed3653 gb-headline-text\">Sigurno i efikasno snimanje baznih stanica<\/h2>\n\n\n\n<p class=\"gb-headline gb-headline-99f980ec gb-headline-text\">Osim \u0161to se isti posao mo\u017ee napraviti puno efikasnije i sigurnije, dronovima se mo\u017ee i napraviti po\u010detno snimanje okolnog podru\u010dja u svrhu izrade ortofota i 3D modela terena te snimiti bazne stanice i elemente na koje su pri\u010dvr\u0161\u0107ene iz raznih kuteva, s razli\u010ditim senzorima i to iznimno precizno i detaljno.<\/p>\n\n\n\n<p class=\"gb-headline gb-headline-0cec3f49 gb-headline-text\">U na\u0161em radu za planiranje koristimo aplikacije koje su state-of-the-art u tom podru\u010dju te nude iznimno robusno planiranje te iznimno kvalitetan izlazni proizvod iz kojeg \u0107ete mo\u0107i vidjeti cijeli niz detalja za koje ste dosad mislili da ih je nemogu\u0107e dobiti.<\/p>\n\n<\/div><\/div>\n<\/div>\n<\/div>\n<\/div>\n\n<div class=\"gb-container gb-container-92b23c02 gb-container-Section-Bottom\">\n<div class=\"gb-container gb-container-896d774b alignwide gb-container-Container-Bottom\">\n\n<p class=\"gb-headline gb-headline-38bd8728 gb-headline-text\">Javite nam se i prepustite nam proces provjere baznih stanica, a mi vam garantiramo sigurniji, br\u017ei, jednostavniji, kvalitetniji i \u0161to je jednako va\u017eno jeftiniji proizvod.<\/p>\n\n\n\n<a class=\"gb-button gb-button-235bd7c3 gb-button-text gb-button-Button\" href=\"https:\/\/hyperiondrones.com\/hr\/kontakt\/\">Kontaktirajte nas<\/a>\n\n<\/div>\n<\/div>\n<\/div>","protected":false},"excerpt":{"rendered":"<p>Mo\u017eemo li bolje koriste\u0107i dronove? Naravno. Javite nam se i prepustite nam proces provjere baznih stanica, a mi vam garantiramo sigurniji, br\u017ei, jednostavniji, kvalitetniji i \u0161to je jednako va\u017eno jeftiniji &#8230; <a title=\"Oda\u0161ilja\u010di\" class=\"read-more\" href=\"https:\/\/hyperiondrones.com\/hr\/odasiljaci\/\" aria-label=\"Read more about Oda\u0161ilja\u010di\">Read more<\/a><\/p>\n","protected":false},"author":2,"featured_media":0,"parent":0,"menu_order":0,"comment_status":"closed","ping_status":"closed","template":"","meta":{"_acf_changed":false,"footnotes":""},"class_list":["post-5575","page","type-page","status-publish"],"acf":[],"yoast_head":"<!-- This site is optimized with the Yoast SEO plugin v27.3 - https:\/\/yoast.com\/product\/yoast-seo-wordpress\/ -->\n<title>Oda\u0161ilja\u010di - Hyperion Drones<\/title>\n<meta name=\"robots\" content=\"index, follow, max-snippet:-1, max-image-preview:large, max-video-preview:-1\" \/>\n<link rel=\"canonical\" href=\"https:\/\/hyperiondrones.com\/hr\/odasiljaci\/\" \/>\n<meta property=\"og:locale\" content=\"hr_HR\" \/>\n<meta property=\"og:type\" content=\"article\" \/>\n<meta property=\"og:title\" content=\"Oda\u0161ilja\u010di - Hyperion Drones\" \/>\n<meta property=\"og:description\" content=\"Mo\u017eemo li bolje koriste\u0107i dronove? Naravno. Javite nam se i prepustite nam proces provjere baznih stanica, a mi vam garantiramo sigurniji, br\u017ei, jednostavniji, kvalitetniji i \u0161to je jednako va\u017eno jeftiniji ... Read more\" \/>\n<meta property=\"og:url\" content=\"https:\/\/hyperiondrones.com\/hr\/odasiljaci\/\" \/>\n<meta property=\"og:site_name\" content=\"Hyperion Drones\" \/>\n<meta property=\"article:modified_time\" content=\"2024-04-19T13:31:19+00:00\" \/>\n<meta property=\"og:image\" content=\"http:\/\/hyperiondrones.com\/wp-content\/uploads\/2024\/04\/Base-station-in-the-clear-blue-sky.png\" \/>\n<meta name=\"twitter:card\" content=\"summary_large_image\" \/>\n<meta name=\"twitter:label1\" content=\"Procijenjeno vrijeme \u010ditanja\" \/>\n\t<meta name=\"twitter:data1\" content=\"1 minuta\" \/>\n<script type=\"application\/ld+json\" class=\"yoast-schema-graph\">{\"@context\":\"https:\\\/\\\/schema.org\",\"@graph\":[{\"@type\":\"WebPage\",\"@id\":\"https:\\\/\\\/hyperiondrones.com\\\/hr\\\/odasiljaci\\\/\",\"url\":\"https:\\\/\\\/hyperiondrones.com\\\/hr\\\/odasiljaci\\\/\",\"name\":\"Oda\u0161ilja\u010di - Hyperion Drones\",\"isPartOf\":{\"@id\":\"https:\\\/\\\/hyperiondrones.com\\\/hr\\\/#website\"},\"primaryImageOfPage\":{\"@id\":\"https:\\\/\\\/hyperiondrones.com\\\/hr\\\/odasiljaci\\\/#primaryimage\"},\"image\":{\"@id\":\"https:\\\/\\\/hyperiondrones.com\\\/hr\\\/odasiljaci\\\/#primaryimage\"},\"thumbnailUrl\":\"http:\\\/\\\/hyperiondrones.com\\\/wp-content\\\/uploads\\\/2024\\\/04\\\/Base-station-in-the-clear-blue-sky.png\",\"datePublished\":\"2024-04-18T14:26:46+00:00\",\"dateModified\":\"2024-04-19T13:31:19+00:00\",\"breadcrumb\":{\"@id\":\"https:\\\/\\\/hyperiondrones.com\\\/hr\\\/odasiljaci\\\/#breadcrumb\"},\"inLanguage\":\"hr\",\"potentialAction\":[{\"@type\":\"ReadAction\",\"target\":[\"https:\\\/\\\/hyperiondrones.com\\\/hr\\\/odasiljaci\\\/\"]}]},{\"@type\":\"ImageObject\",\"inLanguage\":\"hr\",\"@id\":\"https:\\\/\\\/hyperiondrones.com\\\/hr\\\/odasiljaci\\\/#primaryimage\",\"url\":\"http:\\\/\\\/hyperiondrones.com\\\/wp-content\\\/uploads\\\/2024\\\/04\\\/Base-station-in-the-clear-blue-sky.png\",\"contentUrl\":\"http:\\\/\\\/hyperiondrones.com\\\/wp-content\\\/uploads\\\/2024\\\/04\\\/Base-station-in-the-clear-blue-sky.png\"},{\"@type\":\"BreadcrumbList\",\"@id\":\"https:\\\/\\\/hyperiondrones.com\\\/hr\\\/odasiljaci\\\/#breadcrumb\",\"itemListElement\":[{\"@type\":\"ListItem\",\"position\":1,\"name\":\"Naslovna\",\"item\":\"https:\\\/\\\/hyperiondrones.com\\\/hr\\\/\"},{\"@type\":\"ListItem\",\"position\":2,\"name\":\"Oda\u0161ilja\u010di\"}]},{\"@type\":\"WebSite\",\"@id\":\"https:\\\/\\\/hyperiondrones.com\\\/hr\\\/#website\",\"url\":\"https:\\\/\\\/hyperiondrones.com\\\/hr\\\/\",\"name\":\"Hyperion Drones\",\"description\":\"Knowledge From Above\",\"publisher\":{\"@id\":\"https:\\\/\\\/hyperiondrones.com\\\/hr\\\/#organization\"},\"potentialAction\":[{\"@type\":\"SearchAction\",\"target\":{\"@type\":\"EntryPoint\",\"urlTemplate\":\"https:\\\/\\\/hyperiondrones.com\\\/hr\\\/?s={search_term_string}\"},\"query-input\":{\"@type\":\"PropertyValueSpecification\",\"valueRequired\":true,\"valueName\":\"search_term_string\"}}],\"inLanguage\":\"hr\"},{\"@type\":\"Organization\",\"@id\":\"https:\\\/\\\/hyperiondrones.com\\\/hr\\\/#organization\",\"name\":\"Hyperion Drones\",\"url\":\"https:\\\/\\\/hyperiondrones.com\\\/hr\\\/\",\"logo\":{\"@type\":\"ImageObject\",\"inLanguage\":\"hr\",\"@id\":\"https:\\\/\\\/hyperiondrones.com\\\/hr\\\/#\\\/schema\\\/logo\\\/image\\\/\",\"url\":\"https:\\\/\\\/hyperiondrones.com\\\/wp-content\\\/uploads\\\/2023\\\/10\\\/Prva-verzija-crni-novi.svg\",\"contentUrl\":\"https:\\\/\\\/hyperiondrones.com\\\/wp-content\\\/uploads\\\/2023\\\/10\\\/Prva-verzija-crni-novi.svg\",\"width\":400,\"height\":125,\"caption\":\"Hyperion Drones\"},\"image\":{\"@id\":\"https:\\\/\\\/hyperiondrones.com\\\/hr\\\/#\\\/schema\\\/logo\\\/image\\\/\"}}]}<\/script>\n<!-- \/ Yoast SEO plugin. -->","yoast_head_json":{"title":"Oda\u0161ilja\u010di - Hyperion Drones","robots":{"index":"index","follow":"follow","max-snippet":"max-snippet:-1","max-image-preview":"max-image-preview:large","max-video-preview":"max-video-preview:-1"},"canonical":"https:\/\/hyperiondrones.com\/hr\/odasiljaci\/","og_locale":"hr_HR","og_type":"article","og_title":"Oda\u0161ilja\u010di - Hyperion Drones","og_description":"Mo\u017eemo li bolje koriste\u0107i dronove? Naravno. Javite nam se i prepustite nam proces provjere baznih stanica, a mi vam garantiramo sigurniji, br\u017ei, jednostavniji, kvalitetniji i \u0161to je jednako va\u017eno jeftiniji ... Read more","og_url":"https:\/\/hyperiondrones.com\/hr\/odasiljaci\/","og_site_name":"Hyperion Drones","article_modified_time":"2024-04-19T13:31:19+00:00","og_image":[{"url":"http:\/\/hyperiondrones.com\/wp-content\/uploads\/2024\/04\/Base-station-in-the-clear-blue-sky.png","type":"","width":"","height":""}],"twitter_card":"summary_large_image","twitter_misc":{"Procijenjeno vrijeme \u010ditanja":"1 minuta"},"schema":{"@context":"https:\/\/schema.org","@graph":[{"@type":"WebPage","@id":"https:\/\/hyperiondrones.com\/hr\/odasiljaci\/","url":"https:\/\/hyperiondrones.com\/hr\/odasiljaci\/","name":"Oda\u0161ilja\u010di - Hyperion Drones","isPartOf":{"@id":"https:\/\/hyperiondrones.com\/hr\/#website"},"primaryImageOfPage":{"@id":"https:\/\/hyperiondrones.com\/hr\/odasiljaci\/#primaryimage"},"image":{"@id":"https:\/\/hyperiondrones.com\/hr\/odasiljaci\/#primaryimage"},"thumbnailUrl":"http:\/\/hyperiondrones.com\/wp-content\/uploads\/2024\/04\/Base-station-in-the-clear-blue-sky.png","datePublished":"2024-04-18T14:26:46+00:00","dateModified":"2024-04-19T13:31:19+00:00","breadcrumb":{"@id":"https:\/\/hyperiondrones.com\/hr\/odasiljaci\/#breadcrumb"},"inLanguage":"hr","potentialAction":[{"@type":"ReadAction","target":["https:\/\/hyperiondrones.com\/hr\/odasiljaci\/"]}]},{"@type":"ImageObject","inLanguage":"hr","@id":"https:\/\/hyperiondrones.com\/hr\/odasiljaci\/#primaryimage","url":"http:\/\/hyperiondrones.com\/wp-content\/uploads\/2024\/04\/Base-station-in-the-clear-blue-sky.png","contentUrl":"http:\/\/hyperiondrones.com\/wp-content\/uploads\/2024\/04\/Base-station-in-the-clear-blue-sky.png"},{"@type":"BreadcrumbList","@id":"https:\/\/hyperiondrones.com\/hr\/odasiljaci\/#breadcrumb","itemListElement":[{"@type":"ListItem","position":1,"name":"Naslovna","item":"https:\/\/hyperiondrones.com\/hr\/"},{"@type":"ListItem","position":2,"name":"Oda\u0161ilja\u010di"}]},{"@type":"WebSite","@id":"https:\/\/hyperiondrones.com\/hr\/#website","url":"https:\/\/hyperiondrones.com\/hr\/","name":"Hyperion Drones","description":"Knowledge From Above","publisher":{"@id":"https:\/\/hyperiondrones.com\/hr\/#organization"},"potentialAction":[{"@type":"SearchAction","target":{"@type":"EntryPoint","urlTemplate":"https:\/\/hyperiondrones.com\/hr\/?s={search_term_string}"},"query-input":{"@type":"PropertyValueSpecification","valueRequired":true,"valueName":"search_term_string"}}],"inLanguage":"hr"},{"@type":"Organization","@id":"https:\/\/hyperiondrones.com\/hr\/#organization","name":"Hyperion Drones","url":"https:\/\/hyperiondrones.com\/hr\/","logo":{"@type":"ImageObject","inLanguage":"hr","@id":"https:\/\/hyperiondrones.com\/hr\/#\/schema\/logo\/image\/","url":"https:\/\/hyperiondrones.com\/wp-content\/uploads\/2023\/10\/Prva-verzija-crni-novi.svg","contentUrl":"https:\/\/hyperiondrones.com\/wp-content\/uploads\/2023\/10\/Prva-verzija-crni-novi.svg","width":400,"height":125,"caption":"Hyperion Drones"},"image":{"@id":"https:\/\/hyperiondrones.com\/hr\/#\/schema\/logo\/image\/"}}]}},"_links":{"self":[{"href":"https:\/\/hyperiondrones.com\/hr\/wp-json\/wp\/v2\/pages\/5575","targetHints":{"allow":["GET"]}}],"collection":[{"href":"https:\/\/hyperiondrones.com\/hr\/wp-json\/wp\/v2\/pages"}],"about":[{"href":"https:\/\/hyperiondrones.com\/hr\/wp-json\/wp\/v2\/types\/page"}],"author":[{"embeddable":true,"href":"https:\/\/hyperiondrones.com\/hr\/wp-json\/wp\/v2\/users\/2"}],"replies":[{"embeddable":true,"href":"https:\/\/hyperiondrones.com\/hr\/wp-json\/wp\/v2\/comments?post=5575"}],"version-history":[{"count":0,"href":"https:\/\/hyperiondrones.com\/hr\/wp-json\/wp\/v2\/pages\/5575\/revisions"}],"wp:attachment":[{"href":"https:\/\/hyperiondrones.com\/hr\/wp-json\/wp\/v2\/media?parent=5575"}],"curies":[{"name":"wp","href":"https:\/\/api.w.org\/{rel}","templated":true}]}}