{"id":5580,"date":"2024-04-18T15:39:55","date_gmt":"2024-04-18T14:39:55","guid":{"rendered":"https:\/\/hyperiondrones.com\/solarni-paneli-2\/"},"modified":"2024-04-19T14:31:31","modified_gmt":"2024-04-19T13:31:31","slug":"solarni-paneli","status":"publish","type":"page","link":"https:\/\/hyperiondrones.com\/hr\/solarni-paneli\/","title":{"rendered":"Solarni Paneli"},"content":{"rendered":"<div class=\"gb-container gb-container-689cc87e\">\n<div class=\"gb-container gb-container-9d87f8b3 absolute-3\"><\/div>\n\n<div class=\"gb-container gb-container-0cd800be gb-container-Container-section\">\n<div class=\"gb-container gb-container-a728ec14\">\n<div class=\"gb-grid-wrapper gb-grid-wrapper-22d543b9\">\n<div class=\"gb-grid-column gb-grid-column-efaae72c\"><div class=\"gb-container gb-container-efaae72c\">\n<div class=\"gb-container gb-container-58cf816e gb-container-Underline-25-width\"><\/div>\n\n\n<h2 class=\"gb-headline gb-headline-9ccda70e gb-headline-text\">Efikasnost solarnih panela<\/h2>\n\n\n\n<p class=\"gb-headline gb-headline-f97fa792 gb-headline-text\">Solarna energija nepresu\u0161ni je izvor energije, naravno, sve dok ima sunca. Mnogi danas na krovove ugra\u0111uju mini solarne elektrane \u010demu prethodi posao planiranja, pri \u010demu se poku\u0161ava posti\u0107i \u0161to vi\u0161i stupanj autonomnosti korisnika i iskoristivosti.<\/p>\n\n\n\n<p class=\"gb-headline gb-headline-f11ba0f8 gb-headline-text\">Iako su garancije na same elemente elektrane 10, 15 pa \u010dak i 20 godina, nije nemogu\u0107e da neki od elemenata otka\u017ee, \u0161to ponekad dovodi u pitanje cjelokupnu proizvodnju.<\/p>\n\n\n\n<p class=\"gb-headline gb-headline-0ed76d4b gb-headline-text\">Kako bi se osigurala visoka efikasnost elektrane i time smanjio rok za povrat investicije, potrebno je povremeno napraviti provjeru elektrane i uvjeriti se da sve funkcionira.<\/p>\n\n<\/div><\/div>\n\n<div class=\"gb-grid-column gb-grid-column-60d83c26\"><div class=\"gb-container gb-container-60d83c26\">\n\n<figure class=\"gb-block-image gb-block-image-407d4b6a\"><img decoding=\"async\" width=\"800\" height=\"500\" class=\"gb-image gb-image-407d4b6a\" src=\"http:\/\/hyperiondrones.com\/wp-content\/uploads\/2024\/04\/Rooftop-of-a-building-covered-with-solar-panels.png\" alt=\"Rooftop of a building covered with solar panels\" title=\"Rooftop of a building covered with solar panels\" srcset=\"https:\/\/hyperiondrones.com\/wp-content\/uploads\/2024\/04\/Rooftop-of-a-building-covered-with-solar-panels.png 800w, https:\/\/hyperiondrones.com\/wp-content\/uploads\/2024\/04\/Rooftop-of-a-building-covered-with-solar-panels-600x375.png 600w, https:\/\/hyperiondrones.com\/wp-content\/uploads\/2024\/04\/Rooftop-of-a-building-covered-with-solar-panels-300x188.png 300w, https:\/\/hyperiondrones.com\/wp-content\/uploads\/2024\/04\/Rooftop-of-a-building-covered-with-solar-panels-768x480.png 768w\" sizes=\"(max-width: 800px) 100vw, 800px\" \/><\/figure>\n\n<\/div><\/div>\n<\/div>\n<\/div>\n<\/div>\n\n<div class=\"gb-container gb-container-158e2fee\">\n<div class=\"gb-container gb-container-0f4c6916\">\n<div class=\"gb-container gb-container-51fe6136 alignwide gb-container-a5b75a89\">\n\n<p class=\"gb-headline gb-headline-df9e484e gb-headline-text\">Pa \u010dak i kada svi elementi rade tj. elektrana radi, mo\u017ee se dogoditi da ne proizvodi onoliko koliko zapravo mo\u017ee proizvoditi tj. ne radi punim kapacitetom.<\/p>\n\n<\/div>\n<\/div>\n<\/div>\n\n<div class=\"gb-container gb-container-62ab8109 gb-container-Container-section\">\n<div class=\"gb-container gb-container-07fdf760\">\n<div class=\"gb-grid-wrapper gb-grid-wrapper-2469585b\">\n<div class=\"gb-grid-column gb-grid-column-eb0130a8\"><div class=\"gb-container gb-container-eb0130a8\">\n\n<figure class=\"gb-block-image gb-block-image-54f38fbf\"><img decoding=\"async\" width=\"800\" height=\"500\" class=\"gb-image gb-image-54f38fbf\" src=\"http:\/\/hyperiondrones.com\/wp-content\/uploads\/2024\/04\/A-drone-hovering-over-solar-panels.png\" alt=\"A drone hovering over solar panels\" title=\"A drone hovering over solar panels\" srcset=\"https:\/\/hyperiondrones.com\/wp-content\/uploads\/2024\/04\/A-drone-hovering-over-solar-panels.png 800w, https:\/\/hyperiondrones.com\/wp-content\/uploads\/2024\/04\/A-drone-hovering-over-solar-panels-600x375.png 600w, https:\/\/hyperiondrones.com\/wp-content\/uploads\/2024\/04\/A-drone-hovering-over-solar-panels-300x188.png 300w, https:\/\/hyperiondrones.com\/wp-content\/uploads\/2024\/04\/A-drone-hovering-over-solar-panels-768x480.png 768w\" sizes=\"(max-width: 800px) 100vw, 800px\" \/><\/figure>\n\n<\/div><\/div>\n\n<div class=\"gb-grid-column gb-grid-column-9013927d\"><div class=\"gb-container gb-container-9013927d\">\n<div class=\"gb-container gb-container-ab7e6534 gb-container-Underline-25-width\"><\/div>\n\n\n<h2 class=\"gb-headline gb-headline-feed3653 gb-headline-text\">Provjera solarnih panela dronovima<\/h2>\n\n\n\n<p class=\"gb-headline gb-headline-799cd209 gb-headline-text\">Ponekad je razlog banalan, kao npr. zaprljanost panela uslijed ki\u0161a koje u sebi sadr\u017ee pijesak, a koje onda posljedi\u010dno mogu jako smanjiti proizvodnju elektri\u010dne energije.<\/p>\n\n\n\n<p class=\"gb-headline gb-headline-0dbaa930 gb-headline-text\">Zamislite gubitke uslijed manje iskoristivosti tokom ljetnih mjeseci kada bi se trebalo proizvoditi najvi\u0161e energije, bilo radi zaprljanosti ili otkaza odre\u0111enog panela unutar odre\u0111enog polja elektrane.<\/p>\n\n\n\n<p class=\"gb-headline gb-headline-cd018a71 gb-headline-text\">Bilo da planirate postavljanje elektrane i \u017eelite snimiti nulto stanje ili \u017eelite osigurati najefikasniji rad va\u0161e elektrane tj. tra\u017eite panele koji imaju smanjenu u\u010dinkovitost, mo\u017eemo vam pomo\u0107i.<\/p>\n\n\n\n<p class=\"gb-headline gb-headline-91389a69 gb-headline-text\">&nbsp;&nbsp;<\/p>\n\n<\/div><\/div>\n<\/div>\n<\/div>\n<\/div>\n\n<div class=\"gb-container gb-container-92b23c02 gb-container-Section-Bottom\">\n<div class=\"gb-container gb-container-896d774b alignwide gb-container-Container-Bottom\">\n\n<p class=\"gb-headline gb-headline-e0b7b8ec gb-headline-text\">U iznimno kratkom vremenu mo\u017eemo posnimiti ogromne povr\u0161ine, na lako ili te\u0161ko pristupa\u010dnom terenu, u bilo koje doba dana.<\/p>\n\n\n\n<p class=\"gb-headline gb-headline-524b9994 gb-headline-text\">Snimanje izvr\u0161avamo termalnim kamerama kojima \u0107ete vidjeti u\u010dinkovitost pojedinih panela i identificirati problemati\u010dni panel u va\u0161oj solarnoj elektrani.<\/p>\n\n\n\n<a class=\"gb-button gb-button-235bd7c3 gb-button-text gb-button-Button\" href=\"https:\/\/hyperiondrones.com\/hr\/kontakt\/\">Kontaktirajte nas<\/a>\n\n<\/div>\n<\/div>\n<\/div>","protected":false},"excerpt":{"rendered":"<p>Pa \u010dak i kada svi elementi rade tj. elektrana radi, mo\u017ee se dogoditi da ne proizvodi onoliko koliko zapravo mo\u017ee proizvoditi tj. ne radi punim kapacitetom. U iznimno kratkom vremenu &#8230; <a title=\"Solarni Paneli\" class=\"read-more\" href=\"https:\/\/hyperiondrones.com\/hr\/solarni-paneli\/\" aria-label=\"Read more about Solarni Paneli\">Read more<\/a><\/p>\n","protected":false},"author":2,"featured_media":0,"parent":0,"menu_order":0,"comment_status":"closed","ping_status":"closed","template":"","meta":{"_acf_changed":false,"footnotes":""},"class_list":["post-5580","page","type-page","status-publish"],"acf":[],"yoast_head":"<!-- This site is optimized with the Yoast SEO plugin v27.4 - https:\/\/yoast.com\/product\/yoast-seo-wordpress\/ -->\n<title>Solarni Paneli - Hyperion Drones<\/title>\n<meta name=\"robots\" content=\"index, follow, max-snippet:-1, max-image-preview:large, max-video-preview:-1\" \/>\n<link rel=\"canonical\" href=\"https:\/\/hyperiondrones.com\/hr\/solarni-paneli\/\" \/>\n<meta property=\"og:locale\" content=\"hr_HR\" \/>\n<meta property=\"og:type\" content=\"article\" \/>\n<meta property=\"og:title\" content=\"Solarni Paneli - Hyperion Drones\" \/>\n<meta property=\"og:description\" content=\"Pa \u010dak i kada svi elementi rade tj. elektrana radi, mo\u017ee se dogoditi da ne proizvodi onoliko koliko zapravo mo\u017ee proizvoditi tj. ne radi punim kapacitetom. U iznimno kratkom vremenu ... Read more\" \/>\n<meta property=\"og:url\" content=\"https:\/\/hyperiondrones.com\/hr\/solarni-paneli\/\" \/>\n<meta property=\"og:site_name\" content=\"Hyperion Drones\" \/>\n<meta property=\"article:modified_time\" content=\"2024-04-19T13:31:31+00:00\" \/>\n<meta property=\"og:image\" content=\"http:\/\/hyperiondrones.com\/wp-content\/uploads\/2024\/04\/Rooftop-of-a-building-covered-with-solar-panels.png\" \/>\n<meta name=\"twitter:card\" content=\"summary_large_image\" \/>\n<meta name=\"twitter:label1\" content=\"Procijenjeno vrijeme \u010ditanja\" \/>\n\t<meta name=\"twitter:data1\" content=\"1 minuta\" \/>\n<script type=\"application\/ld+json\" class=\"yoast-schema-graph\">{\"@context\":\"https:\\\/\\\/schema.org\",\"@graph\":[{\"@type\":\"WebPage\",\"@id\":\"https:\\\/\\\/hyperiondrones.com\\\/hr\\\/solarni-paneli\\\/\",\"url\":\"https:\\\/\\\/hyperiondrones.com\\\/hr\\\/solarni-paneli\\\/\",\"name\":\"Solarni Paneli - Hyperion Drones\",\"isPartOf\":{\"@id\":\"https:\\\/\\\/hyperiondrones.com\\\/hr\\\/#website\"},\"primaryImageOfPage\":{\"@id\":\"https:\\\/\\\/hyperiondrones.com\\\/hr\\\/solarni-paneli\\\/#primaryimage\"},\"image\":{\"@id\":\"https:\\\/\\\/hyperiondrones.com\\\/hr\\\/solarni-paneli\\\/#primaryimage\"},\"thumbnailUrl\":\"http:\\\/\\\/hyperiondrones.com\\\/wp-content\\\/uploads\\\/2024\\\/04\\\/Rooftop-of-a-building-covered-with-solar-panels.png\",\"datePublished\":\"2024-04-18T14:39:55+00:00\",\"dateModified\":\"2024-04-19T13:31:31+00:00\",\"breadcrumb\":{\"@id\":\"https:\\\/\\\/hyperiondrones.com\\\/hr\\\/solarni-paneli\\\/#breadcrumb\"},\"inLanguage\":\"hr\",\"potentialAction\":[{\"@type\":\"ReadAction\",\"target\":[\"https:\\\/\\\/hyperiondrones.com\\\/hr\\\/solarni-paneli\\\/\"]}]},{\"@type\":\"ImageObject\",\"inLanguage\":\"hr\",\"@id\":\"https:\\\/\\\/hyperiondrones.com\\\/hr\\\/solarni-paneli\\\/#primaryimage\",\"url\":\"http:\\\/\\\/hyperiondrones.com\\\/wp-content\\\/uploads\\\/2024\\\/04\\\/Rooftop-of-a-building-covered-with-solar-panels.png\",\"contentUrl\":\"http:\\\/\\\/hyperiondrones.com\\\/wp-content\\\/uploads\\\/2024\\\/04\\\/Rooftop-of-a-building-covered-with-solar-panels.png\"},{\"@type\":\"BreadcrumbList\",\"@id\":\"https:\\\/\\\/hyperiondrones.com\\\/hr\\\/solarni-paneli\\\/#breadcrumb\",\"itemListElement\":[{\"@type\":\"ListItem\",\"position\":1,\"name\":\"Naslovna\",\"item\":\"https:\\\/\\\/hyperiondrones.com\\\/hr\\\/\"},{\"@type\":\"ListItem\",\"position\":2,\"name\":\"Solarni Paneli\"}]},{\"@type\":\"WebSite\",\"@id\":\"https:\\\/\\\/hyperiondrones.com\\\/hr\\\/#website\",\"url\":\"https:\\\/\\\/hyperiondrones.com\\\/hr\\\/\",\"name\":\"Hyperion Drones\",\"description\":\"Knowledge From Above\",\"publisher\":{\"@id\":\"https:\\\/\\\/hyperiondrones.com\\\/hr\\\/#organization\"},\"potentialAction\":[{\"@type\":\"SearchAction\",\"target\":{\"@type\":\"EntryPoint\",\"urlTemplate\":\"https:\\\/\\\/hyperiondrones.com\\\/hr\\\/?s={search_term_string}\"},\"query-input\":{\"@type\":\"PropertyValueSpecification\",\"valueRequired\":true,\"valueName\":\"search_term_string\"}}],\"inLanguage\":\"hr\"},{\"@type\":\"Organization\",\"@id\":\"https:\\\/\\\/hyperiondrones.com\\\/hr\\\/#organization\",\"name\":\"Hyperion Drones\",\"url\":\"https:\\\/\\\/hyperiondrones.com\\\/hr\\\/\",\"logo\":{\"@type\":\"ImageObject\",\"inLanguage\":\"hr\",\"@id\":\"https:\\\/\\\/hyperiondrones.com\\\/hr\\\/#\\\/schema\\\/logo\\\/image\\\/\",\"url\":\"https:\\\/\\\/hyperiondrones.com\\\/wp-content\\\/uploads\\\/2023\\\/10\\\/Prva-verzija-crni-novi.svg\",\"contentUrl\":\"https:\\\/\\\/hyperiondrones.com\\\/wp-content\\\/uploads\\\/2023\\\/10\\\/Prva-verzija-crni-novi.svg\",\"width\":400,\"height\":125,\"caption\":\"Hyperion Drones\"},\"image\":{\"@id\":\"https:\\\/\\\/hyperiondrones.com\\\/hr\\\/#\\\/schema\\\/logo\\\/image\\\/\"}}]}<\/script>\n<!-- \/ Yoast SEO plugin. -->","yoast_head_json":{"title":"Solarni Paneli - Hyperion Drones","robots":{"index":"index","follow":"follow","max-snippet":"max-snippet:-1","max-image-preview":"max-image-preview:large","max-video-preview":"max-video-preview:-1"},"canonical":"https:\/\/hyperiondrones.com\/hr\/solarni-paneli\/","og_locale":"hr_HR","og_type":"article","og_title":"Solarni Paneli - Hyperion Drones","og_description":"Pa \u010dak i kada svi elementi rade tj. elektrana radi, mo\u017ee se dogoditi da ne proizvodi onoliko koliko zapravo mo\u017ee proizvoditi tj. ne radi punim kapacitetom. U iznimno kratkom vremenu ... Read more","og_url":"https:\/\/hyperiondrones.com\/hr\/solarni-paneli\/","og_site_name":"Hyperion Drones","article_modified_time":"2024-04-19T13:31:31+00:00","og_image":[{"url":"http:\/\/hyperiondrones.com\/wp-content\/uploads\/2024\/04\/Rooftop-of-a-building-covered-with-solar-panels.png","type":"","width":"","height":""}],"twitter_card":"summary_large_image","twitter_misc":{"Procijenjeno vrijeme \u010ditanja":"1 minuta"},"schema":{"@context":"https:\/\/schema.org","@graph":[{"@type":"WebPage","@id":"https:\/\/hyperiondrones.com\/hr\/solarni-paneli\/","url":"https:\/\/hyperiondrones.com\/hr\/solarni-paneli\/","name":"Solarni Paneli - Hyperion Drones","isPartOf":{"@id":"https:\/\/hyperiondrones.com\/hr\/#website"},"primaryImageOfPage":{"@id":"https:\/\/hyperiondrones.com\/hr\/solarni-paneli\/#primaryimage"},"image":{"@id":"https:\/\/hyperiondrones.com\/hr\/solarni-paneli\/#primaryimage"},"thumbnailUrl":"http:\/\/hyperiondrones.com\/wp-content\/uploads\/2024\/04\/Rooftop-of-a-building-covered-with-solar-panels.png","datePublished":"2024-04-18T14:39:55+00:00","dateModified":"2024-04-19T13:31:31+00:00","breadcrumb":{"@id":"https:\/\/hyperiondrones.com\/hr\/solarni-paneli\/#breadcrumb"},"inLanguage":"hr","potentialAction":[{"@type":"ReadAction","target":["https:\/\/hyperiondrones.com\/hr\/solarni-paneli\/"]}]},{"@type":"ImageObject","inLanguage":"hr","@id":"https:\/\/hyperiondrones.com\/hr\/solarni-paneli\/#primaryimage","url":"http:\/\/hyperiondrones.com\/wp-content\/uploads\/2024\/04\/Rooftop-of-a-building-covered-with-solar-panels.png","contentUrl":"http:\/\/hyperiondrones.com\/wp-content\/uploads\/2024\/04\/Rooftop-of-a-building-covered-with-solar-panels.png"},{"@type":"BreadcrumbList","@id":"https:\/\/hyperiondrones.com\/hr\/solarni-paneli\/#breadcrumb","itemListElement":[{"@type":"ListItem","position":1,"name":"Naslovna","item":"https:\/\/hyperiondrones.com\/hr\/"},{"@type":"ListItem","position":2,"name":"Solarni Paneli"}]},{"@type":"WebSite","@id":"https:\/\/hyperiondrones.com\/hr\/#website","url":"https:\/\/hyperiondrones.com\/hr\/","name":"Hyperion Drones","description":"Knowledge From Above","publisher":{"@id":"https:\/\/hyperiondrones.com\/hr\/#organization"},"potentialAction":[{"@type":"SearchAction","target":{"@type":"EntryPoint","urlTemplate":"https:\/\/hyperiondrones.com\/hr\/?s={search_term_string}"},"query-input":{"@type":"PropertyValueSpecification","valueRequired":true,"valueName":"search_term_string"}}],"inLanguage":"hr"},{"@type":"Organization","@id":"https:\/\/hyperiondrones.com\/hr\/#organization","name":"Hyperion Drones","url":"https:\/\/hyperiondrones.com\/hr\/","logo":{"@type":"ImageObject","inLanguage":"hr","@id":"https:\/\/hyperiondrones.com\/hr\/#\/schema\/logo\/image\/","url":"https:\/\/hyperiondrones.com\/wp-content\/uploads\/2023\/10\/Prva-verzija-crni-novi.svg","contentUrl":"https:\/\/hyperiondrones.com\/wp-content\/uploads\/2023\/10\/Prva-verzija-crni-novi.svg","width":400,"height":125,"caption":"Hyperion Drones"},"image":{"@id":"https:\/\/hyperiondrones.com\/hr\/#\/schema\/logo\/image\/"}}]}},"_links":{"self":[{"href":"https:\/\/hyperiondrones.com\/hr\/wp-json\/wp\/v2\/pages\/5580","targetHints":{"allow":["GET"]}}],"collection":[{"href":"https:\/\/hyperiondrones.com\/hr\/wp-json\/wp\/v2\/pages"}],"about":[{"href":"https:\/\/hyperiondrones.com\/hr\/wp-json\/wp\/v2\/types\/page"}],"author":[{"embeddable":true,"href":"https:\/\/hyperiondrones.com\/hr\/wp-json\/wp\/v2\/users\/2"}],"replies":[{"embeddable":true,"href":"https:\/\/hyperiondrones.com\/hr\/wp-json\/wp\/v2\/comments?post=5580"}],"version-history":[{"count":0,"href":"https:\/\/hyperiondrones.com\/hr\/wp-json\/wp\/v2\/pages\/5580\/revisions"}],"wp:attachment":[{"href":"https:\/\/hyperiondrones.com\/hr\/wp-json\/wp\/v2\/media?parent=5580"}],"curies":[{"name":"wp","href":"https:\/\/api.w.org\/{rel}","templated":true}]}}