{"id":5583,"date":"2024-04-19T08:42:03","date_gmt":"2024-04-19T07:42:03","guid":{"rendered":"https:\/\/hyperiondrones.com\/pregled-infrastrukture-2\/"},"modified":"2024-04-19T14:31:37","modified_gmt":"2024-04-19T13:31:37","slug":"pregled-infrastrukture","status":"publish","type":"page","link":"https:\/\/hyperiondrones.com\/hr\/pregled-infrastrukture\/","title":{"rendered":"Pregled infrastrukture"},"content":{"rendered":"<div class=\"gb-container gb-container-689cc87e\">\n<div class=\"gb-container gb-container-9d87f8b3 absolute-3\"><\/div>\n\n<div class=\"gb-container gb-container-0cd800be gb-container-Container-section\">\n<div class=\"gb-container gb-container-a728ec14\">\n<div class=\"gb-grid-wrapper gb-grid-wrapper-22d543b9\">\n<div class=\"gb-grid-column gb-grid-column-efaae72c\"><div class=\"gb-container gb-container-efaae72c\">\n<div class=\"gb-container gb-container-58cf816e gb-container-Underline-25-width\"><\/div>\n\n\n<h2 class=\"gb-headline gb-headline-1e58f030 gb-headline-text\">Efikasno pregledavanje objekata<\/h2>\n\n\n\n<p class=\"gb-headline gb-headline-35285846 gb-headline-text\">Imate potrebu da periodi\u010dki pregledate odre\u0111eni objekt (mostovi, vjetroturbine, toplovodi, plinovodi, nasipi, brane)? \u017delite to napraviti jeftinije, br\u017ee, sigurnije i kvalitetnije? Razmislite o upotrebi dronova za te zada\u0107e.<\/p>\n\n\n\n<p class=\"gb-headline gb-headline-710b3072 gb-headline-text\">Dronovi su doslovno revolucionizirali snimanja te\u0161ko pristupa\u010dnih podru\u010dja pa \u010dak i \u010dovjeku potpuno nepristupa\u010dnih mjesta, omogu\u0107avaju\u0107i da se taj posao obavi sigurno, brzo, jednostavno, jeftino i uz to jo\u0161 kvalitetnije koriste\u0107i cijeli niz razli\u010ditih senzora.<\/p>\n\n<\/div><\/div>\n\n<div class=\"gb-grid-column gb-grid-column-60d83c26\"><div class=\"gb-container gb-container-60d83c26\">\n\n<figure class=\"gb-block-image gb-block-image-407d4b6a\"><img decoding=\"async\" width=\"800\" height=\"500\" class=\"gb-image gb-image-407d4b6a\" src=\"http:\/\/hyperiondrones.com\/wp-content\/uploads\/2024\/04\/Drone-hovering-over-a-construction-site.png\" alt=\"Drone hovering over a construction site\" title=\"Drone hovering over a construction site\" srcset=\"https:\/\/hyperiondrones.com\/wp-content\/uploads\/2024\/04\/Drone-hovering-over-a-construction-site.png 800w, https:\/\/hyperiondrones.com\/wp-content\/uploads\/2024\/04\/Drone-hovering-over-a-construction-site-600x375.png 600w, https:\/\/hyperiondrones.com\/wp-content\/uploads\/2024\/04\/Drone-hovering-over-a-construction-site-300x188.png 300w, https:\/\/hyperiondrones.com\/wp-content\/uploads\/2024\/04\/Drone-hovering-over-a-construction-site-768x480.png 768w\" sizes=\"(max-width: 800px) 100vw, 800px\" \/><\/figure>\n\n<\/div><\/div>\n<\/div>\n<\/div>\n<\/div>\n\n<div class=\"gb-container gb-container-158e2fee\">\n<div class=\"gb-container gb-container-0f4c6916\">\n<div class=\"gb-container gb-container-51fe6136 alignwide gb-container-a5b75a89\">\n\n<p class=\"gb-headline gb-headline-0e89eab8 gb-headline-text\">U obavljanju odre\u0111enih poslova \u010dovjek se jednostavno ne mo\u017ee mjeriti s efikasno\u0161\u0107u dronova.<\/p>\n\n<\/div>\n<\/div>\n<\/div>\n\n<div class=\"gb-container gb-container-62ab8109 gb-container-Container-section\">\n<div class=\"gb-container gb-container-07fdf760\">\n<div class=\"gb-grid-wrapper gb-grid-wrapper-2469585b\">\n<div class=\"gb-grid-column gb-grid-column-eb0130a8\"><div class=\"gb-container gb-container-eb0130a8\">\n\n<figure class=\"gb-block-image gb-block-image-54f38fbf\"><img decoding=\"async\" width=\"800\" height=\"500\" class=\"gb-image gb-image-54f38fbf\" src=\"http:\/\/hyperiondrones.com\/wp-content\/uploads\/2024\/04\/Drone-inspecting-building-process-of-a-construction.png\" alt=\"Drone inspecting building process of a construction\" title=\"Drone inspecting building process of a construction\" srcset=\"https:\/\/hyperiondrones.com\/wp-content\/uploads\/2024\/04\/Drone-inspecting-building-process-of-a-construction.png 800w, https:\/\/hyperiondrones.com\/wp-content\/uploads\/2024\/04\/Drone-inspecting-building-process-of-a-construction-600x375.png 600w, https:\/\/hyperiondrones.com\/wp-content\/uploads\/2024\/04\/Drone-inspecting-building-process-of-a-construction-300x188.png 300w, https:\/\/hyperiondrones.com\/wp-content\/uploads\/2024\/04\/Drone-inspecting-building-process-of-a-construction-768x480.png 768w\" sizes=\"(max-width: 800px) 100vw, 800px\" \/><\/figure>\n\n<\/div><\/div>\n\n<div class=\"gb-grid-column gb-grid-column-9013927d\"><div class=\"gb-container gb-container-9013927d\">\n<div class=\"gb-container gb-container-ab7e6534 gb-container-Underline-25-width\"><\/div>\n\n\n<h2 class=\"gb-headline gb-headline-b79a7390 gb-headline-text\">Brzi i sigurni pregledi objekata<\/h2>\n\n\n\n<p class=\"gb-headline gb-headline-7ef2efcf gb-headline-text\">Zamislite periodi\u010dki pregled velikog mosta ne kojem je potrebno snimiti stanje nosivih elemenata \u0161to bi podrazumijevalo dokumentaciju stanja svakog vijka na nosivoj konstrukciji.<\/p>\n\n\n\n<p class=\"gb-headline gb-headline-44f8cff0 gb-headline-text\">Dana\u0161nja tehnologija i mogu\u0107nosti dronova omogu\u0107avaju da se taj posao odradi jako brzo i sigurno i to \u010dak iz udobnosti ureda ili vozila snimaju\u0107i pri tom svaki detalj.<\/p>\n\n\n\n<p class=\"gb-headline gb-headline-ab08050c gb-headline-text\">Prakti\u010dki bilo gdje, gdje je potrebno snimiti i dokumentirati odre\u0111eni objekt\/element\/zgradu kako bi se utvrdilo njeno stanje\/svojstvo, dronovi su postali nezamjenjivi alat.<\/p>\n\n<\/div><\/div>\n<\/div>\n<\/div>\n<\/div>\n\n<div class=\"gb-container gb-container-92b23c02 gb-container-Section-Bottom\">\n<div class=\"gb-container gb-container-896d774b alignwide gb-container-Container-Bottom\">\n\n<p class=\"gb-headline gb-headline-aaf14e78 gb-headline-text\">Za sve \u0161to vam padne napamet u domeni snimanja, gotovo sigurno postoji rje\u0161enje koriste\u0107i dronove.<\/p>\n\n\n\n<p class=\"gb-headline gb-headline-c1c0e195 gb-headline-text\">Po\u010dev\u0161i od snimanje nultog stanja, izrade 3D modela i oblaka to\u010daka i ortofota do tra\u017eenja nedostataka i oslabljenja u materijalu, pronala\u017eenja mikropukotina i toplinskih mostova, vizualne inspekcije elemenata ili podru\u010dja od interesa, nadzora radova te jo\u0161 mnogo toga.<\/p>\n\n\n\n<a class=\"gb-button gb-button-235bd7c3 gb-button-text gb-button-Button\" href=\"https:\/\/hyperiondrones.com\/hr\/kontakt\/\">Kontaktirajte nas<\/a>\n\n<\/div>\n<\/div>\n<\/div>","protected":false},"excerpt":{"rendered":"<p>U obavljanju odre\u0111enih poslova \u010dovjek se jednostavno ne mo\u017ee mjeriti s efikasno\u0161\u0107u dronova. Za sve \u0161to vam padne napamet u domeni snimanja, gotovo sigurno postoji rje\u0161enje koriste\u0107i dronove. Po\u010dev\u0161i od &#8230; <a title=\"Pregled infrastrukture\" class=\"read-more\" href=\"https:\/\/hyperiondrones.com\/hr\/pregled-infrastrukture\/\" aria-label=\"Read more about Pregled infrastrukture\">Read more<\/a><\/p>\n","protected":false},"author":2,"featured_media":0,"parent":0,"menu_order":0,"comment_status":"closed","ping_status":"closed","template":"","meta":{"_acf_changed":false,"footnotes":""},"class_list":["post-5583","page","type-page","status-publish"],"acf":[],"yoast_head":"<!-- This site is optimized with the Yoast SEO plugin v27.4 - https:\/\/yoast.com\/product\/yoast-seo-wordpress\/ -->\n<title>Pregled infrastrukture - Hyperion Drones<\/title>\n<meta name=\"robots\" content=\"index, follow, max-snippet:-1, max-image-preview:large, max-video-preview:-1\" \/>\n<link rel=\"canonical\" href=\"https:\/\/hyperiondrones.com\/hr\/pregled-infrastrukture\/\" \/>\n<meta property=\"og:locale\" content=\"hr_HR\" \/>\n<meta property=\"og:type\" content=\"article\" \/>\n<meta property=\"og:title\" content=\"Pregled infrastrukture - Hyperion Drones\" \/>\n<meta property=\"og:description\" content=\"U obavljanju odre\u0111enih poslova \u010dovjek se jednostavno ne mo\u017ee mjeriti s efikasno\u0161\u0107u dronova. Za sve \u0161to vam padne napamet u domeni snimanja, gotovo sigurno postoji rje\u0161enje koriste\u0107i dronove. Po\u010dev\u0161i od ... Read more\" \/>\n<meta property=\"og:url\" content=\"https:\/\/hyperiondrones.com\/hr\/pregled-infrastrukture\/\" \/>\n<meta property=\"og:site_name\" content=\"Hyperion Drones\" \/>\n<meta property=\"article:modified_time\" content=\"2024-04-19T13:31:37+00:00\" \/>\n<meta property=\"og:image\" content=\"http:\/\/hyperiondrones.com\/wp-content\/uploads\/2024\/04\/Drone-hovering-over-a-construction-site.png\" \/>\n<meta name=\"twitter:card\" content=\"summary_large_image\" \/>\n<meta name=\"twitter:label1\" content=\"Procijenjeno vrijeme \u010ditanja\" \/>\n\t<meta name=\"twitter:data1\" content=\"1 minuta\" \/>\n<script type=\"application\/ld+json\" class=\"yoast-schema-graph\">{\"@context\":\"https:\\\/\\\/schema.org\",\"@graph\":[{\"@type\":\"WebPage\",\"@id\":\"https:\\\/\\\/hyperiondrones.com\\\/hr\\\/pregled-infrastrukture\\\/\",\"url\":\"https:\\\/\\\/hyperiondrones.com\\\/hr\\\/pregled-infrastrukture\\\/\",\"name\":\"Pregled infrastrukture - Hyperion Drones\",\"isPartOf\":{\"@id\":\"https:\\\/\\\/hyperiondrones.com\\\/hr\\\/#website\"},\"primaryImageOfPage\":{\"@id\":\"https:\\\/\\\/hyperiondrones.com\\\/hr\\\/pregled-infrastrukture\\\/#primaryimage\"},\"image\":{\"@id\":\"https:\\\/\\\/hyperiondrones.com\\\/hr\\\/pregled-infrastrukture\\\/#primaryimage\"},\"thumbnailUrl\":\"http:\\\/\\\/hyperiondrones.com\\\/wp-content\\\/uploads\\\/2024\\\/04\\\/Drone-hovering-over-a-construction-site.png\",\"datePublished\":\"2024-04-19T07:42:03+00:00\",\"dateModified\":\"2024-04-19T13:31:37+00:00\",\"breadcrumb\":{\"@id\":\"https:\\\/\\\/hyperiondrones.com\\\/hr\\\/pregled-infrastrukture\\\/#breadcrumb\"},\"inLanguage\":\"hr\",\"potentialAction\":[{\"@type\":\"ReadAction\",\"target\":[\"https:\\\/\\\/hyperiondrones.com\\\/hr\\\/pregled-infrastrukture\\\/\"]}]},{\"@type\":\"ImageObject\",\"inLanguage\":\"hr\",\"@id\":\"https:\\\/\\\/hyperiondrones.com\\\/hr\\\/pregled-infrastrukture\\\/#primaryimage\",\"url\":\"http:\\\/\\\/hyperiondrones.com\\\/wp-content\\\/uploads\\\/2024\\\/04\\\/Drone-hovering-over-a-construction-site.png\",\"contentUrl\":\"http:\\\/\\\/hyperiondrones.com\\\/wp-content\\\/uploads\\\/2024\\\/04\\\/Drone-hovering-over-a-construction-site.png\"},{\"@type\":\"BreadcrumbList\",\"@id\":\"https:\\\/\\\/hyperiondrones.com\\\/hr\\\/pregled-infrastrukture\\\/#breadcrumb\",\"itemListElement\":[{\"@type\":\"ListItem\",\"position\":1,\"name\":\"Naslovna\",\"item\":\"https:\\\/\\\/hyperiondrones.com\\\/hr\\\/\"},{\"@type\":\"ListItem\",\"position\":2,\"name\":\"Pregled infrastrukture\"}]},{\"@type\":\"WebSite\",\"@id\":\"https:\\\/\\\/hyperiondrones.com\\\/hr\\\/#website\",\"url\":\"https:\\\/\\\/hyperiondrones.com\\\/hr\\\/\",\"name\":\"Hyperion Drones\",\"description\":\"Knowledge From Above\",\"publisher\":{\"@id\":\"https:\\\/\\\/hyperiondrones.com\\\/hr\\\/#organization\"},\"potentialAction\":[{\"@type\":\"SearchAction\",\"target\":{\"@type\":\"EntryPoint\",\"urlTemplate\":\"https:\\\/\\\/hyperiondrones.com\\\/hr\\\/?s={search_term_string}\"},\"query-input\":{\"@type\":\"PropertyValueSpecification\",\"valueRequired\":true,\"valueName\":\"search_term_string\"}}],\"inLanguage\":\"hr\"},{\"@type\":\"Organization\",\"@id\":\"https:\\\/\\\/hyperiondrones.com\\\/hr\\\/#organization\",\"name\":\"Hyperion Drones\",\"url\":\"https:\\\/\\\/hyperiondrones.com\\\/hr\\\/\",\"logo\":{\"@type\":\"ImageObject\",\"inLanguage\":\"hr\",\"@id\":\"https:\\\/\\\/hyperiondrones.com\\\/hr\\\/#\\\/schema\\\/logo\\\/image\\\/\",\"url\":\"https:\\\/\\\/hyperiondrones.com\\\/wp-content\\\/uploads\\\/2023\\\/10\\\/Prva-verzija-crni-novi.svg\",\"contentUrl\":\"https:\\\/\\\/hyperiondrones.com\\\/wp-content\\\/uploads\\\/2023\\\/10\\\/Prva-verzija-crni-novi.svg\",\"width\":400,\"height\":125,\"caption\":\"Hyperion Drones\"},\"image\":{\"@id\":\"https:\\\/\\\/hyperiondrones.com\\\/hr\\\/#\\\/schema\\\/logo\\\/image\\\/\"}}]}<\/script>\n<!-- \/ Yoast SEO plugin. -->","yoast_head_json":{"title":"Pregled infrastrukture - Hyperion Drones","robots":{"index":"index","follow":"follow","max-snippet":"max-snippet:-1","max-image-preview":"max-image-preview:large","max-video-preview":"max-video-preview:-1"},"canonical":"https:\/\/hyperiondrones.com\/hr\/pregled-infrastrukture\/","og_locale":"hr_HR","og_type":"article","og_title":"Pregled infrastrukture - Hyperion Drones","og_description":"U obavljanju odre\u0111enih poslova \u010dovjek se jednostavno ne mo\u017ee mjeriti s efikasno\u0161\u0107u dronova. Za sve \u0161to vam padne napamet u domeni snimanja, gotovo sigurno postoji rje\u0161enje koriste\u0107i dronove. Po\u010dev\u0161i od ... Read more","og_url":"https:\/\/hyperiondrones.com\/hr\/pregled-infrastrukture\/","og_site_name":"Hyperion Drones","article_modified_time":"2024-04-19T13:31:37+00:00","og_image":[{"url":"http:\/\/hyperiondrones.com\/wp-content\/uploads\/2024\/04\/Drone-hovering-over-a-construction-site.png","type":"","width":"","height":""}],"twitter_card":"summary_large_image","twitter_misc":{"Procijenjeno vrijeme \u010ditanja":"1 minuta"},"schema":{"@context":"https:\/\/schema.org","@graph":[{"@type":"WebPage","@id":"https:\/\/hyperiondrones.com\/hr\/pregled-infrastrukture\/","url":"https:\/\/hyperiondrones.com\/hr\/pregled-infrastrukture\/","name":"Pregled infrastrukture - Hyperion Drones","isPartOf":{"@id":"https:\/\/hyperiondrones.com\/hr\/#website"},"primaryImageOfPage":{"@id":"https:\/\/hyperiondrones.com\/hr\/pregled-infrastrukture\/#primaryimage"},"image":{"@id":"https:\/\/hyperiondrones.com\/hr\/pregled-infrastrukture\/#primaryimage"},"thumbnailUrl":"http:\/\/hyperiondrones.com\/wp-content\/uploads\/2024\/04\/Drone-hovering-over-a-construction-site.png","datePublished":"2024-04-19T07:42:03+00:00","dateModified":"2024-04-19T13:31:37+00:00","breadcrumb":{"@id":"https:\/\/hyperiondrones.com\/hr\/pregled-infrastrukture\/#breadcrumb"},"inLanguage":"hr","potentialAction":[{"@type":"ReadAction","target":["https:\/\/hyperiondrones.com\/hr\/pregled-infrastrukture\/"]}]},{"@type":"ImageObject","inLanguage":"hr","@id":"https:\/\/hyperiondrones.com\/hr\/pregled-infrastrukture\/#primaryimage","url":"http:\/\/hyperiondrones.com\/wp-content\/uploads\/2024\/04\/Drone-hovering-over-a-construction-site.png","contentUrl":"http:\/\/hyperiondrones.com\/wp-content\/uploads\/2024\/04\/Drone-hovering-over-a-construction-site.png"},{"@type":"BreadcrumbList","@id":"https:\/\/hyperiondrones.com\/hr\/pregled-infrastrukture\/#breadcrumb","itemListElement":[{"@type":"ListItem","position":1,"name":"Naslovna","item":"https:\/\/hyperiondrones.com\/hr\/"},{"@type":"ListItem","position":2,"name":"Pregled infrastrukture"}]},{"@type":"WebSite","@id":"https:\/\/hyperiondrones.com\/hr\/#website","url":"https:\/\/hyperiondrones.com\/hr\/","name":"Hyperion Drones","description":"Knowledge From Above","publisher":{"@id":"https:\/\/hyperiondrones.com\/hr\/#organization"},"potentialAction":[{"@type":"SearchAction","target":{"@type":"EntryPoint","urlTemplate":"https:\/\/hyperiondrones.com\/hr\/?s={search_term_string}"},"query-input":{"@type":"PropertyValueSpecification","valueRequired":true,"valueName":"search_term_string"}}],"inLanguage":"hr"},{"@type":"Organization","@id":"https:\/\/hyperiondrones.com\/hr\/#organization","name":"Hyperion Drones","url":"https:\/\/hyperiondrones.com\/hr\/","logo":{"@type":"ImageObject","inLanguage":"hr","@id":"https:\/\/hyperiondrones.com\/hr\/#\/schema\/logo\/image\/","url":"https:\/\/hyperiondrones.com\/wp-content\/uploads\/2023\/10\/Prva-verzija-crni-novi.svg","contentUrl":"https:\/\/hyperiondrones.com\/wp-content\/uploads\/2023\/10\/Prva-verzija-crni-novi.svg","width":400,"height":125,"caption":"Hyperion Drones"},"image":{"@id":"https:\/\/hyperiondrones.com\/hr\/#\/schema\/logo\/image\/"}}]}},"_links":{"self":[{"href":"https:\/\/hyperiondrones.com\/hr\/wp-json\/wp\/v2\/pages\/5583","targetHints":{"allow":["GET"]}}],"collection":[{"href":"https:\/\/hyperiondrones.com\/hr\/wp-json\/wp\/v2\/pages"}],"about":[{"href":"https:\/\/hyperiondrones.com\/hr\/wp-json\/wp\/v2\/types\/page"}],"author":[{"embeddable":true,"href":"https:\/\/hyperiondrones.com\/hr\/wp-json\/wp\/v2\/users\/2"}],"replies":[{"embeddable":true,"href":"https:\/\/hyperiondrones.com\/hr\/wp-json\/wp\/v2\/comments?post=5583"}],"version-history":[{"count":0,"href":"https:\/\/hyperiondrones.com\/hr\/wp-json\/wp\/v2\/pages\/5583\/revisions"}],"wp:attachment":[{"href":"https:\/\/hyperiondrones.com\/hr\/wp-json\/wp\/v2\/media?parent=5583"}],"curies":[{"name":"wp","href":"https:\/\/api.w.org\/{rel}","templated":true}]}}