{"id":5838,"date":"2025-11-11T10:36:58","date_gmt":"2025-11-11T09:36:58","guid":{"rendered":"https:\/\/hyperiondrones.com\/?post_type=product&#038;p=5838"},"modified":"2025-11-14T13:20:36","modified_gmt":"2025-11-14T12:20:36","slug":"osnove-upravljanja-dronovima","status":"publish","type":"product","link":"https:\/\/hyperiondrones.com\/hr\/proizvod\/osnove-upravljanja-dronovima\/","title":{"rendered":"Osnove upravljanja dronovima"},"content":{"rendered":"<p data-start=\"0\" data-end=\"380\">Ovaj edukativni event osmi\u0161ljen je kao cjelovito iskustvo u\u010denja koje polaznicima pru\u017ea kombinaciju teorijskih temelja, prakti\u010dnih primjera i primjenjivih metoda rada. Tijekom programa sudionici \u0107e kroz jasno strukturirane module u\u010diti korak po korak, uz detaljna obja\u0161njenja, demonstracije i vo\u0111ene vje\u017ebe koje omogu\u0107uju lak\u0161e usvajanje sadr\u017eaja bez obzira na prethodno iskustvo.<\/p>\n<p data-start=\"382\" data-end=\"755\">Poseban naglasak stavlja se na prakti\u010dnost i primjenjivost znanja u stvarnim situacijama, pa svaki dio programa zavr\u0161ava konkretnim zadatkom ili primjerom koji poma\u017ee u\u010dvrstiti nau\u010deno. Sudionicima je omogu\u0107eno postavljanje individualnih pitanja, dobivanje povratnih informacija i sudjelovanje u kratkim interaktivnim raspravama koje dodatno produbljuju razumijevanje teme.<\/p>\n<p data-start=\"757\" data-end=\"1079\" data-is-last-node=\"\" data-is-only-node=\"\">Program je prikladan i za po\u010detnike i za naprednije polaznike, a osmi\u0161ljen je tako da svatko mo\u017ee napredovati vlastitim tempom. Cilj eventa je pru\u017eiti jasno, prakti\u010dno i motiviraju\u0107e iskustvo koje polaznicima ostavlja stvarnu vrijednost, nova znanja i konkretne alate koje mogu primijeniti odmah nakon zavr\u0161etka radionice.<\/p>\n","protected":false},"excerpt":{"rendered":"<p>Ovaj edukativni event osmi\u0161ljen je kao cjelovito iskustvo u\u010denja koje polaznicima pru\u017ea kombinaciju teorijskih temelja, prakti\u010dnih primjera i primjenjivih metoda rada. Tijekom programa sudionici \u0107e kroz jasno strukturirane module u\u010diti &#8230; <a title=\"Osnove upravljanja dronovima\" class=\"read-more\" href=\"https:\/\/hyperiondrones.com\/hr\/proizvod\/osnove-upravljanja-dronovima\/\" aria-label=\"Read more about Osnove upravljanja dronovima\">Read more<\/a><\/p>\n","protected":false},"featured_media":5856,"template":"","meta":{"_acf_changed":false},"product_brand":[],"product_cat":[35],"product_tag":[],"class_list":{"0":"post-5838","1":"product","2":"type-product","3":"status-publish","4":"has-post-thumbnail","6":"product_cat-edukacije","7":"resize-featured-image","8":"sales-flash-overlay","9":"woocommerce-text-align-center","10":"woocommerce-image-align-center","11":"do-quantity-buttons","12":"wc-has-gallery","14":"first","15":"instock","16":"sale","17":"downloadable","18":"virtual","19":"taxable","20":"purchasable","21":"product-type-simple"},"acf":[],"yoast_head":"<!-- This site is optimized with the Yoast SEO plugin v27.3 - https:\/\/yoast.com\/product\/yoast-seo-wordpress\/ -->\n<title>Osnove upravljanja dronovima - Hyperion Drones<\/title>\n<meta name=\"robots\" content=\"noindex, follow\" \/>\n<meta property=\"og:locale\" content=\"hr_HR\" \/>\n<meta property=\"og:type\" content=\"article\" \/>\n<meta property=\"og:title\" content=\"Osnove upravljanja dronovima - Hyperion Drones\" \/>\n<meta property=\"og:description\" content=\"Ovaj edukativni event osmi\u0161ljen je kao cjelovito iskustvo u\u010denja koje polaznicima pru\u017ea kombinaciju teorijskih temelja, prakti\u010dnih primjera i primjenjivih metoda rada. Tijekom programa sudionici \u0107e kroz jasno strukturirane module u\u010diti ... Read more\" \/>\n<meta property=\"og:url\" content=\"https:\/\/hyperiondrones.com\/hr\/proizvod\/osnove-upravljanja-dronovima\/\" \/>\n<meta property=\"og:site_name\" content=\"Hyperion Drones\" \/>\n<meta property=\"article:modified_time\" content=\"2025-11-14T12:20:36+00:00\" \/>\n<meta property=\"og:image\" content=\"https:\/\/hyperiondrones.com\/wp-content\/uploads\/2025\/11\/Drone-1.jpg\" \/>\n\t<meta property=\"og:image:width\" content=\"800\" \/>\n\t<meta property=\"og:image:height\" content=\"800\" \/>\n\t<meta property=\"og:image:type\" content=\"image\/jpeg\" \/>\n<meta name=\"twitter:card\" content=\"summary_large_image\" \/>\n<meta name=\"twitter:label1\" content=\"Procijenjeno vrijeme \u010ditanja\" \/>\n\t<meta name=\"twitter:data1\" content=\"1 minuta\" \/>\n<script type=\"application\/ld+json\" class=\"yoast-schema-graph\">{\"@context\":\"https:\\\/\\\/schema.org\",\"@graph\":[{\"@type\":\"WebPage\",\"@id\":\"https:\\\/\\\/hyperiondrones.com\\\/hr\\\/proizvod\\\/osnove-upravljanja-dronovima\\\/\",\"url\":\"https:\\\/\\\/hyperiondrones.com\\\/hr\\\/proizvod\\\/osnove-upravljanja-dronovima\\\/\",\"name\":\"Osnove upravljanja dronovima - Hyperion Drones\",\"isPartOf\":{\"@id\":\"https:\\\/\\\/hyperiondrones.com\\\/hr\\\/#website\"},\"primaryImageOfPage\":{\"@id\":\"https:\\\/\\\/hyperiondrones.com\\\/hr\\\/proizvod\\\/osnove-upravljanja-dronovima\\\/#primaryimage\"},\"image\":{\"@id\":\"https:\\\/\\\/hyperiondrones.com\\\/hr\\\/proizvod\\\/osnove-upravljanja-dronovima\\\/#primaryimage\"},\"thumbnailUrl\":\"https:\\\/\\\/hyperiondrones.com\\\/wp-content\\\/uploads\\\/2025\\\/11\\\/Drone-1.jpg\",\"datePublished\":\"2025-11-11T09:36:58+00:00\",\"dateModified\":\"2025-11-14T12:20:36+00:00\",\"breadcrumb\":{\"@id\":\"https:\\\/\\\/hyperiondrones.com\\\/hr\\\/proizvod\\\/osnove-upravljanja-dronovima\\\/#breadcrumb\"},\"inLanguage\":\"hr\",\"potentialAction\":[{\"@type\":\"ReadAction\",\"target\":[\"https:\\\/\\\/hyperiondrones.com\\\/hr\\\/proizvod\\\/osnove-upravljanja-dronovima\\\/\"]}]},{\"@type\":\"ImageObject\",\"inLanguage\":\"hr\",\"@id\":\"https:\\\/\\\/hyperiondrones.com\\\/hr\\\/proizvod\\\/osnove-upravljanja-dronovima\\\/#primaryimage\",\"url\":\"https:\\\/\\\/hyperiondrones.com\\\/wp-content\\\/uploads\\\/2025\\\/11\\\/Drone-1.jpg\",\"contentUrl\":\"https:\\\/\\\/hyperiondrones.com\\\/wp-content\\\/uploads\\\/2025\\\/11\\\/Drone-1.jpg\",\"width\":800,\"height\":800,\"caption\":\"Drone 1\"},{\"@type\":\"BreadcrumbList\",\"@id\":\"https:\\\/\\\/hyperiondrones.com\\\/hr\\\/proizvod\\\/osnove-upravljanja-dronovima\\\/#breadcrumb\",\"itemListElement\":[{\"@type\":\"ListItem\",\"position\":1,\"name\":\"Naslovna\",\"item\":\"https:\\\/\\\/hyperiondrones.com\\\/hr\\\/\"},{\"@type\":\"ListItem\",\"position\":2,\"name\":\"Trgovina\",\"item\":\"https:\\\/\\\/hyperiondrones.com\\\/hr\\\/trgovina\\\/\"},{\"@type\":\"ListItem\",\"position\":3,\"name\":\"Edukacije\",\"item\":\"https:\\\/\\\/hyperiondrones.com\\\/hr\\\/kategorija-proizvoda\\\/edukacije\\\/\"},{\"@type\":\"ListItem\",\"position\":4,\"name\":\"Osnove upravljanja dronovima\"}]},{\"@type\":\"WebSite\",\"@id\":\"https:\\\/\\\/hyperiondrones.com\\\/hr\\\/#website\",\"url\":\"https:\\\/\\\/hyperiondrones.com\\\/hr\\\/\",\"name\":\"Hyperion Drones\",\"description\":\"Knowledge From Above\",\"publisher\":{\"@id\":\"https:\\\/\\\/hyperiondrones.com\\\/hr\\\/#organization\"},\"potentialAction\":[{\"@type\":\"SearchAction\",\"target\":{\"@type\":\"EntryPoint\",\"urlTemplate\":\"https:\\\/\\\/hyperiondrones.com\\\/hr\\\/?s={search_term_string}\"},\"query-input\":{\"@type\":\"PropertyValueSpecification\",\"valueRequired\":true,\"valueName\":\"search_term_string\"}}],\"inLanguage\":\"hr\"},{\"@type\":\"Organization\",\"@id\":\"https:\\\/\\\/hyperiondrones.com\\\/hr\\\/#organization\",\"name\":\"Hyperion Drones\",\"url\":\"https:\\\/\\\/hyperiondrones.com\\\/hr\\\/\",\"logo\":{\"@type\":\"ImageObject\",\"inLanguage\":\"hr\",\"@id\":\"https:\\\/\\\/hyperiondrones.com\\\/hr\\\/#\\\/schema\\\/logo\\\/image\\\/\",\"url\":\"https:\\\/\\\/hyperiondrones.com\\\/wp-content\\\/uploads\\\/2023\\\/10\\\/Prva-verzija-crni-novi.svg\",\"contentUrl\":\"https:\\\/\\\/hyperiondrones.com\\\/wp-content\\\/uploads\\\/2023\\\/10\\\/Prva-verzija-crni-novi.svg\",\"width\":400,\"height\":125,\"caption\":\"Hyperion Drones\"},\"image\":{\"@id\":\"https:\\\/\\\/hyperiondrones.com\\\/hr\\\/#\\\/schema\\\/logo\\\/image\\\/\"}}]}<\/script>\n<!-- \/ Yoast SEO plugin. -->","yoast_head_json":{"title":"Osnove upravljanja dronovima - Hyperion Drones","robots":{"index":"noindex","follow":"follow"},"og_locale":"hr_HR","og_type":"article","og_title":"Osnove upravljanja dronovima - Hyperion Drones","og_description":"Ovaj edukativni event osmi\u0161ljen je kao cjelovito iskustvo u\u010denja koje polaznicima pru\u017ea kombinaciju teorijskih temelja, prakti\u010dnih primjera i primjenjivih metoda rada. Tijekom programa sudionici \u0107e kroz jasno strukturirane module u\u010diti ... Read more","og_url":"https:\/\/hyperiondrones.com\/hr\/proizvod\/osnove-upravljanja-dronovima\/","og_site_name":"Hyperion Drones","article_modified_time":"2025-11-14T12:20:36+00:00","og_image":[{"width":800,"height":800,"url":"https:\/\/hyperiondrones.com\/wp-content\/uploads\/2025\/11\/Drone-1.jpg","type":"image\/jpeg"}],"twitter_card":"summary_large_image","twitter_misc":{"Procijenjeno vrijeme \u010ditanja":"1 minuta"},"schema":{"@context":"https:\/\/schema.org","@graph":[{"@type":"WebPage","@id":"https:\/\/hyperiondrones.com\/hr\/proizvod\/osnove-upravljanja-dronovima\/","url":"https:\/\/hyperiondrones.com\/hr\/proizvod\/osnove-upravljanja-dronovima\/","name":"Osnove upravljanja dronovima - Hyperion Drones","isPartOf":{"@id":"https:\/\/hyperiondrones.com\/hr\/#website"},"primaryImageOfPage":{"@id":"https:\/\/hyperiondrones.com\/hr\/proizvod\/osnove-upravljanja-dronovima\/#primaryimage"},"image":{"@id":"https:\/\/hyperiondrones.com\/hr\/proizvod\/osnove-upravljanja-dronovima\/#primaryimage"},"thumbnailUrl":"https:\/\/hyperiondrones.com\/wp-content\/uploads\/2025\/11\/Drone-1.jpg","datePublished":"2025-11-11T09:36:58+00:00","dateModified":"2025-11-14T12:20:36+00:00","breadcrumb":{"@id":"https:\/\/hyperiondrones.com\/hr\/proizvod\/osnove-upravljanja-dronovima\/#breadcrumb"},"inLanguage":"hr","potentialAction":[{"@type":"ReadAction","target":["https:\/\/hyperiondrones.com\/hr\/proizvod\/osnove-upravljanja-dronovima\/"]}]},{"@type":"ImageObject","inLanguage":"hr","@id":"https:\/\/hyperiondrones.com\/hr\/proizvod\/osnove-upravljanja-dronovima\/#primaryimage","url":"https:\/\/hyperiondrones.com\/wp-content\/uploads\/2025\/11\/Drone-1.jpg","contentUrl":"https:\/\/hyperiondrones.com\/wp-content\/uploads\/2025\/11\/Drone-1.jpg","width":800,"height":800,"caption":"Drone 1"},{"@type":"BreadcrumbList","@id":"https:\/\/hyperiondrones.com\/hr\/proizvod\/osnove-upravljanja-dronovima\/#breadcrumb","itemListElement":[{"@type":"ListItem","position":1,"name":"Naslovna","item":"https:\/\/hyperiondrones.com\/hr\/"},{"@type":"ListItem","position":2,"name":"Trgovina","item":"https:\/\/hyperiondrones.com\/hr\/trgovina\/"},{"@type":"ListItem","position":3,"name":"Edukacije","item":"https:\/\/hyperiondrones.com\/hr\/kategorija-proizvoda\/edukacije\/"},{"@type":"ListItem","position":4,"name":"Osnove upravljanja dronovima"}]},{"@type":"WebSite","@id":"https:\/\/hyperiondrones.com\/hr\/#website","url":"https:\/\/hyperiondrones.com\/hr\/","name":"Hyperion Drones","description":"Knowledge From Above","publisher":{"@id":"https:\/\/hyperiondrones.com\/hr\/#organization"},"potentialAction":[{"@type":"SearchAction","target":{"@type":"EntryPoint","urlTemplate":"https:\/\/hyperiondrones.com\/hr\/?s={search_term_string}"},"query-input":{"@type":"PropertyValueSpecification","valueRequired":true,"valueName":"search_term_string"}}],"inLanguage":"hr"},{"@type":"Organization","@id":"https:\/\/hyperiondrones.com\/hr\/#organization","name":"Hyperion Drones","url":"https:\/\/hyperiondrones.com\/hr\/","logo":{"@type":"ImageObject","inLanguage":"hr","@id":"https:\/\/hyperiondrones.com\/hr\/#\/schema\/logo\/image\/","url":"https:\/\/hyperiondrones.com\/wp-content\/uploads\/2023\/10\/Prva-verzija-crni-novi.svg","contentUrl":"https:\/\/hyperiondrones.com\/wp-content\/uploads\/2023\/10\/Prva-verzija-crni-novi.svg","width":400,"height":125,"caption":"Hyperion Drones"},"image":{"@id":"https:\/\/hyperiondrones.com\/hr\/#\/schema\/logo\/image\/"}}]}},"_links":{"self":[{"href":"https:\/\/hyperiondrones.com\/hr\/wp-json\/wp\/v2\/product\/5838","targetHints":{"allow":["GET"]}}],"collection":[{"href":"https:\/\/hyperiondrones.com\/hr\/wp-json\/wp\/v2\/product"}],"about":[{"href":"https:\/\/hyperiondrones.com\/hr\/wp-json\/wp\/v2\/types\/product"}],"wp:featuredmedia":[{"embeddable":true,"href":"https:\/\/hyperiondrones.com\/hr\/wp-json\/wp\/v2\/media\/5856"}],"wp:attachment":[{"href":"https:\/\/hyperiondrones.com\/hr\/wp-json\/wp\/v2\/media?parent=5838"}],"wp:term":[{"taxonomy":"product_brand","embeddable":true,"href":"https:\/\/hyperiondrones.com\/hr\/wp-json\/wp\/v2\/product_brand?post=5838"},{"taxonomy":"product_cat","embeddable":true,"href":"https:\/\/hyperiondrones.com\/hr\/wp-json\/wp\/v2\/product_cat?post=5838"},{"taxonomy":"product_tag","embeddable":true,"href":"https:\/\/hyperiondrones.com\/hr\/wp-json\/wp\/v2\/product_tag?post=5838"}],"curies":[{"name":"wp","href":"https:\/\/api.w.org\/{rel}","templated":true}]}}